{"id":36442,"date":"2025-07-30T23:54:00","date_gmt":"2025-07-30T21:54:00","guid":{"rendered":"https:\/\/www.ibagsbelts.com\/tienda\/?post_type=product&#038;p=36442"},"modified":"2026-03-08T21:20:09","modified_gmt":"2026-03-08T20:20:09","slug":"monederos-de-piel-italiana-animal-print-leopardo","status":"publish","type":"product","link":"https:\/\/www.ibagsbelts.com\/tienda\/producto\/monederos-de-piel-italiana-animal-print-leopardo\/","title":{"rendered":"Monederos de piel italiana animal print Leopardo"},"content":{"rendered":"<p style=\"text-align: left;\">\u00a1Dale un toque de glamour a tu estilo con nuestro monedero mini de piel hecho en Italia! Este encantador accesorio est\u00e1 confeccionado en piel que le confiere un acabado de excelente calidad, perfecto para a\u00f1adir un brillo sutil pero llamativo a tu look.<\/p>\n<p style=\"text-align: left;\">El monedero esta confeccionada en piel estampada leopardo y cierre de cremallera asegura la seguridad de tus pertenencias mientras a\u00f1ade un elemento decorativo al dise\u00f1o del monedero.<\/p>\n<p style=\"text-align: left;\">En su interior cuenta con un mini bolsillo de cremallera interno y otro para organizaci\u00f3n \u00f3ptima.<\/p>\n<p style=\"text-align: left;\">Los colores vibrante a\u00f1ade un toque de frescura y feminidad, haci\u00e9ndolo el complemento perfecto para cualquier ocasi\u00f3n.<\/p>\n<p style=\"text-align: left;\">Con su tama\u00f1o compacto, este monedero es ideal para llevarlo contigo en tus salidas diarias, ya sea en tu bolso o simplemente en la mano. \u00a1Destaca con estilo y funcionalidad con nuestro monedero mini de piel!<\/p>\n<p class=\"markdown prose w-full break-words dark:prose-invert light\" style=\"text-align: left;\">Medidas:\u00a0 8 cm de alto X 10,5 cm de largo X 3 cm de grosor.<\/p>\n<p class=\"markdown prose w-full break-words dark:prose-invert light\" style=\"text-align: left;\"><strong>Aviso importante<\/strong><\/p>\n<p class=\"markdown prose w-full break-words dark:prose-invert light\" style=\"text-align: left;\">Todos nuestros productos de cuero est\u00e1n hechos a mano y su nueva bolsa de cuero puede estar sujeta a una variaci\u00f3n natural en tama\u00f1o y color.<br \/>\nPara los tama\u00f1os, permita 1-2 cm difiere debido a la medida manual.<br \/>\nLas im\u00e1genes son 100% reales.<br \/>\nDebido al monitor del ordenador y el brillo real de la toma y otras razones, habr\u00e1 una cierta diferencia de color.<\/p>\n<!-- AddThis Advanced Settings generic via filter on the_content --><!-- AddThis Share Buttons generic via filter on the_content -->","protected":false},"excerpt":{"rendered":"<p style=\"text-align: left;\">\u00a1Dale un toque de glamour a tu estilo con nuestro monedero mini de piel hecho en Italia! Este encantador accesorio est\u00e1 confeccionado en piel que le confiere un acabado de excelente calidad, perfecto para a\u00f1adir un brillo sutil pero llamativo a tu look.<\/p>\n<p style=\"text-align: left;\">El monedero esta confeccionada en piel con el frontal de pelo y cierre de cremallera asegura la seguridad de tus pertenencias mientras a\u00f1ade un elemento decorativo al dise\u00f1o del monedero.<\/p>\n<p style=\"text-align: left;\">Con su tama\u00f1o compacto, este monedero es ideal para llevarlo contigo en tus salidas diarias, ya sea en tu bolso o simplemente en la mano. \u00a1Destaca con estilo y funcionalidad con nuestro monedero mini de piel!<\/p>\n<p class=\"markdown prose w-full break-words dark:prose-invert light\" style=\"text-align: left;\">Medidas: \u00a013 cm de alto X 10 cm de largo X 3 cm de grosor.<\/p>\n<h5 style=\"text-align: center;\"><b>\u00bfAlguna duda? Ponte en contacto con nosotros a trav\u00e9s del bot\u00f3n del chat directo por WhatsApp y te resolveremos las dudas al instante!<\/b><\/h5>\n<p><!-- AddThis Advanced Settings generic via filter on get_the_excerpt --><!-- AddThis Share Buttons generic via filter on get_the_excerpt --><\/p>\n","protected":false},"featured_media":36456,"comment_status":"open","ping_status":"closed","template":"","meta":{"om_disable_all_campaigns":false,"_monsterinsights_skip_tracking":false,"_monsterinsights_sitenote_active":false,"_monsterinsights_sitenote_note":"","_monsterinsights_sitenote_category":0,"_uf_show_specific_survey":0,"_uf_disable_surveys":false},"product_brand":[1217],"product_cat":[1300],"product_tag":[1135,1054,1026,1096,314,823,317,885,753,744,746,1169,873,1102],"class_list":{"0":"post-36442","1":"product","2":"type-product","3":"status-publish","4":"has-post-thumbnail","6":"product_brand-ibags-belts","7":"product_cat-mini-carteras","8":"product_tag-accesorios-y-complementos","9":"product_tag-animal","10":"product_tag-animal-print","11":"product_tag-artesania","12":"product_tag-bolso-cuero-pelo-vaca","13":"product_tag-bolso-piel","14":"product_tag-bolsos-cuero-potro","15":"product_tag-cartera","16":"product_tag-complementos-de-cuero","17":"product_tag-estilo-bohochic","18":"product_tag-estilo-hippiechic","19":"product_tag-monedas","20":"product_tag-monedero","21":"product_tag-piel","23":"first","24":"instock","25":"shipping-taxable","26":"purchasable","27":"product-type-variable","28":"add-to-wishlist-after_add_to_cart","29":"layout-style-1","30":"col-md-4 col-sm-4 col-xs-6","31":"col-lg-3","32":"product-has-gallery","33":"product-style-default"},"aioseo_notices":[],"_links":{"self":[{"href":"https:\/\/www.ibagsbelts.com\/tienda\/wp-json\/wp\/v2\/product\/36442","targetHints":{"allow":["GET"]}}],"collection":[{"href":"https:\/\/www.ibagsbelts.com\/tienda\/wp-json\/wp\/v2\/product"}],"about":[{"href":"https:\/\/www.ibagsbelts.com\/tienda\/wp-json\/wp\/v2\/types\/product"}],"replies":[{"embeddable":true,"href":"https:\/\/www.ibagsbelts.com\/tienda\/wp-json\/wp\/v2\/comments?post=36442"}],"wp:featuredmedia":[{"embeddable":true,"href":"https:\/\/www.ibagsbelts.com\/tienda\/wp-json\/wp\/v2\/media\/36456"}],"wp:attachment":[{"href":"https:\/\/www.ibagsbelts.com\/tienda\/wp-json\/wp\/v2\/media?parent=36442"}],"wp:term":[{"taxonomy":"product_brand","embeddable":true,"href":"https:\/\/www.ibagsbelts.com\/tienda\/wp-json\/wp\/v2\/product_brand?post=36442"},{"taxonomy":"product_cat","embeddable":true,"href":"https:\/\/www.ibagsbelts.com\/tienda\/wp-json\/wp\/v2\/product_cat?post=36442"},{"taxonomy":"product_tag","embeddable":true,"href":"https:\/\/www.ibagsbelts.com\/tienda\/wp-json\/wp\/v2\/product_tag?post=36442"}],"curies":[{"name":"wp","href":"https:\/\/api.w.org\/{rel}","templated":true}]}}