{"id":36510,"date":"2025-08-02T12:11:49","date_gmt":"2025-08-02T10:11:49","guid":{"rendered":"https:\/\/www.ibagsbelts.com\/tienda\/?post_type=product&#038;p=36510"},"modified":"2026-03-08T21:16:23","modified_gmt":"2026-03-08T20:16:23","slug":"bolso-bandolera-mostaza-de-cuero-liso-marisol","status":"publish","type":"product","link":"https:\/\/www.ibagsbelts.com\/tienda\/producto\/bolso-bandolera-mostaza-de-cuero-liso-marisol\/","title":{"rendered":"Bolso bandolera mostaza de cuero liso Marisol"},"content":{"rendered":"<p style=\"text-align: left;\">El compa\u00f1ero perfecto para el pr\u00f3ximo paseo por el parque.<\/p>\n<p style=\"text-align: left;\">El bolso de mano en piel, asas con anillos doradas y doble nudo, otra correa larga regulable, tiene espacio suficiente para lo indispensable en su interior como tu llaves, monedero y tu smartphone. Su estilo vintage hace que el bolso sea un compa\u00f1ero a temporal.<\/p>\n<p style=\"text-align: left;\">Se cierra mediante un cierre artesanal r\u00e1pido que tambi\u00e9n le da un aspecto vintage que te encantar\u00e1.<\/p>\n<p style=\"text-align: left;\">Forro y bolsillo interior<\/p>\n<p style=\"text-align: left;\"><strong>Aviso importante<\/strong><\/p>\n<p style=\"text-align: left;\">Todos nuestros productos de cuero est\u00e1n hechos a mano y su nueva bolsa de cuero puede estar sujeta a una variaci\u00f3n natural en tama\u00f1o y color.<br \/>\nPara los tama\u00f1os, permita 1-2 cm difiere debido a la medida manual.<br \/>\nLas im\u00e1genes son 100% reales.<br \/>\nDebido al monitor del ordenador y el brillo real de la toma y otras razones, habr\u00e1 una cierta diferencia de color.<\/p>\n<!-- AddThis Advanced Settings generic via filter on the_content --><!-- AddThis Share Buttons generic via filter on the_content -->","protected":false},"excerpt":{"rendered":"<p style=\"text-align: center;\">El compa\u00f1ero perfecto para el pr\u00f3ximo paseo por el parque.<\/p>\n<p style=\"text-align: center;\">El bolso de mano en piel, asas con anillos doradas y doble nudo, otra correa larga regulable, tiene espacio suficiente para lo indispensable en su interior como tu llaves, monedero y tu smartphone. Su estilo vintage hace que el bolso sea un compa\u00f1ero a temporal.<\/p>\n<p style=\"text-align: center;\">Se cierra mediante un cierre artesanal r\u00e1pido que tambi\u00e9n le da un aspecto vintage que te encantar\u00e1.<\/p>\n<p style=\"text-align: center;\">Medidas 27 cm de alto x 36 cm largo x 3 cm ancho.<\/p>\n<p style=\"text-align: center;\">Forro y bolsillo interior.<\/p>\n<h5><strong>\u00bfAlguna duda? Ponte en contacto con nosotros a trav\u00e9s del bot\u00f3n del chat directo por whatsApp y te resolveremos las dudas al instante!<\/strong><\/h5>\n<p>&nbsp;<!-- AddThis Advanced Settings generic via filter on get_the_excerpt --><!-- AddThis Share Buttons generic via filter on get_the_excerpt --><\/p>\n","protected":false},"featured_media":36520,"comment_status":"open","ping_status":"closed","template":"","meta":{"om_disable_all_campaigns":false,"_monsterinsights_skip_tracking":false,"_monsterinsights_sitenote_active":false,"_monsterinsights_sitenote_note":"","_monsterinsights_sitenote_category":0,"_uf_show_specific_survey":0,"_uf_disable_surveys":false},"product_brand":[1217],"product_cat":[240,757],"product_tag":[1135,1096,301,877,266,305,778,313,329,823,1036,727,302,905,753,1102],"class_list":{"0":"post-36510","1":"product","2":"type-product","3":"status-publish","4":"has-post-thumbnail","6":"product_brand-ibags-belts","7":"product_cat-bolsos-bandoleras-de-cuero-artesanal","8":"product_cat-bolso-clutch","9":"product_tag-accesorios-y-complementos","10":"product_tag-artesania","11":"product_tag-bandolera","12":"product_tag-bandoleras","13":"product_tag-bolso-bohemian-bolso-cuero-repujado-bolsos-cuero-retro-bolso-shopper-cuero-bolso-cuero-trenzado-bolso-cuero-troquelado","14":"product_tag-bolso-cuero-artesanal","15":"product_tag-bolso-cuero-de-vaca","16":"product_tag-bolso-cuero-hecho-a-mano","17":"product_tag-bolso-cuero-hippie","18":"product_tag-bolso-piel","19":"product_tag-bolso-piel-italiano","20":"product_tag-bolsos-bandoleras-cuero","21":"product_tag-bolsos-de-cuero","22":"product_tag-casual","23":"product_tag-complementos-de-cuero","24":"product_tag-piel","26":"first","27":"instock","28":"shipping-taxable","29":"purchasable","30":"product-type-simple","31":"add-to-wishlist-after_add_to_cart","32":"layout-style-1","33":"col-md-4 col-sm-4 col-xs-6","34":"col-lg-3","35":"product-has-gallery","36":"product-style-default"},"aioseo_notices":[],"_links":{"self":[{"href":"https:\/\/www.ibagsbelts.com\/tienda\/wp-json\/wp\/v2\/product\/36510","targetHints":{"allow":["GET"]}}],"collection":[{"href":"https:\/\/www.ibagsbelts.com\/tienda\/wp-json\/wp\/v2\/product"}],"about":[{"href":"https:\/\/www.ibagsbelts.com\/tienda\/wp-json\/wp\/v2\/types\/product"}],"replies":[{"embeddable":true,"href":"https:\/\/www.ibagsbelts.com\/tienda\/wp-json\/wp\/v2\/comments?post=36510"}],"wp:featuredmedia":[{"embeddable":true,"href":"https:\/\/www.ibagsbelts.com\/tienda\/wp-json\/wp\/v2\/media\/36520"}],"wp:attachment":[{"href":"https:\/\/www.ibagsbelts.com\/tienda\/wp-json\/wp\/v2\/media?parent=36510"}],"wp:term":[{"taxonomy":"product_brand","embeddable":true,"href":"https:\/\/www.ibagsbelts.com\/tienda\/wp-json\/wp\/v2\/product_brand?post=36510"},{"taxonomy":"product_cat","embeddable":true,"href":"https:\/\/www.ibagsbelts.com\/tienda\/wp-json\/wp\/v2\/product_cat?post=36510"},{"taxonomy":"product_tag","embeddable":true,"href":"https:\/\/www.ibagsbelts.com\/tienda\/wp-json\/wp\/v2\/product_tag?post=36510"}],"curies":[{"name":"wp","href":"https:\/\/api.w.org\/{rel}","templated":true}]}}