{"id":3656,"date":"2018-07-31T13:28:43","date_gmt":"2018-07-31T11:28:43","guid":{"rendered":"https:\/\/www.ibagsbelts.com\/tienda\/?post_type=product&#038;p=3656"},"modified":"2026-03-15T20:16:05","modified_gmt":"2026-03-15T19:16:05","slug":"pulsera-de-cuero-ancha-e1","status":"publish","type":"product","link":"https:\/\/www.ibagsbelts.com\/tienda\/producto\/pulsera-de-cuero-ancha-e1\/","title":{"rendered":"Pulsera de cuero ancha E1"},"content":{"rendered":"<p>La pulsera de cuero de vaca, ancha y con detalles de metal o tachas, es el complemento perfecto para realzar tu estilo. Con 5 cm de ancho, esta pulsera no solo a\u00f1ade un toque audaz a tu look, sino que tambi\u00e9n cuenta con un cierre de hebilla que garantiza un ajuste seguro.<\/p>\n<p>Fabricada con cuero de vaca de alta calidad, esta pulsera no solo es elegante sino tambi\u00e9n resistente al agua. La piel, siendo un producto natural, se puede cuidar y nutrir con cremas neutras o, idealmente, con grasa de caballo.<\/p>\n<p>Para asegurarte de que la pulsera se ajuste perfectamente, mide el contorno o circunferencia de tu mu\u00f1eca y a\u00f1ade 1 cm a 2 cm seg\u00fan tus preferencias de ajuste. Adem\u00e1s, puedes complementar tu estilo con un cintur\u00f3n y un bolso de nuestra extensa colecci\u00f3n. \u00a1Destaca con este accesorio de calidad y estilo!<\/p>\n<!-- AddThis Advanced Settings generic via filter on the_content --><!-- AddThis Share Buttons generic via filter on the_content -->","protected":false},"excerpt":{"rendered":"<p>Pulsera es de cuero de vaca ancha de 5cm con apliques de metal o tachas, cierre de hebilla es un complemento para tu look.<\/p>\n<div>Es un producto de gran calidad, tanto por el tipo de cuero como por la fornitura escogida es resistible al agua.<\/div>\n<div>La piel es un producto natural y como tal, usted puede nutrirla con cualquier crema neutra e incolora<\/div>\n<div>(pero lo aconsejable es la grasa de caballo).<\/div>\n<div>Para saber la medida de tu talla deber\u00e1s medir el contorno o circunferencia<br \/>\nde tu mu\u00f1eca y a\u00f1adirle de 1 cm a 2 cm seg\u00fan\u00a0si quieres que te quede m\u00e1s justa o que est\u00e9 m\u00e1s suelta.<\/div>\n<p>Puedes completar con un cintur\u00f3n y un bolso de nuestra gran colecci\u00f3n<\/p>\n<h5><strong>\u00bfAlguna duda? Ponte en contacto con nosotros a trav\u00e9s del bot\u00f3n del chat directo por whatsApp y te resolveremos las dudas al instante!<\/strong><\/h5>\n<p><!-- AddThis Advanced Settings generic via filter on get_the_excerpt --><!-- AddThis Share Buttons generic via filter on get_the_excerpt --><\/p>\n","protected":false},"featured_media":12215,"comment_status":"open","ping_status":"closed","template":"","meta":{"om_disable_all_campaigns":false,"_monsterinsights_skip_tracking":false,"_monsterinsights_sitenote_active":false,"_monsterinsights_sitenote_note":"","_monsterinsights_sitenote_category":0,"_uf_show_specific_survey":0,"_uf_disable_surveys":false},"product_brand":[1217],"product_cat":[971,955],"product_tag":[1135,1096,905,752,753,1102,821],"class_list":{"0":"post-3656","1":"product","2":"type-product","3":"status-publish","4":"has-post-thumbnail","6":"product_brand-ibags-belts","7":"product_cat-hombre","8":"product_cat-pulsera","9":"product_tag-accesorios-y-complementos","10":"product_tag-artesania","11":"product_tag-casual","12":"product_tag-complementos","13":"product_tag-complementos-de-cuero","14":"product_tag-piel","15":"product_tag-pulseras","17":"first","18":"instock","19":"shipping-taxable","20":"purchasable","21":"product-type-variable","22":"add-to-wishlist-after_add_to_cart","23":"layout-style-1","24":"col-md-4 col-sm-4 col-xs-6","25":"col-lg-3","26":"product-has-gallery","27":"product-style-default"},"aioseo_notices":[],"_links":{"self":[{"href":"https:\/\/www.ibagsbelts.com\/tienda\/wp-json\/wp\/v2\/product\/3656","targetHints":{"allow":["GET"]}}],"collection":[{"href":"https:\/\/www.ibagsbelts.com\/tienda\/wp-json\/wp\/v2\/product"}],"about":[{"href":"https:\/\/www.ibagsbelts.com\/tienda\/wp-json\/wp\/v2\/types\/product"}],"replies":[{"embeddable":true,"href":"https:\/\/www.ibagsbelts.com\/tienda\/wp-json\/wp\/v2\/comments?post=3656"}],"wp:featuredmedia":[{"embeddable":true,"href":"https:\/\/www.ibagsbelts.com\/tienda\/wp-json\/wp\/v2\/media\/12215"}],"wp:attachment":[{"href":"https:\/\/www.ibagsbelts.com\/tienda\/wp-json\/wp\/v2\/media?parent=3656"}],"wp:term":[{"taxonomy":"product_brand","embeddable":true,"href":"https:\/\/www.ibagsbelts.com\/tienda\/wp-json\/wp\/v2\/product_brand?post=3656"},{"taxonomy":"product_cat","embeddable":true,"href":"https:\/\/www.ibagsbelts.com\/tienda\/wp-json\/wp\/v2\/product_cat?post=3656"},{"taxonomy":"product_tag","embeddable":true,"href":"https:\/\/www.ibagsbelts.com\/tienda\/wp-json\/wp\/v2\/product_tag?post=3656"}],"curies":[{"name":"wp","href":"https:\/\/api.w.org\/{rel}","templated":true}]}}