{"id":36587,"date":"2025-08-03T16:51:30","date_gmt":"2025-08-03T14:51:30","guid":{"rendered":"https:\/\/www.ibagsbelts.com\/tienda\/?post_type=product&#038;p=36587"},"modified":"2026-03-08T21:07:30","modified_gmt":"2026-03-08T20:07:30","slug":"monedero-de-cuero-negro-con-cremallera","status":"publish","type":"product","link":"https:\/\/www.ibagsbelts.com\/tienda\/producto\/monedero-de-cuero-negro-con-cremallera\/","title":{"rendered":"Monedero de cuero negro con cremallera"},"content":{"rendered":"<p class=\"p1\" style=\"text-align: left;\"><b>Dise\u00f1o Compacto y Elegante<\/b><\/p>\n<p class=\"p1\" style=\"text-align: left;\">Este monedero de cuero italiano combina estilo, funcionalidad y suavidad en un dise\u00f1o compacto perfecto para el d\u00eda a d\u00eda. Su acabado liso y su textura suave le dan un toque elegante y atemporal, ideal tanto para hombres como para mujeres.<\/p>\n<p class=\"p1\" style=\"text-align: left;\">Cuenta con un cierre completo de cremallera que mantiene tus objetos esenciales seguros y organizados. Su formato peque\u00f1o lo hace f\u00e1cil de llevar en la mano, en bolsos o incluso en el bolsillo.<\/p>\n<p class=\"p1\" style=\"text-align: left;\">\ud83d\udd38 <b>Material:<\/b> Cuero aut\u00e9ntico italiano<\/p>\n<p class=\"p1\" style=\"text-align: left;\">\ud83d\udd38 <b>Estilo:<\/b> Casual y minimalista<\/p>\n<p class=\"p1\" style=\"text-align: left;\">\ud83d\udd38 <b>Cierre:<\/b> Cremallera resistente<\/p>\n<p class=\"p1\" style=\"text-align: left;\">\ud83d\udd38 <b>G\u00e9nero:<\/b> Unisex<\/p>\n<p class=\"p1\" style=\"text-align: left;\">\ud83d\udd38 <b>Uso:<\/b> Ideal como cartera de mano, tarjetero o porta monedas<\/p>\n<p class=\"p1\" style=\"text-align: left;\">Perfecto para quienes buscan una cartera discreta, duradera y con estilo.<\/p>\n<p class=\"markdown prose w-full break-words dark:prose-invert light\" style=\"text-align: left;\">Medidas:\u00a0 10 cm de alto X 13 cm de largo X 1 cm de grosor.<\/p>\n<p class=\"markdown prose w-full break-words dark:prose-invert light\" style=\"text-align: left;\"><strong>Aviso importante<\/strong><\/p>\n<p class=\"markdown prose w-full break-words dark:prose-invert light\" style=\"text-align: left;\">Todos nuestros productos de cuero est\u00e1n hechos a mano y su nueva bolsa de cuero puede estar sujeta a una variaci\u00f3n natural en tama\u00f1o y color.<br \/>\nPara los tama\u00f1os, permita 1-2 cm difiere debido a la medida manual.<br \/>\nLas im\u00e1genes son 100% reales.<br \/>\nDebido al monitor del ordenador y el brillo real de la toma y otras razones, habr\u00e1 una cierta diferencia de color.<\/p>\n<!-- AddThis Advanced Settings generic via filter on the_content --><!-- AddThis Share Buttons generic via filter on the_content -->","protected":false},"excerpt":{"rendered":"<p class=\"p1\" style=\"text-align: left;\">Este monedero de cuero italiano combina estilo, funcionalidad y suavidad en un dise\u00f1o compacto perfecto para el d\u00eda a d\u00eda. Su acabado liso y su textura suave le dan un toque elegante y atemporal, ideal tanto para hombres como para mujeres.<\/p>\n<p class=\"p1\" style=\"text-align: left;\">Cuenta con un cierre completo de cremallera que mantiene tus objetos esenciales seguros y organizados. Su formato peque\u00f1o lo hace f\u00e1cil de llevar en la mano, en bolsos o incluso en el bolsillo.<\/p>\n<p class=\"p1\" style=\"text-align: left;\">Perfecto para quienes buscan una cartera discreta, duradera y con estilo.<\/p>\n<p class=\"markdown prose w-full break-words dark:prose-invert light\" style=\"text-align: left;\"><strong>Medidas<\/strong>: 10 cm de alto X 13 cm de largo X 1 cm de grosor.<\/p>\n<h5><b>\u00bfAlguna duda? Ponte en contacto con nosotros a trav\u00e9s del bot\u00f3n del chat directo por WhatsApp y te resolveremos las dudas al instante!<\/b><\/h5>\n<p><!-- AddThis Advanced Settings generic via filter on get_the_excerpt --><!-- AddThis Share Buttons generic via filter on get_the_excerpt --><\/p>\n","protected":false},"featured_media":36608,"comment_status":"open","ping_status":"closed","template":"","meta":{"om_disable_all_campaigns":false,"_monsterinsights_skip_tracking":false,"_monsterinsights_sitenote_active":false,"_monsterinsights_sitenote_note":"","_monsterinsights_sitenote_category":0,"_uf_show_specific_survey":0,"_uf_disable_surveys":false},"product_brand":[1217],"product_cat":[1300],"product_tag":[1135,1096,823,885,753,744,746,1169,873,1102],"class_list":{"0":"post-36587","1":"product","2":"type-product","3":"status-publish","4":"has-post-thumbnail","6":"product_brand-ibags-belts","7":"product_cat-mini-carteras","8":"product_tag-accesorios-y-complementos","9":"product_tag-artesania","10":"product_tag-bolso-piel","11":"product_tag-cartera","12":"product_tag-complementos-de-cuero","13":"product_tag-estilo-bohochic","14":"product_tag-estilo-hippiechic","15":"product_tag-monedas","16":"product_tag-monedero","17":"product_tag-piel","19":"first","20":"instock","21":"shipping-taxable","22":"purchasable","23":"product-type-simple","24":"add-to-wishlist-after_add_to_cart","25":"layout-style-1","26":"col-md-4 col-sm-4 col-xs-6","27":"col-lg-3","28":"product-has-gallery","29":"product-style-default"},"aioseo_notices":[],"_links":{"self":[{"href":"https:\/\/www.ibagsbelts.com\/tienda\/wp-json\/wp\/v2\/product\/36587","targetHints":{"allow":["GET"]}}],"collection":[{"href":"https:\/\/www.ibagsbelts.com\/tienda\/wp-json\/wp\/v2\/product"}],"about":[{"href":"https:\/\/www.ibagsbelts.com\/tienda\/wp-json\/wp\/v2\/types\/product"}],"replies":[{"embeddable":true,"href":"https:\/\/www.ibagsbelts.com\/tienda\/wp-json\/wp\/v2\/comments?post=36587"}],"wp:featuredmedia":[{"embeddable":true,"href":"https:\/\/www.ibagsbelts.com\/tienda\/wp-json\/wp\/v2\/media\/36608"}],"wp:attachment":[{"href":"https:\/\/www.ibagsbelts.com\/tienda\/wp-json\/wp\/v2\/media?parent=36587"}],"wp:term":[{"taxonomy":"product_brand","embeddable":true,"href":"https:\/\/www.ibagsbelts.com\/tienda\/wp-json\/wp\/v2\/product_brand?post=36587"},{"taxonomy":"product_cat","embeddable":true,"href":"https:\/\/www.ibagsbelts.com\/tienda\/wp-json\/wp\/v2\/product_cat?post=36587"},{"taxonomy":"product_tag","embeddable":true,"href":"https:\/\/www.ibagsbelts.com\/tienda\/wp-json\/wp\/v2\/product_tag?post=36587"}],"curies":[{"name":"wp","href":"https:\/\/api.w.org\/{rel}","templated":true}]}}