{"id":36779,"date":"2025-08-09T00:41:34","date_gmt":"2025-08-08T22:41:34","guid":{"rendered":"https:\/\/www.ibagsbelts.com\/tienda\/?post_type=product&#038;p=36779"},"modified":"2026-03-12T13:26:14","modified_gmt":"2026-03-12T12:26:14","slug":"bolso-saco-caqui-con-flecos-boho-soul","status":"publish","type":"product","link":"https:\/\/www.ibagsbelts.com\/tienda\/producto\/bolso-saco-caqui-con-flecos-boho-soul\/","title":{"rendered":"Bolso saco caqui con flecos boho soul"},"content":{"rendered":"<div class=\"flex-1 overflow-hidden\">\n<div class=\"react-scroll-to-bottom--css-pfsav-79elbk h-full\">\n<div class=\"react-scroll-to-bottom--css-pfsav-1n7m0yu\">\n<div class=\"flex flex-col text-sm pb-9\">\n<div class=\"w-full text-token-text-primary\" data-testid=\"conversation-turn-474\">\n<div class=\"px-4 py-2 justify-center text-base md:gap-6 m-auto\">\n<div class=\"flex flex-1 text-base mx-auto gap-3 md:px-5 lg:px-1 xl:px-5 md:max-w-3xl lg:max-w-[40rem] xl:max-w-[48rem] group final-completion\">\n<div class=\"relative flex w-full flex-col agent-turn\">\n<div class=\"flex-col gap-1 md:gap-3\">\n<div class=\"flex flex-grow flex-col max-w-full\">\n<div class=\"min-h-[20px] text-message flex flex-col items-start gap-3 whitespace-pre-wrap break-words [.text-message+&amp;]:mt-5 overflow-x-auto\" data-message-author-role=\"assistant\" data-message-id=\"bc7953e1-cd54-41c4-bc49-dc6ad9be1451\">\n<div class=\"markdown prose w-full break-words dark:prose-invert light\">\n<p style=\"text-align: left;\">Descubre la elegancia y la versatilidad del bolso saco de ante italiano con flecos. Confeccionado con 100% Ante y fabricado en Italia, este bolso combina calidad artesanal con un dise\u00f1o moderno y funcional.<\/p>\n<p style=\"text-align: left;\">Con unas dimensiones de 35 cm de alto, 25 cm de ancho, este bolso ofrece un amplio espacio para tus pertenencias diarias. Su interior cuenta con un espacioso compartimento principal con cierre con cordones, as\u00ed como un compartimento secundario y dos bolsillos interiores, uno de ellos con cremallera, para una organizaci\u00f3n \u00f3ptima.<\/p>\n<p style=\"text-align: left;\">El detalle de los flecos en la parte delantera a\u00f1ade un toque divertido al dise\u00f1o, mientras que la correa de hombro ajustable y extra\u00edble te permite llevarlo de m\u00faltiples formas, adapt\u00e1ndose a tu estilo y necesidades.<\/p>\n<p style=\"text-align: left;\">Ya sea para el trabajo, las compras o cualquier ocasi\u00f3n, este bolso boho chic es el complemento perfecto para tu estilo. \u00a1Hazte con el tuyo hoy mismo y lleva contigo el encanto italiano en cada paso!<\/p>\n<\/div>\n<\/div>\n<\/div>\n<\/div>\n<\/div>\n<\/div>\n<\/div>\n<\/div>\n<\/div>\n<\/div>\n<\/div>\n<\/div>\n<p style=\"text-align: left;\"><strong>Aviso importante<\/strong><\/p>\n<p style=\"text-align: left;\">Todos nuestros productos de cuero est\u00e1n hechos a mano y su nueva bolsa de cuero puede estar sujeta a una variaci\u00f3n natural en tama\u00f1o y color.<br \/>\nPara los tama\u00f1os, permita 1-2 cm difiere debido a la medida manual.<br \/>\nLas im\u00e1genes son 100% reales.<br \/>\nDebido al monitor del ordenador y el brillo real de la toma y otras razones, habr\u00e1 una cierta diferencia de color.<\/p>\n<!-- AddThis Advanced Settings generic via filter on the_content --><!-- AddThis Share Buttons generic via filter on the_content -->","protected":false},"excerpt":{"rendered":"<p style=\"text-align: left;\">Descubre la elegancia y la versatilidad del bolso saco de ante italiano con flecos. Confeccionado con 100% Ante y fabricado en Italia, este bolso combina calidad artesanal con un dise\u00f1o moderno y funcional.<\/p>\n<p style=\"text-align: left;\">Con unas dimensiones de 35 cm de alto, 25 cm de ancho, este bolso ofrece un amplio espacio para tus pertenencias diarias. Su interior cuenta con un espacioso compartimento principal con cierre con cordones. El detalle de los flecos en la parte delantera a\u00f1ade un toque divertido al dise\u00f1o, mientras que la correa de hombro ajustable y extra\u00edble te permite llevarlo de m\u00faltiples formas, adapt\u00e1ndose a tu estilo y necesidades.<\/p>\n<div class=\"woocommerce-product-details__short-description\">\n<div class=\"woocommerce-product-details__short-description\">\n<h5 style=\"text-align: left;\"><strong>\u00bfAlguna duda? Ponte en contacto con nosotros a trav\u00e9s del bot\u00f3n del chat directo por WhatsApp y te resolveremos las dudas al instante!<\/strong><\/h5>\n<\/div>\n<\/div>\n<p><!-- AddThis Advanced Settings generic via filter on get_the_excerpt --><!-- AddThis Share Buttons generic via filter on get_the_excerpt --><\/p>\n","protected":false},"featured_media":36758,"comment_status":"open","ping_status":"closed","template":"","meta":{"om_disable_all_campaigns":false,"_monsterinsights_skip_tracking":false,"_monsterinsights_sitenote_active":false,"_monsterinsights_sitenote_note":"","_monsterinsights_sitenote_category":0,"_uf_show_specific_survey":0,"_uf_disable_surveys":false},"product_brand":[1217],"product_cat":[240,381],"product_tag":[1096,301,877,736,737,303,1020,299,305,315,268,313,329,255,823,1036,1041,727,257,744,1038],"class_list":{"0":"post-36779","1":"product","2":"type-product","3":"status-publish","4":"has-post-thumbnail","6":"product_brand-ibags-belts","7":"product_cat-bolsos-bandoleras-de-cuero-artesanal","8":"product_cat-bomboneras","9":"product_tag-artesania","10":"product_tag-bandolera","11":"product_tag-bandoleras","12":"product_tag-boho","13":"product_tag-bohochic","14":"product_tag-bolso-bohemian","15":"product_tag-bolso-boho","16":"product_tag-bolso-cuero","17":"product_tag-bolso-cuero-artesanal","18":"product_tag-bolso-cuero-artesano","19":"product_tag-bolso-cuero-boho-bolso-cuero-con-tachuelas-bolsos-cuero-caballero-bolso-cuero-de-hombre-bolso-cuero-de-viaje-bolso-cuero-de-vaca-bolso-de-cuero-artesanal-bolso-de-cuero","20":"product_tag-bolso-cuero-hecho-a-mano","21":"product_tag-bolso-cuero-hippie","22":"product_tag-bolso-cuero-mujer","23":"product_tag-bolso-piel","24":"product_tag-bolso-piel-italiano","25":"product_tag-bolso-saco","26":"product_tag-bolsos-bandoleras-cuero","27":"product_tag-bolso-cuero-bandolera-bolso-cuero-artesanal-bolso-cuero-artesanal-hombre-bolso-cuero-boho-bolso-cuero-con-tachuelas-bolsos-cuero-caballero-bolso-cuero-de-hombre","28":"product_tag-estilo-bohochic","29":"product_tag-piel-lavada","31":"first","32":"instock","33":"shipping-taxable","34":"purchasable","35":"product-type-simple","36":"add-to-wishlist-after_add_to_cart","37":"layout-style-1","38":"col-md-4 col-sm-4 col-xs-6","39":"col-lg-3","40":"product-has-gallery","41":"product-style-default"},"aioseo_notices":[],"_links":{"self":[{"href":"https:\/\/www.ibagsbelts.com\/tienda\/wp-json\/wp\/v2\/product\/36779","targetHints":{"allow":["GET"]}}],"collection":[{"href":"https:\/\/www.ibagsbelts.com\/tienda\/wp-json\/wp\/v2\/product"}],"about":[{"href":"https:\/\/www.ibagsbelts.com\/tienda\/wp-json\/wp\/v2\/types\/product"}],"replies":[{"embeddable":true,"href":"https:\/\/www.ibagsbelts.com\/tienda\/wp-json\/wp\/v2\/comments?post=36779"}],"wp:featuredmedia":[{"embeddable":true,"href":"https:\/\/www.ibagsbelts.com\/tienda\/wp-json\/wp\/v2\/media\/36758"}],"wp:attachment":[{"href":"https:\/\/www.ibagsbelts.com\/tienda\/wp-json\/wp\/v2\/media?parent=36779"}],"wp:term":[{"taxonomy":"product_brand","embeddable":true,"href":"https:\/\/www.ibagsbelts.com\/tienda\/wp-json\/wp\/v2\/product_brand?post=36779"},{"taxonomy":"product_cat","embeddable":true,"href":"https:\/\/www.ibagsbelts.com\/tienda\/wp-json\/wp\/v2\/product_cat?post=36779"},{"taxonomy":"product_tag","embeddable":true,"href":"https:\/\/www.ibagsbelts.com\/tienda\/wp-json\/wp\/v2\/product_tag?post=36779"}],"curies":[{"name":"wp","href":"https:\/\/api.w.org\/{rel}","templated":true}]}}