{"id":37170,"date":"2025-08-30T23:08:23","date_gmt":"2025-08-30T21:08:23","guid":{"rendered":"https:\/\/www.ibagsbelts.com\/tienda\/?post_type=product&#038;p=37170"},"modified":"2026-03-08T19:51:55","modified_gmt":"2026-03-08T18:51:55","slug":"bolso-bandolera-marron-con-flecos-y-remaches-evelyn","status":"publish","type":"product","link":"https:\/\/www.ibagsbelts.com\/tienda\/producto\/bolso-bandolera-marron-con-flecos-y-remaches-evelyn\/","title":{"rendered":"Bolso bandolera marr\u00f3n con flecos y remaches Evelyn"},"content":{"rendered":"<p class=\"p1\"><b>Bolso Hobo de Ante marr\u00f3n con Flecos y tachas \u2013 Estilo Boho-Chic<\/b><\/p>\n<p class=\"p1\" style=\"text-align: left;\">Eleva tu look con este bolso hobo de suave piel de ante negro, perfecto para dar un toque bohemio y sofisticado a cualquier conjunto. Su dise\u00f1o est\u00e1 adornado con flecos laterales y en la base, que aportan movimiento y personalidad.<\/p>\n<p class=\"p1\" style=\"text-align: left;\">La asa ancha ofrece m\u00e1xima comodidad al llevarlo al hombro, mientras que el cierre superior con cremallera y tirador de flecos garantiza seguridad y estilo. En su interior, forrado y con bolsillo con cremallera, podr\u00e1s organizar f\u00e1cilmente tus esenciales.<\/p>\n<p class=\"p1\" style=\"text-align: left;\">Un accesorio vers\u00e1til que encaja tanto con looks casuales como con conjuntos de inspiraci\u00f3n western.<\/p>\n<p class=\"p1\" style=\"text-align: left;\"><b>Detalles:<\/b><\/p>\n<p class=\"p1\" style=\"text-align: left;\">\u2022Material: piel de ante<\/p>\n<p class=\"p1\" style=\"text-align: left;\">\u2022Color: marr\u00f3n<\/p>\n<p class=\"p1\" style=\"text-align: left;\">\u2022Cierre: cremallera<\/p>\n<p class=\"p1\" style=\"text-align: left;\">\u2022Interior forrado con bolsillo con cremallera<\/p>\n<p class=\"p3\" style=\"text-align: left;\">\u2022Estilo: boho-chic \/ western.<\/p>\n<p style=\"text-align: left;\"><strong> importante<\/strong><\/p>\n<p style=\"text-align: left;\">Todos nuestros productos de cuero est\u00e1n hechos a mano y su nueva bolsa de cuero puede estar sujeta a una variaci\u00f3n natural en tama\u00f1o y color.<br \/>\nPara los tama\u00f1os, permita 1-2 cm difiere debido a la medida manual.<br \/>\nLas im\u00e1genes son 100% reales.<br \/>\nDebido al monitor del ordenador y el brillo real de la toma y otras razones, habr\u00e1 una cierta diferencia de color.<\/p>\n<!-- AddThis Advanced Settings generic via filter on the_content --><!-- AddThis Share Buttons generic via filter on the_content -->","protected":false},"excerpt":{"rendered":"<p class=\"p1\" style=\"text-align: left;\"><b>Bolso Hobo de Ante marr\u00f3n con Flecos y tachas<\/b><\/p>\n<p class=\"p1\" style=\"text-align: left;\">Un toque boho-chic para tu d\u00eda a d\u00eda. Confeccionado en suave piel de ante, incluye flecos laterales y en la base, asa ancha y cierre con cremallera. Interior forrado con bolsillo para mantener todo en orden. Ideal para looks casuales o de inspiraci\u00f3n western.<\/p>\n<p style=\"text-align: left;\">Medidas 22 cm de alto x 22 cm largo x 4 cm ancho<\/p>\n<h5 style=\"text-align: center;\"><strong>\u00bfAlguna duda? Ponte en contacto con nosotros a trav\u00e9s del bot\u00f3n del chat directo por whatsApp y te resolveremos las dudas al instante!<\/strong><\/h5>\n<p style=\"text-align: left;\">\n<p><!-- AddThis Advanced Settings generic via filter on get_the_excerpt --><!-- AddThis Share Buttons generic via filter on get_the_excerpt --><\/p>\n","protected":false},"featured_media":37171,"comment_status":"open","ping_status":"closed","template":"","meta":{"om_disable_all_campaigns":false,"_monsterinsights_skip_tracking":false,"_monsterinsights_sitenote_active":false,"_monsterinsights_sitenote_note":"","_monsterinsights_sitenote_category":0,"_uf_show_specific_survey":0,"_uf_disable_surveys":false},"product_brand":[1217],"product_cat":[240,757],"product_tag":[1044,301,877,266,303,299,305,268,312,329,255,824,1025,1036,1050,727,753,743,744,745,746,738,1118,1129],"class_list":{"0":"post-37170","1":"product","2":"type-product","3":"status-publish","4":"has-post-thumbnail","6":"product_brand-ibags-belts","7":"product_cat-bolsos-bandoleras-de-cuero-artesanal","8":"product_cat-bolso-clutch","9":"product_tag-ante","10":"product_tag-bandolera","11":"product_tag-bandoleras","12":"product_tag-bolso-bohemian-bolso-cuero-repujado-bolsos-cuero-retro-bolso-shopper-cuero-bolso-cuero-trenzado-bolso-cuero-troquelado","13":"product_tag-bolso-bohemian","14":"product_tag-bolso-cuero","15":"product_tag-bolso-cuero-artesanal","16":"product_tag-bolso-cuero-boho-bolso-cuero-con-tachuelas-bolsos-cuero-caballero-bolso-cuero-de-hombre-bolso-cuero-de-viaje-bolso-cuero-de-vaca-bolso-de-cuero-artesanal-bolso-de-cuero","17":"product_tag-bolso-cuero-flecos","18":"product_tag-bolso-cuero-hippie","19":"product_tag-bolso-cuero-mujer","20":"product_tag-bolso-flecos","21":"product_tag-bolso-ibicenco","22":"product_tag-bolso-piel-italiano","23":"product_tag-bolso-remaches","24":"product_tag-bolsos-bandoleras-cuero","25":"product_tag-complementos-de-cuero","26":"product_tag-estilo-boho","27":"product_tag-estilo-bohochic","28":"product_tag-estilo-hippie","29":"product_tag-estilo-hippiechic","30":"product_tag-hippie","31":"product_tag-remaches","32":"product_tag-tachas","34":"first","35":"instock","36":"shipping-taxable","37":"purchasable","38":"product-type-simple","39":"add-to-wishlist-after_add_to_cart","40":"layout-style-1","41":"col-md-4 col-sm-4 col-xs-6","42":"col-lg-3","43":"product-has-gallery","44":"product-style-default"},"aioseo_notices":[],"_links":{"self":[{"href":"https:\/\/www.ibagsbelts.com\/tienda\/wp-json\/wp\/v2\/product\/37170","targetHints":{"allow":["GET"]}}],"collection":[{"href":"https:\/\/www.ibagsbelts.com\/tienda\/wp-json\/wp\/v2\/product"}],"about":[{"href":"https:\/\/www.ibagsbelts.com\/tienda\/wp-json\/wp\/v2\/types\/product"}],"replies":[{"embeddable":true,"href":"https:\/\/www.ibagsbelts.com\/tienda\/wp-json\/wp\/v2\/comments?post=37170"}],"wp:featuredmedia":[{"embeddable":true,"href":"https:\/\/www.ibagsbelts.com\/tienda\/wp-json\/wp\/v2\/media\/37171"}],"wp:attachment":[{"href":"https:\/\/www.ibagsbelts.com\/tienda\/wp-json\/wp\/v2\/media?parent=37170"}],"wp:term":[{"taxonomy":"product_brand","embeddable":true,"href":"https:\/\/www.ibagsbelts.com\/tienda\/wp-json\/wp\/v2\/product_brand?post=37170"},{"taxonomy":"product_cat","embeddable":true,"href":"https:\/\/www.ibagsbelts.com\/tienda\/wp-json\/wp\/v2\/product_cat?post=37170"},{"taxonomy":"product_tag","embeddable":true,"href":"https:\/\/www.ibagsbelts.com\/tienda\/wp-json\/wp\/v2\/product_tag?post=37170"}],"curies":[{"name":"wp","href":"https:\/\/api.w.org\/{rel}","templated":true}]}}