{"id":37215,"date":"2025-09-01T23:57:33","date_gmt":"2025-09-01T21:57:33","guid":{"rendered":"https:\/\/www.ibagsbelts.com\/tienda\/?post_type=product&#038;p=37215"},"modified":"2026-03-08T19:44:29","modified_gmt":"2026-03-08T18:44:29","slug":"llavero-de-cuero-con-forma-de-estrella","status":"publish","type":"product","link":"https:\/\/www.ibagsbelts.com\/tienda\/producto\/llavero-de-cuero-con-forma-de-estrella\/","title":{"rendered":"Llavero de cuero con forma de estrella"},"content":{"rendered":"<p style=\"text-align: left;\"><strong>Elegancia y Estilo en Cada Detalle<\/strong><\/p>\n<p class=\"p1\">Eleva tus elementos esenciales cotidianos con este encantador llavero Star Charm. Con un dise\u00f1o l\u00fadico en forma de estrella, este accesorio a\u00f1ade un toque de personalidad a tus llaves, bolso o incluso a tu tel\u00e9fono. Hecho de cuero de alta calidad, cuenta con una sensaci\u00f3n suave y texturizada y un aspecto lujoso.<\/p>\n<p class=\"p1\" style=\"text-align: left;\">Este llavero artesanal est\u00e1 fabricado en cuero genuino de alta calidad con costuras visibles que le aportan un acabado cl\u00e1sico y duradero.<\/p>\n<p class=\"p1\" style=\"text-align: left;\"><strong>Aviso importante<\/strong><\/p>\n<p style=\"text-align: left;\">Todos nuestros productos de cuero est\u00e1n hechos a mano y su nuevo articulo de cuero puede estar sujeta a una variaci\u00f3n natural en tama\u00f1o y color.<br \/>\nLas im\u00e1genes son 100% reales.<br \/>\nDebido al monitor del ordenador y el brillo real de la toma y otras razones, habr\u00e1 una cierta diferencia de color.<\/p>\n<!-- AddThis Advanced Settings generic via filter on the_content --><!-- AddThis Share Buttons generic via filter on the_content -->","protected":false},"excerpt":{"rendered":"<p class=\"p1\">Llavero Star Charm. Con un dise\u00f1o l\u00fadico en forma de estrella, este accesorio a\u00f1ade un toque de personalidad a tus llaves, bolso o incluso a tu tel\u00e9fono. Hecho de cuero de alta calidad, cuenta con una sensaci\u00f3n suave y texturizada y un aspecto lujoso.<\/p>\n<p class=\"p1\">La robusta cadena en tonos dorados y el cierre de langosta aseguran que sus llaves permanezcan firmemente sujetas, mientras que el tama\u00f1o compacto de la estrella hace que sea f\u00e1cil de transportar.<\/p>\n<div class=\"woocommerce-product-details__short-description\">\n<h5 style=\"text-align: center;\"><strong>\u00bfAlguna duda? Ponte en contacto con nosotros a trav\u00e9s del bot\u00f3n del chat directo por whatsApp y te resolveremos las dudas al instante!<\/strong><\/h5>\n<\/div>\n<p><!-- AddThis Advanced Settings generic via filter on get_the_excerpt --><!-- AddThis Share Buttons generic via filter on get_the_excerpt --><\/p>\n","protected":false},"featured_media":37257,"comment_status":"open","ping_status":"closed","template":"","meta":{"om_disable_all_campaigns":false,"_monsterinsights_skip_tracking":false,"_monsterinsights_sitenote_active":false,"_monsterinsights_sitenote_note":"","_monsterinsights_sitenote_category":0,"_uf_show_specific_survey":0,"_uf_disable_surveys":false},"product_brand":[1217],"product_cat":[1304],"product_tag":[1135,1096,753,1072,1195],"class_list":{"0":"post-37215","1":"product","2":"type-product","3":"status-publish","4":"has-post-thumbnail","6":"product_brand-ibags-belts","7":"product_cat-llaveros","8":"product_tag-accesorios-y-complementos","9":"product_tag-artesania","10":"product_tag-complementos-de-cuero","11":"product_tag-cuero","12":"product_tag-llavero","14":"first","15":"instock","16":"shipping-taxable","17":"purchasable","18":"product-type-variable","19":"has-default-attributes","20":"add-to-wishlist-after_add_to_cart","21":"layout-style-1","22":"col-md-4 col-sm-4 col-xs-6","23":"col-lg-3","24":"product-has-gallery","25":"product-style-default"},"aioseo_notices":[],"_links":{"self":[{"href":"https:\/\/www.ibagsbelts.com\/tienda\/wp-json\/wp\/v2\/product\/37215","targetHints":{"allow":["GET"]}}],"collection":[{"href":"https:\/\/www.ibagsbelts.com\/tienda\/wp-json\/wp\/v2\/product"}],"about":[{"href":"https:\/\/www.ibagsbelts.com\/tienda\/wp-json\/wp\/v2\/types\/product"}],"replies":[{"embeddable":true,"href":"https:\/\/www.ibagsbelts.com\/tienda\/wp-json\/wp\/v2\/comments?post=37215"}],"wp:featuredmedia":[{"embeddable":true,"href":"https:\/\/www.ibagsbelts.com\/tienda\/wp-json\/wp\/v2\/media\/37257"}],"wp:attachment":[{"href":"https:\/\/www.ibagsbelts.com\/tienda\/wp-json\/wp\/v2\/media?parent=37215"}],"wp:term":[{"taxonomy":"product_brand","embeddable":true,"href":"https:\/\/www.ibagsbelts.com\/tienda\/wp-json\/wp\/v2\/product_brand?post=37215"},{"taxonomy":"product_cat","embeddable":true,"href":"https:\/\/www.ibagsbelts.com\/tienda\/wp-json\/wp\/v2\/product_cat?post=37215"},{"taxonomy":"product_tag","embeddable":true,"href":"https:\/\/www.ibagsbelts.com\/tienda\/wp-json\/wp\/v2\/product_tag?post=37215"}],"curies":[{"name":"wp","href":"https:\/\/api.w.org\/{rel}","templated":true}]}}