{"id":37438,"date":"2025-09-18T23:31:39","date_gmt":"2025-09-18T21:31:39","guid":{"rendered":"https:\/\/www.ibagsbelts.com\/tienda\/?post_type=product&#038;p=37438"},"modified":"2026-03-08T19:37:28","modified_gmt":"2026-03-08T18:37:28","slug":"bolso-bandolera-de-piel-y-pelo-vaca-chloe","status":"publish","type":"product","link":"https:\/\/www.ibagsbelts.com\/tienda\/producto\/bolso-bandolera-de-piel-y-pelo-vaca-chloe\/","title":{"rendered":"Bolso bandolera de piel y pelo vaca Chloe"},"content":{"rendered":"<p class=\"p1\" style=\"text-align: left;\"><b>Bolso Bandolera \u2013 Animal Print con Estilo Salvaje<\/b><\/p>\n<p class=\"p1\" style=\"text-align: left;\">Atr\u00e9vete con el car\u00e1cter y la elegancia del <b>bolso<\/b>, dise\u00f1ado en efecto piel con un llamativo <b>estampado animal<\/b> que aporta fuerza y personalidad a cualquier look. Compacto pero funcional, su dise\u00f1o estructurado ofrece m\u00faltiples opciones de organizaci\u00f3n sin renunciar al estilo.<\/p>\n<p class=\"p1\" style=\"text-align: left;\">\u2022<b>Dise\u00f1o \u00fanico:<\/b> efecto piel con estampado animal, ideal para destacar.<\/p>\n<p class=\"p1\" style=\"text-align: left;\">\u2022<b>Asas vers\u00e1tiles:<\/b> dos asas cortas (15 cm de alto) y <b>asa larga regulable y extra\u00edble<\/b> para llevar al hombro o cruzado.<\/p>\n<p class=\"p1\" style=\"text-align: left;\">\u2022<b>Interior funcional:<\/b> un compartimento principal, bolsillo interior con cremallera, bolsillo abierto.<\/p>\n<p class=\"p1\" style=\"text-align: left;\">\u2022<b>Medidas:<\/b> 32 cm (ancho) x 31 cm (alto) x 9 cm (profundidad).<\/p>\n<p class=\"p1\" style=\"text-align: left;\">\u2022<b>Forro interior textil.<\/b><\/p>\n<p class=\"p1\" style=\"text-align: left;\">\u2022<b>Cuidados:<\/b> limpieza especializada recomendada para conservar su acabado impecable.<\/p>\n<div class=\"woocommerce-tabs wc-tabs-wrapper\">\n<div id=\"tab-description\" class=\"woocommerce-Tabs-panel woocommerce-Tabs-panel--description panel entry-content wc-tab\" role=\"tabpanel\" aria-labelledby=\"tab-title-description\">\n<div class=\"container\">\n<p style=\"text-align: left;\"><strong>Aviso importante<\/strong><\/p>\n<p style=\"text-align: left;\">Todos nuestros productos de cuero est\u00e1n hechos a mano y su nueva bolsa de cuero puede estar sujeta a una variaci\u00f3n natural en tama\u00f1o y color.<br \/>\nPara los tama\u00f1os, permita 1-2 cm difiere debido a la medida manual.<br \/>\nLas im\u00e1genes son 100% reales.<br \/>\nDebido al monitor del ordenador y el brillo real de la toma y otras razones, habr\u00e1 una cierta diferencia de color.<\/p>\n<\/div>\n<\/div>\n<\/div>\n<!-- AddThis Advanced Settings generic via filter on the_content --><!-- AddThis Share Buttons generic via filter on the_content -->","protected":false},"excerpt":{"rendered":"<p class=\"p1\" style=\"text-align: left;\"><b>Bolso Bandolera \u2013 Animal Print con Estilo Salvaje<\/b><\/p>\n<p class=\"p1\" style=\"text-align: left;\">Atr\u00e9vete con el car\u00e1cter y la elegancia del <b>bolso bandolera<\/b>, dise\u00f1ado en efecto piel con un llamativo <b>estampado animal<\/b> que aporta fuerza y personalidad a cualquier look. Compacto pero funcional, su dise\u00f1o estructurado ofrece m\u00faltiples opciones de organizaci\u00f3n sin renunciar al estilo.<\/p>\n<p class=\"p1\" style=\"text-align: left;\">\u2022<b>Dise\u00f1o \u00fanico:<\/b> efecto piel con estampado animal, ideal para destacar.<\/p>\n<p class=\"p1\" style=\"text-align: left;\">\u2022<b>Asas vers\u00e1tiles:<\/b> dos asas cortas (15 cm de alto) y <b>asa larga regulable y extra\u00edble<\/b> para llevar al hombro o cruzado.<\/p>\n<p class=\"p1\" style=\"text-align: left;\">\u2022<b>Interior funcional:<\/b> un compartimento principal, bolsillo interior con cremallera, bolsillo<\/p>\n<p class=\"p1\" style=\"text-align: left;\">\u2022<b>Medidas:<\/b> 32 cm (ancho) x 31 cm (alto) x 9 cm (profundidad).<\/p>\n<h5 style=\"text-align: center;\"><strong>\u00bfAlguna duda? Ponte en contacto con nosotros a trav\u00e9s del bot\u00f3n del chat directo por whatsApp y te resolveremos las dudas al instante!<\/strong><\/h5>\n<p><!-- AddThis Advanced Settings generic via filter on get_the_excerpt --><!-- AddThis Share Buttons generic via filter on get_the_excerpt --><\/p>\n","protected":false},"featured_media":37440,"comment_status":"open","ping_status":"closed","template":"","meta":{"om_disable_all_campaigns":false,"_monsterinsights_skip_tracking":false,"_monsterinsights_sitenote_active":false,"_monsterinsights_sitenote_note":"","_monsterinsights_sitenote_category":0,"_uf_show_specific_survey":0,"_uf_disable_surveys":false},"product_brand":[1217],"product_cat":[240,40],"product_tag":[1135,1054,1026,301,877,266,299,255,823,1036,727,905,753,744,1102,1128,263,1224,1023],"class_list":{"0":"post-37438","1":"product","2":"type-product","3":"status-publish","4":"has-post-thumbnail","6":"product_brand-ibags-belts","7":"product_cat-bolsos-bandoleras-de-cuero-artesanal","8":"product_cat-bolsos-de-hombro","9":"product_tag-accesorios-y-complementos","10":"product_tag-animal","11":"product_tag-animal-print","12":"product_tag-bandolera","13":"product_tag-bandoleras","14":"product_tag-bolso-bohemian-bolso-cuero-repujado-bolsos-cuero-retro-bolso-shopper-cuero-bolso-cuero-trenzado-bolso-cuero-troquelado","15":"product_tag-bolso-cuero","16":"product_tag-bolso-cuero-mujer","17":"product_tag-bolso-piel","18":"product_tag-bolso-piel-italiano","19":"product_tag-bolsos-bandoleras-cuero","20":"product_tag-casual","21":"product_tag-complementos-de-cuero","22":"product_tag-estilo-bohochic","23":"product_tag-piel","24":"product_tag-shoopers","25":"product_tag-bolso-cuero-artesanal-bolso-cuero-artesanal-hombre-bolso-cuero-boho-bolso-cuero-con-tachuelas-bolsos-cuero-caballero-bolso-cuero-de-hombre-bolso-cuero-de-viaje","26":"product_tag-tigre","27":"product_tag-tote","29":"first","30":"instock","31":"shipping-taxable","32":"purchasable","33":"product-type-simple","34":"add-to-wishlist-after_add_to_cart","35":"layout-style-1","36":"col-md-4 col-sm-4 col-xs-6","37":"col-lg-3","38":"product-style-default"},"aioseo_notices":[],"_links":{"self":[{"href":"https:\/\/www.ibagsbelts.com\/tienda\/wp-json\/wp\/v2\/product\/37438","targetHints":{"allow":["GET"]}}],"collection":[{"href":"https:\/\/www.ibagsbelts.com\/tienda\/wp-json\/wp\/v2\/product"}],"about":[{"href":"https:\/\/www.ibagsbelts.com\/tienda\/wp-json\/wp\/v2\/types\/product"}],"replies":[{"embeddable":true,"href":"https:\/\/www.ibagsbelts.com\/tienda\/wp-json\/wp\/v2\/comments?post=37438"}],"wp:featuredmedia":[{"embeddable":true,"href":"https:\/\/www.ibagsbelts.com\/tienda\/wp-json\/wp\/v2\/media\/37440"}],"wp:attachment":[{"href":"https:\/\/www.ibagsbelts.com\/tienda\/wp-json\/wp\/v2\/media?parent=37438"}],"wp:term":[{"taxonomy":"product_brand","embeddable":true,"href":"https:\/\/www.ibagsbelts.com\/tienda\/wp-json\/wp\/v2\/product_brand?post=37438"},{"taxonomy":"product_cat","embeddable":true,"href":"https:\/\/www.ibagsbelts.com\/tienda\/wp-json\/wp\/v2\/product_cat?post=37438"},{"taxonomy":"product_tag","embeddable":true,"href":"https:\/\/www.ibagsbelts.com\/tienda\/wp-json\/wp\/v2\/product_tag?post=37438"}],"curies":[{"name":"wp","href":"https:\/\/api.w.org\/{rel}","templated":true}]}}