{"id":37454,"date":"2025-09-19T00:28:05","date_gmt":"2025-09-18T22:28:05","guid":{"rendered":"https:\/\/www.ibagsbelts.com\/tienda\/?post_type=product&#038;p=37454"},"modified":"2026-03-08T19:31:35","modified_gmt":"2026-03-08T18:31:35","slug":"bolso-de-mano-estampado-vaca-animal-print-con-asa-circular-abigail","status":"publish","type":"product","link":"https:\/\/www.ibagsbelts.com\/tienda\/producto\/bolso-de-mano-estampado-vaca-animal-print-con-asa-circular-abigail\/","title":{"rendered":"Bolso de mano estampado vaca animal print con asa circular Abigail"},"content":{"rendered":"<p class=\"p1\" style=\"text-align: left;\">Atr\u00e9vete con un toque salvaje y sofisticado. Este bolso de mano combina un llamativo estampado animal print con un elegante detalle en negro liso y <b>asas circulares r\u00edgidas<\/b>, creando un dise\u00f1o moderno y muy chic.<\/p>\n<p class=\"p1\" style=\"text-align: left;\">Ideal para elevar tus looks casuales o darle personalidad a un outfit neutro, su interior espacioso permite llevar tus esenciales con estilo. Su base reforzada con peque\u00f1as patas met\u00e1licas aporta estabilidad y protege el bolso cuando lo apoyas.<\/p>\n<p class=\"p1\" style=\"text-align: left;\"><b>Caracter\u00edsticas:<\/b><\/p>\n<p class=\"p1\" style=\"text-align: left;\">\u2022Material: piel con estampado animal print<\/p>\n<p class=\"p1\" style=\"text-align: left;\">\u2022Color: print vaca con detalles en negro<\/p>\n<p class=\"p1\" style=\"text-align: left;\">\u2022Asa circular r\u00edgida para llevar en la mano<\/p>\n<p class=\"p1\" style=\"text-align: left;\">\u2022Interior amplio y resistente<\/p>\n<p class=\"p1\" style=\"text-align: left;\">\u2022Base con patas met\u00e1licas protectoras<\/p>\n<p class=\"p1\" style=\"text-align: left;\">\u2022Dise\u00f1o sofisticado y vers\u00e1til para d\u00eda o noche<\/p>\n<p class=\"p3\" style=\"text-align: left;\">Un accesorio audaz y elegante para destacar en cualquier ocasi\u00f3n.<\/p>\n<div class=\"woocommerce-tabs wc-tabs-wrapper\">\n<div id=\"tab-description\" class=\"woocommerce-Tabs-panel woocommerce-Tabs-panel--description panel entry-content wc-tab\" role=\"tabpanel\" aria-labelledby=\"tab-title-description\">\n<div class=\"container\">\n<p style=\"text-align: left;\"><strong>Aviso importante<\/strong><\/p>\n<p style=\"text-align: left;\">Todos nuestros productos de cuero est\u00e1n hechos a mano y su nueva bolsa de cuero puede estar sujeta a una variaci\u00f3n natural en tama\u00f1o y color.<br \/>\nPara los tama\u00f1os, permita 1-2 cm difiere debido a la medida manual.<br \/>\nLas im\u00e1genes son 100% reales.<br \/>\nDebido al monitor del ordenador y el brillo real de la toma y otras razones, habr\u00e1 una cierta diferencia de color.<\/p>\n<\/div>\n<\/div>\n<\/div>\n<!-- AddThis Advanced Settings generic via filter on the_content --><!-- AddThis Share Buttons generic via filter on the_content -->","protected":false},"excerpt":{"rendered":"<p class=\"p1\" style=\"text-align: left;\">Atr\u00e9vete con un toque salvaje y sofisticado. Este bolso de mano combina un llamativo estampado animal print con un elegante detalle en negro liso y <b>asas circulares r\u00edgidas<\/b>, creando un dise\u00f1o moderno y muy chic.<\/p>\n<p class=\"p1\" style=\"text-align: left;\">Ideal para elevar tus looks casuales o darle personalidad a un outfit neutro, su interior espacioso permite llevar tus esenciales con estilo. Su base reforzada con peque\u00f1as patas met\u00e1licas aporta estabilidad y protege el bolso cuando lo apoyas.<\/p>\n<p class=\"p1\" style=\"text-align: left;\"><b>Caracter\u00edsticas:<\/b><\/p>\n<p class=\"p1\" style=\"text-align: left;\">\u2022<strong>Material<\/strong>: piel con estampado animal print<\/p>\n<p class=\"p1\" style=\"text-align: left;\">\u2022<strong>Color<\/strong>: print vaca con detalles en negro<\/p>\n<p class=\"p1\" style=\"text-align: left;\">\u2022<strong>Asa<\/strong> circular r\u00edgida para llevar en la mano<\/p>\n<p class=\"p1\" style=\"text-align: left;\">\u2022<strong>Interior<\/strong> amplio y resistente<\/p>\n<p class=\"p1\" style=\"text-align: left;\">\u2022<strong>Base<\/strong> con patas met\u00e1licas protectoras<\/p>\n<p class=\"p1\" style=\"text-align: left;\">\u2022<strong>Dise\u00f1o<\/strong> sofisticado y vers\u00e1til para d\u00eda o noche<\/p>\n<p class=\"p3\" style=\"text-align: left;\">Un accesorio audaz y elegante para destacar en cualquier ocasi\u00f3n.<\/p>\n<h5 style=\"text-align: center;\"><strong>\u00bfAlguna duda? Ponte en contacto con nosotros a trav\u00e9s del bot\u00f3n del chat directo por whatsApp y te resolveremos las dudas al instante!<\/strong><\/h5>\n<p><!-- AddThis Advanced Settings generic via filter on get_the_excerpt --><!-- AddThis Share Buttons generic via filter on get_the_excerpt --><\/p>\n","protected":false},"featured_media":37446,"comment_status":"open","ping_status":"closed","template":"","meta":{"om_disable_all_campaigns":false,"_monsterinsights_skip_tracking":false,"_monsterinsights_sitenote_active":false,"_monsterinsights_sitenote_note":"","_monsterinsights_sitenote_category":0,"_uf_show_specific_survey":0,"_uf_disable_surveys":false},"product_brand":[1217],"product_cat":[240,757],"product_tag":[1135,1054,1026,301,877,266,299,255,823,1036,727,905,753,744,1261,1102],"class_list":{"0":"post-37454","1":"product","2":"type-product","3":"status-publish","4":"has-post-thumbnail","6":"product_brand-ibags-belts","7":"product_cat-bolsos-bandoleras-de-cuero-artesanal","8":"product_cat-bolso-clutch","9":"product_tag-accesorios-y-complementos","10":"product_tag-animal","11":"product_tag-animal-print","12":"product_tag-bandolera","13":"product_tag-bandoleras","14":"product_tag-bolso-bohemian-bolso-cuero-repujado-bolsos-cuero-retro-bolso-shopper-cuero-bolso-cuero-trenzado-bolso-cuero-troquelado","15":"product_tag-bolso-cuero","16":"product_tag-bolso-cuero-mujer","17":"product_tag-bolso-piel","18":"product_tag-bolso-piel-italiano","19":"product_tag-bolsos-bandoleras-cuero","20":"product_tag-casual","21":"product_tag-complementos-de-cuero","22":"product_tag-estilo-bohochic","23":"product_tag-leopardo","24":"product_tag-piel","26":"first","27":"instock","28":"shipping-taxable","29":"purchasable","30":"product-type-simple","31":"add-to-wishlist-after_add_to_cart","32":"layout-style-1","33":"col-md-4 col-sm-4 col-xs-6","34":"col-lg-3","35":"product-style-default"},"aioseo_notices":[],"_links":{"self":[{"href":"https:\/\/www.ibagsbelts.com\/tienda\/wp-json\/wp\/v2\/product\/37454","targetHints":{"allow":["GET"]}}],"collection":[{"href":"https:\/\/www.ibagsbelts.com\/tienda\/wp-json\/wp\/v2\/product"}],"about":[{"href":"https:\/\/www.ibagsbelts.com\/tienda\/wp-json\/wp\/v2\/types\/product"}],"replies":[{"embeddable":true,"href":"https:\/\/www.ibagsbelts.com\/tienda\/wp-json\/wp\/v2\/comments?post=37454"}],"wp:featuredmedia":[{"embeddable":true,"href":"https:\/\/www.ibagsbelts.com\/tienda\/wp-json\/wp\/v2\/media\/37446"}],"wp:attachment":[{"href":"https:\/\/www.ibagsbelts.com\/tienda\/wp-json\/wp\/v2\/media?parent=37454"}],"wp:term":[{"taxonomy":"product_brand","embeddable":true,"href":"https:\/\/www.ibagsbelts.com\/tienda\/wp-json\/wp\/v2\/product_brand?post=37454"},{"taxonomy":"product_cat","embeddable":true,"href":"https:\/\/www.ibagsbelts.com\/tienda\/wp-json\/wp\/v2\/product_cat?post=37454"},{"taxonomy":"product_tag","embeddable":true,"href":"https:\/\/www.ibagsbelts.com\/tienda\/wp-json\/wp\/v2\/product_tag?post=37454"}],"curies":[{"name":"wp","href":"https:\/\/api.w.org\/{rel}","templated":true}]}}