{"id":37579,"date":"2025-09-22T21:18:25","date_gmt":"2025-09-22T19:18:25","guid":{"rendered":"https:\/\/www.ibagsbelts.com\/tienda\/?post_type=product&#038;p=37579"},"modified":"2026-03-08T19:24:41","modified_gmt":"2026-03-08T18:24:41","slug":"cinturon-cowboy-de-cuero-fuxia-con-remaches","status":"publish","type":"product","link":"https:\/\/www.ibagsbelts.com\/tienda\/producto\/cinturon-cowboy-de-cuero-fuxia-con-remaches\/","title":{"rendered":"Cintur\u00f3n cowboy de cuero fuxia con remaches"},"content":{"rendered":"<div class=\"flex-shrink-0 flex flex-col relative items-end\">\n<div class=\"pt-0.5\">\n<div class=\"gizmo-shadow-stroke flex h-6 w-6 items-center justify-center overflow-hidden rounded-full\">\n<div class=\"relative p-1 rounded-sm h-9 w-9 text-white flex items-center justify-center\" style=\"text-align: left;\"><span style=\"font-size: 1.4rem;\">Este cintur\u00f3n de cuero parece tener algunas caracter\u00edsticas atractivas. Aqu\u00ed hay algunos puntos destacados basados en la descripci\u00f3n:<\/span><\/div>\n<\/div>\n<\/div>\n<\/div>\n<div class=\"relative flex w-full flex-col agent-turn\" style=\"text-align: left;\">\n<div class=\"flex-col gap-1 md:gap-3\">\n<div class=\"flex flex-grow flex-col max-w-full\">\n<div class=\"min-h-[20px] text-message flex flex-col items-start gap-3 whitespace-pre-wrap break-words [.text-message+&amp;]:mt-5 overflow-x-auto\" data-message-author-role=\"assistant\" data-message-id=\"5123ef86-1110-448c-b467-2ede2092c6ae\">\n<div class=\"markdown prose w-full break-words dark:prose-invert light\">\n<ol>\n<li><strong>Correa Decorada con Remaches y C\u00edrculos:<\/strong> La decoraci\u00f3n con remaches y c\u00edrculos puede agregar un toque \u00fanico y llamativo al cintur\u00f3n.<\/li>\n<li><strong>Hebilla Tallada en Metal:<\/strong> La hebilla tallada en metal agrega un elemento decorativo adicional, lo que podr\u00eda hacer que el cintur\u00f3n sea m\u00e1s elegante.<\/li>\n<li><strong>Cierre Ajustable:<\/strong> La capacidad de ajustar el cierre en la hebilla para adaptarse a diferentes tallas es pr\u00e1ctica y conveniente.<\/li>\n<li><strong>Ancho Adecuado:<\/strong> Con 5,5 cm de ancho, es un cintur\u00f3n que puede hacer una declaraci\u00f3n de moda y complementar varios atuendos.<\/li>\n<li><strong>Composici\u00f3n de Cuero:<\/strong> La correa de cuero ofrece durabilidad y un aspecto cl\u00e1sico. Aseg\u00farate de cuidar adecuadamente el cuero para mantener su calidad.<\/li>\n<li><strong>Talla \u00danica:<\/strong> La versatilidad de ser talla \u00fanica facilita la elecci\u00f3n y compra.<\/li>\n<\/ol>\n<p>Antes de comprarlo, aseg\u00farate de que se adapte a tus necesidades de estilo y tama\u00f1o. \u00bfHay algo m\u00e1s en lo que pueda ayudarte?<\/p>\n<\/div>\n<\/div>\n<\/div>\n<\/div>\n<\/div>\n<p style=\"text-align: left;\"><strong>Aviso importante<\/strong><\/p>\n<p style=\"text-align: left;\">Todos nuestros productos de cuero est\u00e1n hechos a mano y su nuevo bolso de cuero puede estar sujeta a una variaci\u00f3n natural en tama\u00f1o y color.<\/p>\n<p style=\"text-align: left;\">Las pieles utilizadas han sido procesadas y curtidas en una de las curtidur\u00edas m\u00e1s antiguas utilizando t\u00e9cnicas centenarias para dar al cuero acabado un aspecto antiguo \/ vintage.<br \/>\nPara los tama\u00f1os, permita 1-2 cm diferencia debido a la medida manual.<br \/>\nLas im\u00e1genes son 100% reales.<br \/>\nDebido al monitor del ordenador y el brillo real de la toma y otras razones, habr\u00e1 una cierta diferencia de color.<\/p>\n<!-- AddThis Advanced Settings generic via filter on the_content --><!-- AddThis Share Buttons generic via filter on the_content -->","protected":false},"excerpt":{"rendered":"<p style=\"text-align: left;\">Cintur\u00f3n c\u00edrculos ancho con remaches y chapas de metal. Su\u00a0correa de c\u00edrculos decorada con remaches, hebilla en metal tallada.<\/p>\n<p style=\"text-align: left;\">El cierre es con un enganche en la hebilla que puedes ajustar a tu medida, por lo que sirve para todas las tallas. Mide 5,5 cm de ancho y un largo m\u00e1ximo de 115 cm lo puedes usar en la cintura o en las caderas. Es la mejor opci\u00f3n para llevarlo con tus vestidos, blusones, preferidos ya que le va a dar el toque que est\u00e1s buscando en tu outfits m\u00e1s original.<\/p>\n<p style=\"text-align: left;\">Composici\u00f3n: Correa 100% cuero, Hebilla aleaci\u00f3n de metales. En la parte de la hebilla mide 6\u00a0cm. EL ancho del cintur\u00f3n es 5,5 cm y le largo 115cm aproximadamente.<\/p>\n<p style=\"text-align: left;\">TALLA \u00daNICA.<\/p>\n<h5 style=\"text-align: center;\"><strong>\u00bfAlguna duda? Ponte en contacto con nosotros a trav\u00e9s del bot\u00f3n del chat directo por whatsapp y te resolveremos las dudas al instante!<\/strong><\/h5>\n<p><!-- AddThis Advanced Settings generic via filter on get_the_excerpt --><!-- AddThis Share Buttons generic via filter on get_the_excerpt --><\/p>\n","protected":false},"featured_media":37572,"comment_status":"open","ping_status":"closed","template":"","meta":{"om_disable_all_campaigns":false,"_monsterinsights_skip_tracking":false,"_monsterinsights_sitenote_active":false,"_monsterinsights_sitenote_note":"","_monsterinsights_sitenote_category":0,"_uf_show_specific_survey":0,"_uf_disable_surveys":false},"product_brand":[1217],"product_cat":[393,951],"product_tag":[736,737,1087,290,889,258,340,341,264,333,1089,1034,744],"class_list":{"0":"post-37579","1":"product","2":"type-product","3":"status-publish","4":"has-post-thumbnail","6":"product_brand-ibags-belts","7":"product_cat-cinturon-con-tachas","8":"product_cat-fajin","9":"product_tag-boho","10":"product_tag-bohochic","11":"product_tag-cinto","12":"product_tag-cinturon","13":"product_tag-cinturon-asta","14":"product_tag-cinturon-cuero-cowboy-cinturon-cuero-de-vaca-cinturon-de-cuero-artesanal-bolso-de-cuero-cinturon-cuero-para-hombre-cinturon-para-mujer","15":"product_tag-cinturon-cuero-ancho-bohemian","16":"product_tag-cinturon-cuero-boho-chic","17":"product_tag-cinturon-cuero-de-vaca-cuero-de-cuero-cinturon-de-cuero-chapa","18":"product_tag-cinturon-cuero-vaca","19":"product_tag-cinturon-piel","20":"product_tag-cinturones","21":"product_tag-estilo-bohochic","23":"first","24":"instock","25":"shipping-taxable","26":"purchasable","27":"product-type-simple","28":"add-to-wishlist-after_add_to_cart","29":"layout-style-1","30":"col-md-4 col-sm-4 col-xs-6","31":"col-lg-3","32":"product-has-gallery","33":"product-style-default"},"aioseo_notices":[],"_links":{"self":[{"href":"https:\/\/www.ibagsbelts.com\/tienda\/wp-json\/wp\/v2\/product\/37579","targetHints":{"allow":["GET"]}}],"collection":[{"href":"https:\/\/www.ibagsbelts.com\/tienda\/wp-json\/wp\/v2\/product"}],"about":[{"href":"https:\/\/www.ibagsbelts.com\/tienda\/wp-json\/wp\/v2\/types\/product"}],"replies":[{"embeddable":true,"href":"https:\/\/www.ibagsbelts.com\/tienda\/wp-json\/wp\/v2\/comments?post=37579"}],"wp:featuredmedia":[{"embeddable":true,"href":"https:\/\/www.ibagsbelts.com\/tienda\/wp-json\/wp\/v2\/media\/37572"}],"wp:attachment":[{"href":"https:\/\/www.ibagsbelts.com\/tienda\/wp-json\/wp\/v2\/media?parent=37579"}],"wp:term":[{"taxonomy":"product_brand","embeddable":true,"href":"https:\/\/www.ibagsbelts.com\/tienda\/wp-json\/wp\/v2\/product_brand?post=37579"},{"taxonomy":"product_cat","embeddable":true,"href":"https:\/\/www.ibagsbelts.com\/tienda\/wp-json\/wp\/v2\/product_cat?post=37579"},{"taxonomy":"product_tag","embeddable":true,"href":"https:\/\/www.ibagsbelts.com\/tienda\/wp-json\/wp\/v2\/product_tag?post=37579"}],"curies":[{"name":"wp","href":"https:\/\/api.w.org\/{rel}","templated":true}]}}