{"id":37614,"date":"2025-09-23T22:04:47","date_gmt":"2025-09-23T20:04:47","guid":{"rendered":"https:\/\/www.ibagsbelts.com\/tienda\/?post_type=product&#038;p=37614"},"modified":"2026-03-08T18:54:28","modified_gmt":"2026-03-08T17:54:28","slug":"bolso-de-mano-de-piel-con-diseno-trenzado-en-color-camel-fernanda","status":"publish","type":"product","link":"https:\/\/www.ibagsbelts.com\/tienda\/producto\/bolso-de-mano-de-piel-con-diseno-trenzado-en-color-camel-fernanda\/","title":{"rendered":"Bolso de mano de piel con dise\u00f1o trenzado en color camel Fernanda"},"content":{"rendered":"<p class=\"p1\" style=\"text-align: left;\">Bolso de mano de piel con dise\u00f1o trenzado en color camel, elegante y sofisticado para cualquier ocasi\u00f3n.<\/p>\n<p class=\"p1\" style=\"text-align: left;\">Su silueta redondeada y detalles trenzados en el frente aportan un toque artesanal y exclusivo. Fabricado en piel de alta calidad con textura granulada, incluye dos asas cortas para llevarlo en la mano y una correa larga ajustable y desmontable para usarlo al hombro o cruzado.<\/p>\n<p class=\"p1\" style=\"text-align: left;\"><b>Caracter\u00edsticas:<\/b><\/p>\n<p class=\"p1\" style=\"text-align: left;\">\u2022Material: Piel aut\u00e9ntica granulada<\/p>\n<p class=\"p1\" style=\"text-align: left;\">\u2022Color: Camel<\/p>\n<p class=\"p1\" style=\"text-align: left;\">\u2022Detalles frontales con trenzado artesanal<\/p>\n<p class=\"p1\" style=\"text-align: left;\">\u2022Dos asas cortas + correa larga ajustable y desmontable<\/p>\n<p class=\"p1\" style=\"text-align: left;\">\u2022Cierre superior con cremallera<\/p>\n<p class=\"p1\" style=\"text-align: left;\">\u2022Interior amplio para organizar tus esenciales<\/p>\n<p class=\"p3\" style=\"text-align: left;\">Perfecto para un look elegante y funcional, ideal para el d\u00eda a d\u00eda o para dar un toque chic a tus outfits.<\/p>\n<p style=\"text-align: left;\"><strong>Aviso importante<\/strong><\/p>\n<p style=\"text-align: left;\">Todos nuestros productos de cuero est\u00e1n hechos a mano y su nueva bolsa de cuero puede estar sujeta a una variaci\u00f3n natural en tama\u00f1o y color.<br \/>\nPara los tama\u00f1os, permita 1-2 cm difiere debido a la medida manual.<br \/>\nLas im\u00e1genes son 100% reales.<br \/>\nDebido al monitor del ordenador y el brillo real de la toma y otras razones, habr\u00e1 una cierta diferencia de color.<\/p>\n<!-- AddThis Advanced Settings generic via filter on the_content --><!-- AddThis Share Buttons generic via filter on the_content -->","protected":false},"excerpt":{"rendered":"<p class=\"p1\" style=\"text-align: left;\">Su silueta redondeada y detalles trenzados en el frente aportan un toque artesanal y exclusivo. Fabricado en piel de alta calidad con textura granulada, incluye dos asas cortas para llevarlo en la mano y una correa larga ajustable y desmontable para usarlo al hombro o cruzado.<\/p>\n<p class=\"p1\" style=\"text-align: left;\"><b>Caracter\u00edsticas:<\/b><\/p>\n<p class=\"p1\" style=\"text-align: left;\">\u2022Material: Piel aut\u00e9ntica granulada<\/p>\n<p class=\"p1\" style=\"text-align: left;\">\u2022Color: Camel<\/p>\n<p class=\"p1\" style=\"text-align: left;\">\u2022Detalles frontales con trenzado artesanal<\/p>\n<p class=\"p1\" style=\"text-align: left;\">\u2022Dos asas cortas + correa larga ajustable y desmontable<\/p>\n<p class=\"p1\" style=\"text-align: left;\">\u2022Cierre superior con cremallera<\/p>\n<p class=\"p1\" style=\"text-align: left;\">\u2022Interior amplio para organizar tus esenciales<\/p>\n<p class=\"p3\" style=\"text-align: left;\">Perfecto para un look elegante y funcional, ideal para el d\u00eda a d\u00eda o para dar un toque chic a tus outfits.<\/p>\n<h5 style=\"text-align: center;\"><strong>\u00bfAlguna duda? Ponte en contacto con nosotros a trav\u00e9s del bot\u00f3n del chat directo por whatsApp y te resolveremos las dudas al instante!<\/strong><\/h5>\n<p><!-- AddThis Advanced Settings generic via filter on get_the_excerpt --><!-- AddThis Share Buttons generic via filter on get_the_excerpt --><\/p>\n","protected":false},"featured_media":37610,"comment_status":"open","ping_status":"closed","template":"","meta":{"om_disable_all_campaigns":false,"_monsterinsights_skip_tracking":false,"_monsterinsights_sitenote_active":false,"_monsterinsights_sitenote_note":"","_monsterinsights_sitenote_category":0,"_uf_show_specific_survey":0,"_uf_disable_surveys":false},"product_brand":[1217],"product_cat":[240,757,381],"product_tag":[1135,1096,301,877,266,299,305,778,313,255,1140,823,1036,727,302,281,905,1102],"class_list":{"0":"post-37614","1":"product","2":"type-product","3":"status-publish","4":"has-post-thumbnail","6":"product_brand-ibags-belts","7":"product_cat-bolsos-bandoleras-de-cuero-artesanal","8":"product_cat-bolso-clutch","9":"product_cat-bomboneras","10":"product_tag-accesorios-y-complementos","11":"product_tag-artesania","12":"product_tag-bandolera","13":"product_tag-bandoleras","14":"product_tag-bolso-bohemian-bolso-cuero-repujado-bolsos-cuero-retro-bolso-shopper-cuero-bolso-cuero-trenzado-bolso-cuero-troquelado","15":"product_tag-bolso-cuero","16":"product_tag-bolso-cuero-artesanal","17":"product_tag-bolso-cuero-de-vaca","18":"product_tag-bolso-cuero-hecho-a-mano","19":"product_tag-bolso-cuero-mujer","20":"product_tag-bolso-hombro","21":"product_tag-bolso-piel","22":"product_tag-bolso-piel-italiano","23":"product_tag-bolsos-bandoleras-cuero","24":"product_tag-bolsos-de-cuero","25":"product_tag-bolso-bohemian-bolso-cuero-para-hombre-bolso-cuero-repujado-bolsos-cuero-retro-bolso-shopper-cuero-bolso-cuero-trenzado-bolso-cuero-troquelado-bolso-cuero-vaca-bolso-cuero-viaje-hombre","26":"product_tag-casual","27":"product_tag-piel","29":"first","30":"instock","31":"shipping-taxable","32":"purchasable","33":"product-type-simple","34":"add-to-wishlist-after_add_to_cart","35":"layout-style-1","36":"col-md-4 col-sm-4 col-xs-6","37":"col-lg-3","38":"product-has-gallery","39":"product-style-default"},"aioseo_notices":[],"_links":{"self":[{"href":"https:\/\/www.ibagsbelts.com\/tienda\/wp-json\/wp\/v2\/product\/37614","targetHints":{"allow":["GET"]}}],"collection":[{"href":"https:\/\/www.ibagsbelts.com\/tienda\/wp-json\/wp\/v2\/product"}],"about":[{"href":"https:\/\/www.ibagsbelts.com\/tienda\/wp-json\/wp\/v2\/types\/product"}],"replies":[{"embeddable":true,"href":"https:\/\/www.ibagsbelts.com\/tienda\/wp-json\/wp\/v2\/comments?post=37614"}],"wp:featuredmedia":[{"embeddable":true,"href":"https:\/\/www.ibagsbelts.com\/tienda\/wp-json\/wp\/v2\/media\/37610"}],"wp:attachment":[{"href":"https:\/\/www.ibagsbelts.com\/tienda\/wp-json\/wp\/v2\/media?parent=37614"}],"wp:term":[{"taxonomy":"product_brand","embeddable":true,"href":"https:\/\/www.ibagsbelts.com\/tienda\/wp-json\/wp\/v2\/product_brand?post=37614"},{"taxonomy":"product_cat","embeddable":true,"href":"https:\/\/www.ibagsbelts.com\/tienda\/wp-json\/wp\/v2\/product_cat?post=37614"},{"taxonomy":"product_tag","embeddable":true,"href":"https:\/\/www.ibagsbelts.com\/tienda\/wp-json\/wp\/v2\/product_tag?post=37614"}],"curies":[{"name":"wp","href":"https:\/\/api.w.org\/{rel}","templated":true}]}}