{"id":37625,"date":"2025-09-24T22:09:44","date_gmt":"2025-09-24T20:09:44","guid":{"rendered":"https:\/\/www.ibagsbelts.com\/tienda\/?post_type=product&#038;p=37625"},"modified":"2026-03-08T18:52:00","modified_gmt":"2026-03-08T17:52:00","slug":"bolso-camel-de-ante-y-piel-con-detalle-de-tachuelas-amalia","status":"publish","type":"product","link":"https:\/\/www.ibagsbelts.com\/tienda\/producto\/bolso-camel-de-ante-y-piel-con-detalle-de-tachuelas-amalia\/","title":{"rendered":"Bolso camel de ante y piel con detalle de tachuelas Amalia"},"content":{"rendered":"<p class=\"p1\" style=\"text-align: left;\">Bolso de ante y piel con detalle de tachuelas, ideal para un look sofisticado y vers\u00e1til.<\/p>\n<p class=\"p1\" style=\"text-align: left;\">Su cuerpo principal est\u00e1 confeccionado en suave ante camel con refuerzos de piel lisa en las esquinas y asas, decorados con peque\u00f1as tachuelas doradas que aportan un toque elegante y actual. Incluye asas cortas para llevar en la mano y correa larga ajustable y desmontable para llevar al hombro o cruzado.<\/p>\n<p class=\"p1\" style=\"text-align: left;\"><b>Caracter\u00edsticas:<\/b><\/p>\n<p class=\"p1\" style=\"text-align: left;\">\u2022Material: Ante y piel aut\u00e9ntica<\/p>\n<p class=\"p1\" style=\"text-align: left;\">\u2022Color: Camel<\/p>\n<p class=\"p1\" style=\"text-align: left;\">\u2022Detalles de tachuelas doradas en asas y esquinas<\/p>\n<p class=\"p1\" style=\"text-align: left;\">\u2022Asas cortas integradas + correa larga ajustable y desmontable<\/p>\n<p class=\"p1\" style=\"text-align: left;\">\u2022Base reforzada con pies met\u00e1licos para mayor protecci\u00f3n<\/p>\n<p class=\"p1\" style=\"text-align: left;\">\u2022Cierre superior con cremallera<\/p>\n<p class=\"p1\" style=\"text-align: left;\">\u2022Interior amplio para tus esenciales diarios<\/p>\n<p style=\"text-align: left;\">\u2022Medidas 28 cm de largo, 23 cm alto, 7 cm fondo<\/p>\n<div class=\"woocommerce-tabs wc-tabs-wrapper\">\n<div id=\"tab-description\" class=\"woocommerce-Tabs-panel woocommerce-Tabs-panel--description panel entry-content wc-tab\" role=\"tabpanel\" aria-labelledby=\"tab-title-description\">\n<div class=\"container\">\n<p style=\"text-align: left;\"><strong>Aviso importante<\/strong><\/p>\n<p style=\"text-align: left;\">Todos nuestros productos de cuero est\u00e1n hechos a mano y su nueva bolsa de cuero puede estar sujeta a una variaci\u00f3n natural en tama\u00f1o y color.<br \/>\nPara los tama\u00f1os, permita 1-2 cm difiere debido a la medida manual.<br \/>\nLas im\u00e1genes son 100% reales.<br \/>\nDebido al monitor del ordenador y el brillo real de la toma y otras razones, habr\u00e1 una cierta diferencia de color.<\/p>\n<\/div>\n<\/div>\n<\/div>\n<!-- AddThis Advanced Settings generic via filter on the_content --><!-- AddThis Share Buttons generic via filter on the_content -->","protected":false},"excerpt":{"rendered":"<p class=\"p1\" style=\"text-align: left;\">Su cuerpo principal est\u00e1 confeccionado en suave ante camel con refuerzos de piel lisa en las esquinas y asas, decorados con peque\u00f1as tachuelas doradas que aportan un toque elegante y actual. Incluye asas cortas para llevar en la mano y correa larga ajustable y desmontable para llevar al hombro o cruzado.<\/p>\n<p class=\"p1\" style=\"text-align: left;\"><b>Caracter\u00edsticas:<\/b><\/p>\n<p class=\"p1\" style=\"text-align: left;\">\u2022Material: Ante y piel aut\u00e9ntica<\/p>\n<p class=\"p1\" style=\"text-align: left;\">\u2022Detalles de tachuelas doradas en asas y esquinas<\/p>\n<p class=\"p1\" style=\"text-align: left;\">\u2022Asas cortas integradas + correa larga ajustable y desmontable<\/p>\n<p class=\"p1\" style=\"text-align: left;\">\u2022Base reforzada con pies met\u00e1licos para mayor protecci\u00f3n<\/p>\n<p class=\"p1\" style=\"text-align: left;\">\u2022Cierre superior con cremallera<\/p>\n<p style=\"text-align: left;\">\u2022Medidas 28 cm de largo, 23 cm alto, 7 cm fondo<\/p>\n<p class=\"p1\" style=\"text-align: left;\">\u2022Interior amplio para tus esenciales diarios<\/p>\n<p class=\"p3\" style=\"text-align: left;\">Perfecto para complementar tus looks de d\u00eda con un estilo casual-chic y un acabado artesanal.<\/p>\n<div class=\"woocommerce-product-details__short-description\">\n<h5 style=\"text-align: left;\"><strong>\u00bfAlguna duda? Ponte en contacto con nosotros a trav\u00e9s del bot\u00f3n del chat directo por whatsApp y te resolveremos las dudas al instante!<\/strong><\/h5>\n<\/div>\n<p><!-- AddThis Advanced Settings generic via filter on get_the_excerpt --><!-- AddThis Share Buttons generic via filter on get_the_excerpt --><\/p>\n","protected":false},"featured_media":37629,"comment_status":"open","ping_status":"closed","template":"","meta":{"om_disable_all_campaigns":false,"_monsterinsights_skip_tracking":false,"_monsterinsights_sitenote_active":false,"_monsterinsights_sitenote_note":"","_monsterinsights_sitenote_category":0,"_uf_show_specific_survey":0,"_uf_disable_surveys":false},"product_brand":[1217],"product_cat":[240,757],"product_tag":[1135,301,877,266,327,303,299,305,268,316,313,823,1036,727,302,281,744,1102],"class_list":{"0":"post-37625","1":"product","2":"type-product","3":"status-publish","4":"has-post-thumbnail","6":"product_brand-ibags-belts","7":"product_cat-bolsos-bandoleras-de-cuero-artesanal","8":"product_cat-bolso-clutch","9":"product_tag-accesorios-y-complementos","10":"product_tag-bandolera","11":"product_tag-bandoleras","12":"product_tag-bolso-bohemian-bolso-cuero-repujado-bolsos-cuero-retro-bolso-shopper-cuero-bolso-cuero-trenzado-bolso-cuero-troquelado","13":"product_tag-bolso-bandolera-cuero-bicolor","14":"product_tag-bolso-bohemian","15":"product_tag-bolso-cuero","16":"product_tag-bolso-cuero-artesanal","17":"product_tag-bolso-cuero-boho-bolso-cuero-con-tachuelas-bolsos-cuero-caballero-bolso-cuero-de-hombre-bolso-cuero-de-viaje-bolso-cuero-de-vaca-bolso-de-cuero-artesanal-bolso-de-cuero","18":"product_tag-bolso-cuero-con-tachuelas","19":"product_tag-bolso-cuero-hecho-a-mano","20":"product_tag-bolso-piel","21":"product_tag-bolso-piel-italiano","22":"product_tag-bolsos-bandoleras-cuero","23":"product_tag-bolsos-de-cuero","24":"product_tag-bolso-bohemian-bolso-cuero-para-hombre-bolso-cuero-repujado-bolsos-cuero-retro-bolso-shopper-cuero-bolso-cuero-trenzado-bolso-cuero-troquelado-bolso-cuero-vaca-bolso-cuero-viaje-hombre","25":"product_tag-estilo-bohochic","26":"product_tag-piel","28":"first","29":"instock","30":"shipping-taxable","31":"purchasable","32":"product-type-simple","33":"add-to-wishlist-after_add_to_cart","34":"layout-style-1","35":"col-md-4 col-sm-4 col-xs-6","36":"col-lg-3","37":"product-has-gallery","38":"product-style-default"},"aioseo_notices":[],"_links":{"self":[{"href":"https:\/\/www.ibagsbelts.com\/tienda\/wp-json\/wp\/v2\/product\/37625","targetHints":{"allow":["GET"]}}],"collection":[{"href":"https:\/\/www.ibagsbelts.com\/tienda\/wp-json\/wp\/v2\/product"}],"about":[{"href":"https:\/\/www.ibagsbelts.com\/tienda\/wp-json\/wp\/v2\/types\/product"}],"replies":[{"embeddable":true,"href":"https:\/\/www.ibagsbelts.com\/tienda\/wp-json\/wp\/v2\/comments?post=37625"}],"wp:featuredmedia":[{"embeddable":true,"href":"https:\/\/www.ibagsbelts.com\/tienda\/wp-json\/wp\/v2\/media\/37629"}],"wp:attachment":[{"href":"https:\/\/www.ibagsbelts.com\/tienda\/wp-json\/wp\/v2\/media?parent=37625"}],"wp:term":[{"taxonomy":"product_brand","embeddable":true,"href":"https:\/\/www.ibagsbelts.com\/tienda\/wp-json\/wp\/v2\/product_brand?post=37625"},{"taxonomy":"product_cat","embeddable":true,"href":"https:\/\/www.ibagsbelts.com\/tienda\/wp-json\/wp\/v2\/product_cat?post=37625"},{"taxonomy":"product_tag","embeddable":true,"href":"https:\/\/www.ibagsbelts.com\/tienda\/wp-json\/wp\/v2\/product_tag?post=37625"}],"curies":[{"name":"wp","href":"https:\/\/api.w.org\/{rel}","templated":true}]}}