{"id":37759,"date":"2025-10-04T13:12:49","date_gmt":"2025-10-04T11:12:49","guid":{"rendered":"https:\/\/www.ibagsbelts.com\/tienda\/?post_type=product&#038;p=37759"},"modified":"2026-03-08T13:55:11","modified_gmt":"2026-03-08T12:55:11","slug":"bolso-shopper-con-estampado-vaca-elisa","status":"publish","type":"product","link":"https:\/\/www.ibagsbelts.com\/tienda\/producto\/bolso-shopper-con-estampado-vaca-elisa\/","title":{"rendered":"Bolso shopper con estampado vaca Elisa"},"content":{"rendered":"<p class=\"p1\" style=\"text-align: left;\">Bolso shopper con estampado cebra, ideal para quienes buscan un accesorio con personalidad y estilo.<\/p>\n<p class=\"p1\" style=\"text-align: left;\">Fabricado en piel con acabado tipo pelo natural, su dise\u00f1o combina el cl\u00e1sico blanco y negro en un patr\u00f3n animal print que nunca pasa de moda. Cuenta con asas cortas reforzadas y una correa larga ajustable y desmontable para mayor comodidad.<\/p>\n<p class=\"p1\" style=\"text-align: left;\">Su interior espacioso permite llevar todo lo necesario para el d\u00eda a d\u00eda: cartera, m\u00f3vil, agenda y m\u00e1s. Perfecto para a\u00f1adir un toque atrevido y chic a cualquier look.<\/p>\n<p class=\"p1\" style=\"text-align: left;\"><b>Caracter\u00edsticas:<\/b><\/p>\n<p class=\"p1\" style=\"text-align: left;\">\u2022Material: Piel con acabado tipo pelo<\/p>\n<p class=\"p1\" style=\"text-align: left;\">\u2022Estampado: Vaca blanco y negro<\/p>\n<p class=\"p1\" style=\"text-align: left;\">\u2022Asas cortas + correa larga ajustable y desmontable<\/p>\n<p class=\"p1\" style=\"text-align: left;\">\u2022Cierre superior con click de im\u00e1m<\/p>\n<p class=\"p1\" style=\"text-align: left;\">\u2022Interior amplio y funcional<\/p>\n<p class=\"p1\" style=\"text-align: left;\">\u00b7Medidas: 34 cm largo x 16 cm x 30 cm alto.<\/p>\n<p class=\"p3\" style=\"text-align: left;\">Un bolso llamativo y elegante que combina moda y practicidad, ideal para destacar en cualquier ocasi\u00f3n.<\/p>\n<p style=\"text-align: left;\"><strong>Aviso importante<\/strong><\/p>\n<p style=\"text-align: left;\">Todos nuestros productos de cuero est\u00e1n hechos a mano y su nueva bolsa de cuero puede estar sujeta a una variaci\u00f3n natural en tama\u00f1o y color.<br \/>\nPara los tama\u00f1os, permita 1-2 cm difiere debido a la medida manual.<br \/>\nLas im\u00e1genes son 100% reales.<br \/>\nDebido al monitor del ordenador y el brillo real de la toma y otras razones, habr\u00e1 una cierta diferencia de color.<\/p>\n<!-- AddThis Advanced Settings generic via filter on the_content --><!-- AddThis Share Buttons generic via filter on the_content -->","protected":false},"excerpt":{"rendered":"<p class=\"p1\" style=\"text-align: left;\">Fabricado en piel con acabado tipo pelo natural, su dise\u00f1o combina el cl\u00e1sico blanco y negro en un patr\u00f3n animal print que nunca pasa de moda. Cuenta con asas cortas reforzadas y una correa larga ajustable y desmontable para mayor comodidad.<\/p>\n<p class=\"p1\" style=\"text-align: left;\">Su interior espacioso permite llevar todo lo necesario para el d\u00eda a d\u00eda: cartera, m\u00f3vil, agenda y m\u00e1s. Perfecto para a\u00f1adir un toque atrevido y chic a cualquier look.<\/p>\n<p class=\"p1\" style=\"text-align: left;\"><b>Caracter\u00edsticas:<\/b><\/p>\n<p class=\"p1\" style=\"text-align: left;\">\u2022Material: Piel con acabado tipo pelo<\/p>\n<p class=\"p1\" style=\"text-align: left;\">\u2022Estampado: Vaca blanco y negro<\/p>\n<p class=\"p1\" style=\"text-align: left;\">\u2022Asas cortas + correa larga ajustable y desmontable<\/p>\n<p class=\"p1\" style=\"text-align: left;\">\u2022Cierre superior con click de im\u00e1m<\/p>\n<p class=\"p1\" style=\"text-align: left;\">\u2022Interior amplio y funcional<\/p>\n<p class=\"p1\" style=\"text-align: left;\">\u00b7Medidas: 34 cm largo x 16 cm x 30 cm alto.<\/p>\n<p class=\"p3\" style=\"text-align: left;\">Un bolso llamativo y elegante que combina moda y practicidad, ideal para destacar en cualquier ocasi\u00f3n.<\/p>\n<div class=\"woocommerce-product-details__short-description\">\n<h5 style=\"text-align: center;\"><strong>Le informamos que, en los modelos de potro, los colores pueden variar dependiendo del corte de la piel, por lo que podr\u00edan diferir de los mostrados en la fotograf\u00eda.<\/strong><\/h5>\n<\/div>\n<p><!-- AddThis Advanced Settings generic via filter on get_the_excerpt --><!-- AddThis Share Buttons generic via filter on get_the_excerpt --><\/p>\n","protected":false},"featured_media":37760,"comment_status":"open","ping_status":"closed","template":"","meta":{"om_disable_all_campaigns":false,"_monsterinsights_skip_tracking":false,"_monsterinsights_sitenote_active":false,"_monsterinsights_sitenote_note":"","_monsterinsights_sitenote_category":0,"_uf_show_specific_survey":0,"_uf_disable_surveys":false},"product_brand":[1217],"product_cat":[240,757,41],"product_tag":[301,877,736,737,266,299,305,315,268,313,255,823,1036,784,727,302,743,1102,1038],"class_list":{"0":"post-37759","1":"product","2":"type-product","3":"status-publish","4":"has-post-thumbnail","6":"product_brand-ibags-belts","7":"product_cat-bolsos-bandoleras-de-cuero-artesanal","8":"product_cat-bolso-clutch","9":"product_cat-shoppers","10":"product_tag-bandolera","11":"product_tag-bandoleras","12":"product_tag-boho","13":"product_tag-bohochic","14":"product_tag-bolso-bohemian-bolso-cuero-repujado-bolsos-cuero-retro-bolso-shopper-cuero-bolso-cuero-trenzado-bolso-cuero-troquelado","15":"product_tag-bolso-cuero","16":"product_tag-bolso-cuero-artesanal","17":"product_tag-bolso-cuero-artesano","18":"product_tag-bolso-cuero-boho-bolso-cuero-con-tachuelas-bolsos-cuero-caballero-bolso-cuero-de-hombre-bolso-cuero-de-viaje-bolso-cuero-de-vaca-bolso-de-cuero-artesanal-bolso-de-cuero","19":"product_tag-bolso-cuero-hecho-a-mano","20":"product_tag-bolso-cuero-mujer","21":"product_tag-bolso-piel","22":"product_tag-bolso-piel-italiano","23":"product_tag-bolso-trenzados","24":"product_tag-bolsos-bandoleras-cuero","25":"product_tag-bolsos-de-cuero","26":"product_tag-estilo-boho","27":"product_tag-piel","28":"product_tag-piel-lavada","30":"first","31":"instock","32":"shipping-taxable","33":"purchasable","34":"product-type-simple","35":"add-to-wishlist-after_add_to_cart","36":"layout-style-1","37":"col-md-4 col-sm-4 col-xs-6","38":"col-lg-3","39":"product-has-gallery","40":"product-style-default"},"aioseo_notices":[],"_links":{"self":[{"href":"https:\/\/www.ibagsbelts.com\/tienda\/wp-json\/wp\/v2\/product\/37759","targetHints":{"allow":["GET"]}}],"collection":[{"href":"https:\/\/www.ibagsbelts.com\/tienda\/wp-json\/wp\/v2\/product"}],"about":[{"href":"https:\/\/www.ibagsbelts.com\/tienda\/wp-json\/wp\/v2\/types\/product"}],"replies":[{"embeddable":true,"href":"https:\/\/www.ibagsbelts.com\/tienda\/wp-json\/wp\/v2\/comments?post=37759"}],"wp:featuredmedia":[{"embeddable":true,"href":"https:\/\/www.ibagsbelts.com\/tienda\/wp-json\/wp\/v2\/media\/37760"}],"wp:attachment":[{"href":"https:\/\/www.ibagsbelts.com\/tienda\/wp-json\/wp\/v2\/media?parent=37759"}],"wp:term":[{"taxonomy":"product_brand","embeddable":true,"href":"https:\/\/www.ibagsbelts.com\/tienda\/wp-json\/wp\/v2\/product_brand?post=37759"},{"taxonomy":"product_cat","embeddable":true,"href":"https:\/\/www.ibagsbelts.com\/tienda\/wp-json\/wp\/v2\/product_cat?post=37759"},{"taxonomy":"product_tag","embeddable":true,"href":"https:\/\/www.ibagsbelts.com\/tienda\/wp-json\/wp\/v2\/product_tag?post=37759"}],"curies":[{"name":"wp","href":"https:\/\/api.w.org\/{rel}","templated":true}]}}