{"id":37928,"date":"2025-10-15T23:55:44","date_gmt":"2025-10-15T21:55:44","guid":{"rendered":"https:\/\/www.ibagsbelts.com\/tienda\/?post_type=product&#038;p=37928"},"modified":"2026-03-08T13:46:12","modified_gmt":"2026-03-08T12:46:12","slug":"bolso-saco-de-serraje-verde-para-mujer-pamela","status":"publish","type":"product","link":"https:\/\/www.ibagsbelts.com\/tienda\/producto\/bolso-saco-de-serraje-verde-para-mujer-pamela\/","title":{"rendered":"Bolso saco de serraje verde para mujer Pamela"},"content":{"rendered":"<p class=\"p1\" style=\"text-align: left;\">Bolso grande tipo cubo para mujer, elaborado en <b>ante natural italiano<\/b> de primera calidad. Su dise\u00f1o <b>minimalista y elegante<\/b> combina funcionalidad y estilo, convirti\u00e9ndolo en un accesorio imprescindible para el d\u00eda a d\u00eda.<\/p>\n<p class=\"p1\" style=\"text-align: left;\">De formato amplio, permite llevar c\u00f3modamente documentos tama\u00f1o A4, sin perder su est\u00e9tica sofisticada. Las paredes blandas y la textura suave del ante le aportan un aire relajado pero refinado.<\/p>\n<p class=\"p1\" style=\"text-align: left;\">Cuenta con una <b>asa ancha de cuero<\/b> que permite llevarlo c\u00f3modamente al hombro y un <b>cierre superior con cremallera<\/b> para mayor seguridad. Los herrajes en color plata complementan el dise\u00f1o con un toque moderno y discreto.<\/p>\n<p class=\"p1\" style=\"text-align: left;\"><b>Caracter\u00edsticas:<\/b><\/p>\n<p class=\"p1\" style=\"text-align: left;\">\u2022Material: Cuero y ante natural italiano<\/p>\n<p class=\"p1\" style=\"text-align: left;\">\u2022Fabricaci\u00f3n: Italia<\/p>\n<p class=\"p1\" style=\"text-align: left;\">\u2022Tama\u00f1o: Grande (cabe A4)<\/p>\n<p class=\"p1\" style=\"text-align: left;\">\u2022Color de los accesorios: Plata<\/p>\n<p class=\"p1\" style=\"text-align: left;\">\u2022Cierre: Cremallera superior<\/p>\n<p class=\"p1\" style=\"text-align: left;\">\u2022Correa: No incluye<\/p>\n<p class=\"p1\" style=\"text-align: left;\">\u2022Asa: Ancha de cuero (largo aprox. 55 cm \/ altura 25 cm)<\/p>\n<p class=\"p1\" style=\"text-align: left;\">\u2022Medidas: 32 cm (alto) x 43 cm (ancho) x 15 cm (profundidad)<\/p>\n<p class=\"p1\" style=\"text-align: left;\">\u2022Peso: 0,4 kg<\/p>\n<p class=\"p1\" style=\"text-align: left;\">\u2022Forro: Sin forro<\/p>\n<p class=\"p1\" style=\"text-align: left;\">\u2022Dise\u00f1o: Minimalista, vertical y sin patr\u00f3n<\/p>\n<p class=\"p3\" style=\"text-align: left;\">Un bolso exclusivo de <b>Ibagsbelts<\/b>, cuidadosamente elaborado con atenci\u00f3n al detalle, que refleja la calidad y la artesan\u00eda del dise\u00f1o italiano.<\/p>\n<p class=\"p1\" style=\"text-align: left;\"><strong>Aviso importante<\/strong><\/p>\n<p style=\"text-align: left;\">Todos nuestros productos de cuero est\u00e1n hechos a mano y su nueva bolsa de cuero puede estar sujeta a una variaci\u00f3n natural en tama\u00f1o y color.<br \/>\nPara los tama\u00f1os, permita 1-2 cm difiere debido a la medida manual.<br \/>\nLas im\u00e1genes son 100% reales.<br \/>\nDebido al monitor del ordenador y el brillo real de la toma y otras razones, habr\u00e1 una cierta diferencia de color.<\/p>\n<!-- AddThis Advanced Settings generic via filter on the_content --><!-- AddThis Share Buttons generic via filter on the_content -->","protected":false},"excerpt":{"rendered":"<p class=\"p1\" style=\"text-align: left;\">Descubre el <b>bolso shopper perfecto<\/b> para mujeres que buscan <b>estilo, comodidad y calidad<\/b> en su d\u00eda a d\u00eda. Fabricado en <b>piel serraje Italiana de primera calidad<\/b>, este bolso es <b>ligero, espacioso y s\u00faper vers\u00e1til<\/b>, ideal para llevar todo lo que necesitas sin perder la elegancia.<\/p>\n<p class=\"p1\" style=\"text-align: left;\">\u00a0<b>Formato A4<\/b>, perfecto para documentos, tablets o accesorios. <b>Cierre con cremallera<\/b>.<\/p>\n<p class=\"p1\" style=\"text-align: left;\">Disponible en <b>varios tonos vibrantes<\/b> para combinar con cualquier look.<\/p>\n<p class=\"p1\" style=\"text-align: left;\"><b>Medidas:<\/b> 33 cm (alto) x 41 cm (ancho) x 15 cm (grosor).<\/p>\n<h5 class=\"p1\" style=\"text-align: center;\"><strong>\u00bfAlguna duda? Ponte en contacto con nosotros a trav\u00e9s del bot\u00f3n del chat directo por whatsApp y te resolveremos las dudas al instante!<\/strong><\/h5>\n<p><!-- AddThis Advanced Settings generic via filter on get_the_excerpt --><!-- AddThis Share Buttons generic via filter on get_the_excerpt --><\/p>\n","protected":false},"featured_media":37899,"comment_status":"open","ping_status":"closed","template":"","meta":{"om_disable_all_campaigns":false,"_monsterinsights_skip_tracking":false,"_monsterinsights_sitenote_active":false,"_monsterinsights_sitenote_note":"","_monsterinsights_sitenote_category":0,"_uf_show_specific_survey":0,"_uf_disable_surveys":false},"product_brand":[1217],"product_cat":[40,1306],"product_tag":[1135,1044,1020,299,305,315,255,1140,1036,1041,727,302,281,1215,753,1270,1166,263],"class_list":{"0":"post-37928","1":"product","2":"type-product","3":"status-publish","4":"has-post-thumbnail","6":"product_brand-ibags-belts","7":"product_cat-bolsos-de-hombro","8":"product_cat-bolsos-saco-hobo","9":"product_tag-accesorios-y-complementos","10":"product_tag-ante","11":"product_tag-bolso-boho","12":"product_tag-bolso-cuero","13":"product_tag-bolso-cuero-artesanal","14":"product_tag-bolso-cuero-artesano","15":"product_tag-bolso-cuero-mujer","16":"product_tag-bolso-hombro","17":"product_tag-bolso-piel-italiano","18":"product_tag-bolso-saco","19":"product_tag-bolsos-bandoleras-cuero","20":"product_tag-bolsos-de-cuero","21":"product_tag-bolso-bohemian-bolso-cuero-para-hombre-bolso-cuero-repujado-bolsos-cuero-retro-bolso-shopper-cuero-bolso-cuero-trenzado-bolso-cuero-troquelado-bolso-cuero-vaca-bolso-cuero-viaje-hombre","22":"product_tag-bolsosaco","23":"product_tag-complementos-de-cuero","24":"product_tag-serraje","25":"product_tag-shopper","26":"product_tag-bolso-cuero-artesanal-bolso-cuero-artesanal-hombre-bolso-cuero-boho-bolso-cuero-con-tachuelas-bolsos-cuero-caballero-bolso-cuero-de-hombre-bolso-cuero-de-viaje","28":"first","29":"instock","30":"shipping-taxable","31":"purchasable","32":"product-type-simple","33":"add-to-wishlist-after_add_to_cart","34":"layout-style-1","35":"col-md-4 col-sm-4 col-xs-6","36":"col-lg-3","37":"product-has-gallery","38":"product-style-default"},"aioseo_notices":[],"_links":{"self":[{"href":"https:\/\/www.ibagsbelts.com\/tienda\/wp-json\/wp\/v2\/product\/37928","targetHints":{"allow":["GET"]}}],"collection":[{"href":"https:\/\/www.ibagsbelts.com\/tienda\/wp-json\/wp\/v2\/product"}],"about":[{"href":"https:\/\/www.ibagsbelts.com\/tienda\/wp-json\/wp\/v2\/types\/product"}],"replies":[{"embeddable":true,"href":"https:\/\/www.ibagsbelts.com\/tienda\/wp-json\/wp\/v2\/comments?post=37928"}],"wp:featuredmedia":[{"embeddable":true,"href":"https:\/\/www.ibagsbelts.com\/tienda\/wp-json\/wp\/v2\/media\/37899"}],"wp:attachment":[{"href":"https:\/\/www.ibagsbelts.com\/tienda\/wp-json\/wp\/v2\/media?parent=37928"}],"wp:term":[{"taxonomy":"product_brand","embeddable":true,"href":"https:\/\/www.ibagsbelts.com\/tienda\/wp-json\/wp\/v2\/product_brand?post=37928"},{"taxonomy":"product_cat","embeddable":true,"href":"https:\/\/www.ibagsbelts.com\/tienda\/wp-json\/wp\/v2\/product_cat?post=37928"},{"taxonomy":"product_tag","embeddable":true,"href":"https:\/\/www.ibagsbelts.com\/tienda\/wp-json\/wp\/v2\/product_tag?post=37928"}],"curies":[{"name":"wp","href":"https:\/\/api.w.org\/{rel}","templated":true}]}}