{"id":38036,"date":"2025-11-02T11:53:15","date_gmt":"2025-11-02T10:53:15","guid":{"rendered":"https:\/\/www.ibagsbelts.com\/tienda\/?post_type=product&#038;p=38036"},"modified":"2026-03-08T13:30:53","modified_gmt":"2026-03-08T12:30:53","slug":"bolso-de-serraje-negro-con-flecos-ambar","status":"publish","type":"product","link":"https:\/\/www.ibagsbelts.com\/tienda\/producto\/bolso-de-serraje-negro-con-flecos-ambar\/","title":{"rendered":"Bolso de serraje negro con flecos Ambar"},"content":{"rendered":"<p style=\"text-align: left;\">\u00a1Descubre la pieza perfecta para complementar tu estilo boho!<\/p>\n<p style=\"text-align: left;\">Este bolso con flecos y detalles de tachuelas en color oro viejo es una verdadera joya que se adapta a cualquier ocasi\u00f3n. Fabricada en cuero de alta calidad, ofrece la estabilidad necesaria para acompa\u00f1arte en tu d\u00eda a d\u00eda con estilo y comodidad. Con un pr\u00e1ctico bolsillo interior en el forro de algod\u00f3n, tendr\u00e1s espacio m\u00e1s que suficiente para llevar contigo tus documentos, llaves, agenda o tu iPhone. Adem\u00e1s, cuenta con un compartimento especial para tu monedero, manteni\u00e9ndolo todo organizado y al alcance de tu mano.<\/p>\n<p style=\"text-align: left;\">\u00bfTienes m\u00faltiples actividades planeadas para hoy? \u00a1No hay problema! Este bolso es vers\u00e1til y se adapta a cualquier situaci\u00f3n. Si amas el estilo boho y disfrutas de los detalles como los flecos al son del viento, entonces este es el bolso perfecto para ti. \u00a1No esperes m\u00e1s y hazlo tuyo hoy mismo!<\/p>\n<p style=\"text-align: left;\"><strong>Aviso importante<\/strong><\/p>\n<p style=\"text-align: left;\">Todos nuestros productos de cuero puede estar sujeta a una variaci\u00f3n natural en tama\u00f1o y color.<\/p>\n<p style=\"text-align: left;\">Las pieles utilizadas han sido procesadas y curtidas en una de las curtidur\u00edas m\u00e1s antiguas utilizando t\u00e9cnicas centenarias para dar al cuero acabado un aspecto antiguo \/ vintage.<\/p>\n<p style=\"text-align: left;\">Para los tama\u00f1os, permita 1-2 cm diferencia debido a la medida manual. Las im\u00e1genes son 100% reales. Debido al monitor del ordenador y el brillo real de la toma y otras razones, habr\u00e1 una cierta diferencia de color.<\/p>\n<!-- AddThis Advanced Settings generic via filter on the_content --><!-- AddThis Share Buttons generic via filter on the_content -->","protected":false},"excerpt":{"rendered":"<div class=\"woocommerce-product-details__short-description\">\n<p class=\"p1\" style=\"text-align: left;\">Bolso de hombro con forma de media luna y detalle de flecos, elaborado en piel de alta calidad. Su dise\u00f1o combina elegancia y estilo bohemio, convirti\u00e9ndolo en el complemento perfecto para elevar cualquier look.<\/p>\n<p class=\"p1\" style=\"text-align: left;\">La suavidad de la piel y el movimiento natural de los flecos aportan un toque sofisticado y artesanal.<\/p>\n<p class=\"p1\" style=\"text-align: left;\">Este art\u00edculo ha sido <b>dise\u00f1ado y fabricado \u00edntegramente en Europa<\/b>, garantizando un acabado cuidado y materiales de primera calidad.<\/p>\n<p class=\"p1\" style=\"text-align: left;\"><b>Caracter\u00edsticas:<\/b><\/p>\n<p class=\"p1\" style=\"text-align: left;\">\u2022Material: Piel Serraje aut\u00e9ntica<\/p>\n<p class=\"p1\" style=\"text-align: left;\">\u2022Forma: Media luna<\/p>\n<p class=\"p1\" style=\"text-align: left;\">\u2022Detalle decorativo: Flecos laterales y tachuelas en oro viejo<\/p>\n<p class=\"p1\" style=\"text-align: left;\">\u2022Fabricaci\u00f3n 100 % europea<\/p>\n<p class=\"p3\" style=\"text-align: left;\">\u2022Estilo: Boho chic y elegante<\/p>\n<p style=\"text-align: left;\">Dimensiones: 31 cm largo x 15 cm alto<\/p>\n<h5 style=\"text-align: center;\"><strong>\u00bfAlguna duda? Ponte en contacto con nosotros a trav\u00e9s del bot\u00f3n del chat directo por whatsApp y te resolveremos las dudas al instante<\/strong><\/h5>\n<\/div>\n<p><!-- AddThis Advanced Settings generic via filter on get_the_excerpt --><!-- AddThis Share Buttons generic via filter on get_the_excerpt --><\/p>\n","protected":false},"featured_media":38037,"comment_status":"open","ping_status":"closed","template":"","meta":{"om_disable_all_campaigns":false,"_monsterinsights_skip_tracking":false,"_monsterinsights_sitenote_active":false,"_monsterinsights_sitenote_note":"","_monsterinsights_sitenote_category":0,"_uf_show_specific_survey":0,"_uf_disable_surveys":false},"product_brand":[1217],"product_cat":[240,757,40,1306],"product_tag":[1044,1096,736,737,303,1020,299,305,315,268,312,329,255,823,1050,1049,743,744,1129],"class_list":{"0":"post-38036","1":"product","2":"type-product","3":"status-publish","4":"has-post-thumbnail","6":"product_brand-ibags-belts","7":"product_cat-bolsos-bandoleras-de-cuero-artesanal","8":"product_cat-bolso-clutch","9":"product_cat-bolsos-de-hombro","10":"product_cat-bolsos-saco-hobo","11":"product_tag-ante","12":"product_tag-artesania","13":"product_tag-boho","14":"product_tag-bohochic","15":"product_tag-bolso-bohemian","16":"product_tag-bolso-boho","17":"product_tag-bolso-cuero","18":"product_tag-bolso-cuero-artesanal","19":"product_tag-bolso-cuero-artesano","20":"product_tag-bolso-cuero-boho-bolso-cuero-con-tachuelas-bolsos-cuero-caballero-bolso-cuero-de-hombre-bolso-cuero-de-viaje-bolso-cuero-de-vaca-bolso-de-cuero-artesanal-bolso-de-cuero","21":"product_tag-bolso-cuero-flecos","22":"product_tag-bolso-cuero-hippie","23":"product_tag-bolso-cuero-mujer","24":"product_tag-bolso-piel","25":"product_tag-bolso-remaches","26":"product_tag-bolsos-remaches","27":"product_tag-estilo-boho","28":"product_tag-estilo-bohochic","29":"product_tag-tachas","31":"first","32":"instock","33":"sale","34":"shipping-taxable","35":"purchasable","36":"product-type-simple","37":"add-to-wishlist-after_add_to_cart","38":"layout-style-1","39":"col-md-4 col-sm-4 col-xs-6","40":"col-lg-3","41":"product-has-gallery","42":"product-style-default"},"aioseo_notices":[],"_links":{"self":[{"href":"https:\/\/www.ibagsbelts.com\/tienda\/wp-json\/wp\/v2\/product\/38036","targetHints":{"allow":["GET"]}}],"collection":[{"href":"https:\/\/www.ibagsbelts.com\/tienda\/wp-json\/wp\/v2\/product"}],"about":[{"href":"https:\/\/www.ibagsbelts.com\/tienda\/wp-json\/wp\/v2\/types\/product"}],"replies":[{"embeddable":true,"href":"https:\/\/www.ibagsbelts.com\/tienda\/wp-json\/wp\/v2\/comments?post=38036"}],"wp:featuredmedia":[{"embeddable":true,"href":"https:\/\/www.ibagsbelts.com\/tienda\/wp-json\/wp\/v2\/media\/38037"}],"wp:attachment":[{"href":"https:\/\/www.ibagsbelts.com\/tienda\/wp-json\/wp\/v2\/media?parent=38036"}],"wp:term":[{"taxonomy":"product_brand","embeddable":true,"href":"https:\/\/www.ibagsbelts.com\/tienda\/wp-json\/wp\/v2\/product_brand?post=38036"},{"taxonomy":"product_cat","embeddable":true,"href":"https:\/\/www.ibagsbelts.com\/tienda\/wp-json\/wp\/v2\/product_cat?post=38036"},{"taxonomy":"product_tag","embeddable":true,"href":"https:\/\/www.ibagsbelts.com\/tienda\/wp-json\/wp\/v2\/product_tag?post=38036"}],"curies":[{"name":"wp","href":"https:\/\/api.w.org\/{rel}","templated":true}]}}