{"id":38326,"date":"2025-11-21T15:49:08","date_gmt":"2025-11-21T14:49:08","guid":{"rendered":"https:\/\/www.ibagsbelts.com\/tienda\/?post_type=product&#038;p=38326"},"modified":"2026-03-08T12:53:47","modified_gmt":"2026-03-08T11:53:47","slug":"set-de-regalo-ibagsbelts-monedero-corazon-tarjetero-animal-print","status":"publish","type":"product","link":"https:\/\/www.ibagsbelts.com\/tienda\/producto\/set-de-regalo-ibagsbelts-monedero-corazon-tarjetero-animal-print\/","title":{"rendered":"Set de Regalo Ibagsbelts \u2013 Monedero Coraz\u00f3n + Tarjetero Animal Print"},"content":{"rendered":"<p class=\"p1\" style=\"text-align: left;\">Elegante set de regalo compuesto por un monedero en forma de coraz\u00f3n y un tarjetero de piel con <b>estampado animal<\/b> y logo. Un d\u00fao pr\u00e1ctico y con estilo, perfecto para complementar tus accesorios diarios o para sorprender con un detalle especial.<\/p>\n<p class=\"p1\" style=\"text-align: left;\"><b>Caracter\u00edsticas del producto<\/b><\/p>\n<p class=\"p1\" style=\"text-align: left;\">\u2022<b>Marca:<\/b> Ibagsbelts<\/p>\n<p class=\"p1\" style=\"text-align: left;\">\u2022<b>Color:<\/b> Marr\u00f3n<\/p>\n<p class=\"p1\" style=\"text-align: left;\">\u2022<b>Material exterior:<\/b> Cuero genuino<\/p>\n<p class=\"p1\" style=\"text-align: left;\">\u2022<b>Forro:<\/b> Cuero<\/p>\n<p class=\"p1\" style=\"text-align: left;\">\u2022<b>Incluye:<\/b><\/p>\n<p class=\"p1\" style=\"text-align: left;\">\u2022 Monedero coraz\u00f3n<\/p>\n<p class=\"p1\" style=\"text-align: left;\">\u2022 Tarjetero con estampado animal y logo<\/p>\n<p class=\"p1\" style=\"text-align: left;\">\u2022<b>Dimensiones:<\/b><\/p>\n<p class=\"p1\" style=\"text-align: left;\">\u2022 <b>Monedero:<\/b> 10 \u00d7 10 \u00d7 2 cm<\/p>\n<p class=\"p1\" style=\"text-align: left;\">\u2022 <b>Tarjetero:<\/b> 10 \u00d7 7 \u00d7 1 cm<\/p>\n<p style=\"text-align: left;\"><strong>Aviso importante<\/strong><\/p>\n<p style=\"text-align: left;\">Si deseas poder elegir un monedero concreto, env\u00edanos un mail dej\u00e1ndonos tu tel\u00e9fono y el dise\u00f1o que te interesa y te enviaremos fotografias por whatsapp para que puedas elegir el monedero que m\u00e1s te guste.<\/p>\n<p style=\"text-align: left;\">Todos nuestros productos de cuero est\u00e1n hechos a mano y su nueva bolsa de cuero puede estar sujeta a una variaci\u00f3n natural en tama\u00f1o y color.<br \/>\nPara los tama\u00f1os, permita 1-2 cm difiere debido a la medida manual.<br \/>\nLas im\u00e1genes son 100% reales.<br \/>\nDebido al monitor del ordenador y el brillo real de la toma y otras razones, habr\u00e1 una cierta diferencia de color.<\/p>\n<!-- AddThis Advanced Settings generic via filter on the_content --><!-- AddThis Share Buttons generic via filter on the_content -->","protected":false},"excerpt":{"rendered":"<p class=\"p1\" style=\"text-align: left;\">El monedero en forma de coraz\u00f3n aporta un toque dulce y moderno, ideal para guardar monedas y peque\u00f1os esenciales. El tarjetero, elaborado en piel con un atractivo <b>animal print<\/b>, ofrece un dise\u00f1o compacto y funcional que permite llevar tus tarjetas ordenadas sin ocupar espacio.<\/p>\n<p class=\"p1\" style=\"text-align: left;\">Su combinaci\u00f3n de color marr\u00f3n y textura animal lo convierte en un accesorio vers\u00e1til, sofisticado y f\u00e1cil de combinar.<\/p>\n<p class=\"p1\" style=\"text-align: left;\">Un set perfecto para regalo, ocasiones especiales o para a\u00f1adir personalidad a tu d\u00eda a d\u00eda.<\/p>\n<p class=\"p1\" style=\"text-align: left;\">\u2022<b>Dimensiones:<\/b><\/p>\n<p class=\"p1\" style=\"text-align: left;\">\u2022 <b>Monedero:<\/b> 10 \u00d7 10 \u00d7 2 cm \u2022 <b>Tarjetero:<\/b> 10 \u00d7 7 \u00d7 1 cm<\/p>\n<h5 style=\"text-align: center;\"><strong>\u00bfAlguna duda? Ponte en contacto con nosotros a trav\u00e9s del bot\u00f3n del chat directo por whatsApp y te resolveremos las dudas al instante!<\/strong><\/h5>\n<p><!-- AddThis Advanced Settings generic via filter on get_the_excerpt --><!-- AddThis Share Buttons generic via filter on get_the_excerpt --><\/p>\n","protected":false},"featured_media":38328,"comment_status":"open","ping_status":"closed","template":"","meta":{"om_disable_all_campaigns":false,"_monsterinsights_skip_tracking":false,"_monsterinsights_sitenote_active":false,"_monsterinsights_sitenote_note":"","_monsterinsights_sitenote_category":0,"_uf_show_specific_survey":0,"_uf_disable_surveys":false},"product_brand":[1217],"product_cat":[1300,1303],"product_tag":[1054,1026,1096,736,737,281,885,743,746,738,739,873,1102,1037],"class_list":{"0":"post-38326","1":"product","2":"type-product","3":"status-publish","4":"has-post-thumbnail","6":"product_brand-ibags-belts","7":"product_cat-mini-carteras","8":"product_cat-tarjeteros","9":"product_tag-animal","10":"product_tag-animal-print","11":"product_tag-artesania","12":"product_tag-boho","13":"product_tag-bohochic","14":"product_tag-bolso-bohemian-bolso-cuero-para-hombre-bolso-cuero-repujado-bolsos-cuero-retro-bolso-shopper-cuero-bolso-cuero-trenzado-bolso-cuero-troquelado-bolso-cuero-vaca-bolso-cuero-viaje-hombre","15":"product_tag-cartera","16":"product_tag-estilo-boho","17":"product_tag-estilo-hippiechic","18":"product_tag-hippie","19":"product_tag-hippiechic","20":"product_tag-monedero","21":"product_tag-piel","22":"product_tag-tarjetero","24":"first","25":"instock","26":"shipping-taxable","27":"purchasable","28":"product-type-simple","29":"add-to-wishlist-after_add_to_cart","30":"layout-style-1","31":"col-md-4 col-sm-4 col-xs-6","32":"col-lg-3","33":"product-has-gallery","34":"product-style-default"},"aioseo_notices":[],"_links":{"self":[{"href":"https:\/\/www.ibagsbelts.com\/tienda\/wp-json\/wp\/v2\/product\/38326","targetHints":{"allow":["GET"]}}],"collection":[{"href":"https:\/\/www.ibagsbelts.com\/tienda\/wp-json\/wp\/v2\/product"}],"about":[{"href":"https:\/\/www.ibagsbelts.com\/tienda\/wp-json\/wp\/v2\/types\/product"}],"replies":[{"embeddable":true,"href":"https:\/\/www.ibagsbelts.com\/tienda\/wp-json\/wp\/v2\/comments?post=38326"}],"wp:featuredmedia":[{"embeddable":true,"href":"https:\/\/www.ibagsbelts.com\/tienda\/wp-json\/wp\/v2\/media\/38328"}],"wp:attachment":[{"href":"https:\/\/www.ibagsbelts.com\/tienda\/wp-json\/wp\/v2\/media?parent=38326"}],"wp:term":[{"taxonomy":"product_brand","embeddable":true,"href":"https:\/\/www.ibagsbelts.com\/tienda\/wp-json\/wp\/v2\/product_brand?post=38326"},{"taxonomy":"product_cat","embeddable":true,"href":"https:\/\/www.ibagsbelts.com\/tienda\/wp-json\/wp\/v2\/product_cat?post=38326"},{"taxonomy":"product_tag","embeddable":true,"href":"https:\/\/www.ibagsbelts.com\/tienda\/wp-json\/wp\/v2\/product_tag?post=38326"}],"curies":[{"name":"wp","href":"https:\/\/api.w.org\/{rel}","templated":true}]}}