{"id":38744,"date":"2025-12-16T22:42:35","date_gmt":"2025-12-16T21:42:35","guid":{"rendered":"https:\/\/www.ibagsbelts.com\/tienda\/?post_type=product&#038;p=38744"},"modified":"2026-03-08T01:37:45","modified_gmt":"2026-03-08T00:37:45","slug":"bolso-shopper-de-piel-marron-margot","status":"publish","type":"product","link":"https:\/\/www.ibagsbelts.com\/tienda\/producto\/bolso-shopper-de-piel-marron-margot\/","title":{"rendered":"Bolso shopper de piel marr\u00f3n Margot"},"content":{"rendered":"<p class=\"p2\">Bolso shopper de <b>piel aut\u00e9ntica<\/b> con un dise\u00f1o <b>atemporal y minimalista<\/b>, pensado para acompa\u00f1arte con estilo en el d\u00eda a d\u00eda. Su silueta amplia y estructurada, junto con la textura natural de la piel, aporta un aire sofisticado y vers\u00e1til que combina f\u00e1cilmente con cualquier look, desde outfits casuales hasta conjuntos m\u00e1s formales.<\/p>\n<p class=\"p2\">Cuenta con <b>asas largas<\/b> para llevar c\u00f3modamente al hombro y un interior espacioso que permite guardar todo lo esencial con total comodidad. Su dise\u00f1o limpio, sin excesos, lo convierte en un b\u00e1sico imprescindible para quienes valoran la elegancia discreta y la funcionalidad.<\/p>\n<p class=\"p2\"><b>Caracter\u00edsticas:<\/b><\/p>\n<p class=\"p2\">\u2022Material: Piel aut\u00e9ntica de alta calidad<\/p>\n<p class=\"p2\">\u2022Estilo: Shopper \/ tote minimalista<\/p>\n<p class=\"p2\">\u2022Asas largas para llevar al hombro<\/p>\n<p class=\"p2\">\u2022Interior amplio y pr\u00e1ctico<\/p>\n<p class=\"p2\">\u2022Dise\u00f1o ligero y c\u00f3modo para uso diario<\/p>\n<p class=\"p2\">\u2022Acabado elegante y atemporal<\/p>\n<p class=\"p3\" style=\"text-align: left;\">Un bolso vers\u00e1til y sofisticado, perfecto para el trabajo, las compras o el d\u00eda a d\u00eda, que eleva cualquier look con un toque de elegancia natural.<\/p>\n<!-- AddThis Advanced Settings generic via filter on the_content --><!-- AddThis Share Buttons generic via filter on the_content -->","protected":false},"excerpt":{"rendered":"<p>Bolso shopper de <b>piel aut\u00e9ntica<\/b> con un dise\u00f1o <b>atemporal y minimalista<\/b>, pensado para acompa\u00f1arte con estilo en el d\u00eda a d\u00eda. Cuenta con <b>asas largas<\/b> para llevar c\u00f3modamente al hombro y un interior espacioso que permite guardar todo lo esencial con total comodidad. Su dise\u00f1o limpio, sin excesos, lo convierte en un b\u00e1sico imprescindible para quienes valoran la elegancia discreta y la funcionalidad.<\/p>\n<p class=\"p2\">Dise\u00f1o ligero y c\u00f3modo para uso diario 57 cm de largo, 30 cm de alto, 9 cm<\/p>\n<p class=\"p3\" style=\"text-align: left;\">Un bolso vers\u00e1til y sofisticado, perfecto para el trabajo, las compras o el d\u00eda a d\u00eda, que eleva cualquier look con un toque de elegancia natural.<\/p>\n<p><!-- AddThis Advanced Settings generic via filter on get_the_excerpt --><!-- AddThis Share Buttons generic via filter on get_the_excerpt --><\/p>\n","protected":false},"featured_media":38748,"comment_status":"open","ping_status":"closed","template":"","meta":{"om_disable_all_campaigns":false,"_monsterinsights_skip_tracking":false,"_monsterinsights_sitenote_active":false,"_monsterinsights_sitenote_note":"","_monsterinsights_sitenote_category":0,"_uf_show_specific_survey":0,"_uf_disable_surveys":false},"product_brand":[1217],"product_cat":[40,41],"product_tag":[303,299,305,268,778,255,1140,823,1036,302,1102,1128,1166,263,1023],"class_list":{"0":"post-38744","1":"product","2":"type-product","3":"status-publish","4":"has-post-thumbnail","6":"product_brand-ibags-belts","7":"product_cat-bolsos-de-hombro","8":"product_cat-shoppers","9":"product_tag-bolso-bohemian","10":"product_tag-bolso-cuero","11":"product_tag-bolso-cuero-artesanal","12":"product_tag-bolso-cuero-boho-bolso-cuero-con-tachuelas-bolsos-cuero-caballero-bolso-cuero-de-hombre-bolso-cuero-de-viaje-bolso-cuero-de-vaca-bolso-de-cuero-artesanal-bolso-de-cuero","13":"product_tag-bolso-cuero-de-vaca","14":"product_tag-bolso-cuero-mujer","15":"product_tag-bolso-hombro","16":"product_tag-bolso-piel","17":"product_tag-bolso-piel-italiano","18":"product_tag-bolsos-de-cuero","19":"product_tag-piel","20":"product_tag-shoopers","21":"product_tag-shopper","22":"product_tag-bolso-cuero-artesanal-bolso-cuero-artesanal-hombre-bolso-cuero-boho-bolso-cuero-con-tachuelas-bolsos-cuero-caballero-bolso-cuero-de-hombre-bolso-cuero-de-viaje","23":"product_tag-tote","25":"first","26":"instock","27":"shipping-taxable","28":"purchasable","29":"product-type-simple","30":"add-to-wishlist-after_add_to_cart","31":"layout-style-1","32":"col-md-4 col-sm-4 col-xs-6","33":"col-lg-3","34":"product-has-gallery","35":"product-style-default"},"aioseo_notices":[],"_links":{"self":[{"href":"https:\/\/www.ibagsbelts.com\/tienda\/wp-json\/wp\/v2\/product\/38744","targetHints":{"allow":["GET"]}}],"collection":[{"href":"https:\/\/www.ibagsbelts.com\/tienda\/wp-json\/wp\/v2\/product"}],"about":[{"href":"https:\/\/www.ibagsbelts.com\/tienda\/wp-json\/wp\/v2\/types\/product"}],"replies":[{"embeddable":true,"href":"https:\/\/www.ibagsbelts.com\/tienda\/wp-json\/wp\/v2\/comments?post=38744"}],"wp:featuredmedia":[{"embeddable":true,"href":"https:\/\/www.ibagsbelts.com\/tienda\/wp-json\/wp\/v2\/media\/38748"}],"wp:attachment":[{"href":"https:\/\/www.ibagsbelts.com\/tienda\/wp-json\/wp\/v2\/media?parent=38744"}],"wp:term":[{"taxonomy":"product_brand","embeddable":true,"href":"https:\/\/www.ibagsbelts.com\/tienda\/wp-json\/wp\/v2\/product_brand?post=38744"},{"taxonomy":"product_cat","embeddable":true,"href":"https:\/\/www.ibagsbelts.com\/tienda\/wp-json\/wp\/v2\/product_cat?post=38744"},{"taxonomy":"product_tag","embeddable":true,"href":"https:\/\/www.ibagsbelts.com\/tienda\/wp-json\/wp\/v2\/product_tag?post=38744"}],"curies":[{"name":"wp","href":"https:\/\/api.w.org\/{rel}","templated":true}]}}