{"id":3882,"date":"2018-12-03T14:31:58","date_gmt":"2018-12-03T13:31:58","guid":{"rendered":"https:\/\/www.ibagsbelts.com\/tienda\/?post_type=product&#038;p=3882"},"modified":"2026-03-15T20:14:18","modified_gmt":"2026-03-15T19:14:18","slug":"g2-04","status":"publish","type":"product","link":"https:\/\/www.ibagsbelts.com\/tienda\/producto\/g2-04\/","title":{"rendered":"Bolso bandolera de cuero negro con tachas Innsbruck"},"content":{"rendered":"<p style=\"text-align: left;\">Este bolso bandolera de cuero de vaca combina estilo moderno y toques artesanales. La decoraci\u00f3n de tachas y monedas en la solapa frontal le a\u00f1ade un toque distintivo. Con un cierre magn\u00e9tico para mayor seguridad, su interior forrado con tela aterciopelada proporciona un ambiente suave para tus pertenencias. Adem\u00e1s, la solapa es ajustable para llevarlo c\u00f3modamente en el hombro. Este bolso es una elecci\u00f3n ligera y elegante para el uso diario, hecho al 100% de cuero.<\/p>\n<p style=\"text-align: left;\"><strong>Aviso importante<\/strong><\/p>\n<p style=\"text-align: left;\">Todos nuestros productos de cuero puede estar sujeta a una variaci\u00f3n natural en tama\u00f1o y color.<\/p>\n<p style=\"text-align: left;\">Las pieles utilizadas han sido procesadas y curtidas utilizando t\u00e9cnicas centenarias para dar al cuero acabado un aspecto antiguo \/ vintage.<br \/>\nPara los tama\u00f1os, permita 1-2 cm diferencia debido a la medida manual.<br \/>\nLas im\u00e1genes son 100% reales.<br \/>\nDebido al monitor del ordenador y el brillo real de la toma y otras razones, habr\u00e1 una cierta diferencia de color.<\/p>\n<!-- AddThis Advanced Settings generic via filter on the_content --><!-- AddThis Share Buttons generic via filter on the_content -->","protected":false},"excerpt":{"rendered":"<h2 style=\"text-align: center;\">Bolso bandolera de cuero de vaca con decoraci\u00f3n de tachas y monedas en la solapa frontal y cierre de im\u00e1n.<\/h2>\n<h3 style=\"text-align: center;\">Su interior est\u00e1 forrado con tela aterciopelada, su solapa ajustable\u00a0 para llevarlo en el hombro.<br \/>\nDe dise\u00f1o moderno y su toque artesanal, ligero y elegante es el complemento apropiado para usarlo en el d\u00eda a d\u00eda.<\/h3>\n<h4 style=\"text-align: center;\"><strong>Medidas:\u00a0 \u00a0<\/strong>Largo 29 cm, Alto 17 cm, Fondo 7 cm. 100 % cuero.<\/h4>\n<h5><strong>\u00bfAlguna duda? Ponte en contacto con nosotros a trav\u00e9s del bot\u00f3n del chat directo por whatsApp y te resolveremos las dudas al instante!<\/strong><\/h5>\n<p><!-- AddThis Advanced Settings generic via filter on get_the_excerpt --><!-- AddThis Share Buttons generic via filter on get_the_excerpt --><\/p>\n","protected":false},"featured_media":17543,"comment_status":"open","ping_status":"closed","template":"","meta":{"om_disable_all_campaigns":false,"_monsterinsights_skip_tracking":false,"_monsterinsights_sitenote_active":false,"_monsterinsights_sitenote_note":"","_monsterinsights_sitenote_category":0,"_uf_show_specific_survey":0,"_uf_disable_surveys":false},"product_brand":[1217],"product_cat":[240],"product_tag":[301,877,266,303,299,305,315,268,316,313,255,727,317],"class_list":{"0":"post-3882","1":"product","2":"type-product","3":"status-publish","4":"has-post-thumbnail","6":"product_brand-ibags-belts","7":"product_cat-bolsos-bandoleras-de-cuero-artesanal","8":"product_tag-bandolera","9":"product_tag-bandoleras","10":"product_tag-bolso-bohemian-bolso-cuero-repujado-bolsos-cuero-retro-bolso-shopper-cuero-bolso-cuero-trenzado-bolso-cuero-troquelado","11":"product_tag-bolso-bohemian","12":"product_tag-bolso-cuero","13":"product_tag-bolso-cuero-artesanal","14":"product_tag-bolso-cuero-artesano","15":"product_tag-bolso-cuero-boho-bolso-cuero-con-tachuelas-bolsos-cuero-caballero-bolso-cuero-de-hombre-bolso-cuero-de-viaje-bolso-cuero-de-vaca-bolso-de-cuero-artesanal-bolso-de-cuero","16":"product_tag-bolso-cuero-con-tachuelas","17":"product_tag-bolso-cuero-hecho-a-mano","18":"product_tag-bolso-cuero-mujer","19":"product_tag-bolsos-bandoleras-cuero","20":"product_tag-bolsos-cuero-potro","22":"first","23":"instock","24":"shipping-taxable","25":"purchasable","26":"product-type-simple","27":"add-to-wishlist-after_add_to_cart","28":"layout-style-1","29":"col-md-4 col-sm-4 col-xs-6","30":"col-lg-3","31":"product-has-gallery","32":"product-style-default"},"aioseo_notices":[],"_links":{"self":[{"href":"https:\/\/www.ibagsbelts.com\/tienda\/wp-json\/wp\/v2\/product\/3882","targetHints":{"allow":["GET"]}}],"collection":[{"href":"https:\/\/www.ibagsbelts.com\/tienda\/wp-json\/wp\/v2\/product"}],"about":[{"href":"https:\/\/www.ibagsbelts.com\/tienda\/wp-json\/wp\/v2\/types\/product"}],"replies":[{"embeddable":true,"href":"https:\/\/www.ibagsbelts.com\/tienda\/wp-json\/wp\/v2\/comments?post=3882"}],"wp:featuredmedia":[{"embeddable":true,"href":"https:\/\/www.ibagsbelts.com\/tienda\/wp-json\/wp\/v2\/media\/17543"}],"wp:attachment":[{"href":"https:\/\/www.ibagsbelts.com\/tienda\/wp-json\/wp\/v2\/media?parent=3882"}],"wp:term":[{"taxonomy":"product_brand","embeddable":true,"href":"https:\/\/www.ibagsbelts.com\/tienda\/wp-json\/wp\/v2\/product_brand?post=3882"},{"taxonomy":"product_cat","embeddable":true,"href":"https:\/\/www.ibagsbelts.com\/tienda\/wp-json\/wp\/v2\/product_cat?post=3882"},{"taxonomy":"product_tag","embeddable":true,"href":"https:\/\/www.ibagsbelts.com\/tienda\/wp-json\/wp\/v2\/product_tag?post=3882"}],"curies":[{"name":"wp","href":"https:\/\/api.w.org\/{rel}","templated":true}]}}