{"id":39021,"date":"2026-01-16T21:30:28","date_gmt":"2026-01-16T20:30:28","guid":{"rendered":"https:\/\/www.ibagsbelts.com\/tienda\/?post_type=product&#038;p=39021"},"modified":"2026-03-08T00:40:08","modified_gmt":"2026-03-07T23:40:08","slug":"bolso-negro-con-flecos-de-piel-lavada-boho-angelica","status":"publish","type":"product","link":"https:\/\/www.ibagsbelts.com\/tienda\/producto\/bolso-negro-con-flecos-de-piel-lavada-boho-angelica\/","title":{"rendered":"Bolso negro con flecos de piel lavada Boho Angelica"},"content":{"rendered":"<p style=\"text-align: left;\">\u00a1Sum\u00e9rgete en el estilo boho chic con este incre\u00edble bolso de cuero con flecos hecho a mano! Es la pieza perfecta para complementar tu colecci\u00f3n de accesorios con un toque \u00fanico y artesanal.<\/p>\n<p style=\"text-align: left;\">Con una correa dise\u00f1ada para llevarlo c\u00f3modamente sobre el hombro, este bolso ofrece tanto estilo como funcionalidad. En su interior, encontrar\u00e1s un pr\u00e1ctico bolsillo destinado a sostener tu tel\u00e9fono u otros objetos peque\u00f1os, manteni\u00e9ndolos organizados y al alcance de la mano.<\/p>\n<p style=\"text-align: left;\">El cierre de cremallera garantiza la seguridad de tus pertenencias mientras te desplazas. Adem\u00e1s, los flecos de 15 cm de longitud a\u00f1aden un atractivo adicional y un toque de movimiento al dise\u00f1o general del bolso.<\/p>\n<p style=\"text-align: left;\">Con unas dimensiones de 20 cm de alto, 25 cm de largo y 4 cm de ancho, as\u00ed como una medida de asa bandolera de 86 cm, este bolso ofrece espacio suficiente para tus necesidades diarias sin comprometer el estilo. Es el accesorio ideal para expresar tu individualidad y amor por el estilo bohemio.<\/p>\n<p style=\"text-align: left;\"><strong>Aviso importante<\/strong><\/p>\n<p style=\"text-align: left;\">Todos nuestros productos de cuero est\u00e1n hechos a mano y su nueva bolsa de cuero puede estar sujeta a una variaci\u00f3n natural en tama\u00f1o y color.<br \/>\nPara los tama\u00f1os, permita 1-2 cm difiere debido a la medida manual.<br \/>\nLas im\u00e1genes son 100% reales.<br \/>\nDebido al monitor del ordenador y el brillo real de la toma y otras razones, habr\u00e1 una cierta diferencia de color.<\/p>\n<!-- AddThis Advanced Settings generic via filter on the_content --><!-- AddThis Share Buttons generic via filter on the_content -->","protected":false},"excerpt":{"rendered":"<p style=\"text-align: left;\">\u00a1Sum\u00e9rgete en el estilo boho chic con este incre\u00edble bolso de cuero con flecos hecho a mano! Es la pieza perfecta para complementar tu colecci\u00f3n de accesorios con un toque \u00fanico y artesanal.<\/p>\n<p style=\"text-align: left;\">Con una correa dise\u00f1ada para llevarlo c\u00f3modamente sobre el hombro, este bolso ofrece tanto estilo como funcionalidad. En su interior, encontrar\u00e1s un pr\u00e1ctico bolsillo destinado a sostener tu tel\u00e9fono u otros objetos peque\u00f1os, manteni\u00e9ndolos organizados y al alcance de la mano.<\/p>\n<p style=\"text-align: left;\">El cierre de cremallera garantiza la seguridad de tus pertenencias mientras te desplazas. Adem\u00e1s, los flecos de 15 cm de longitud a\u00f1aden un atractivo adicional y un toque de movimiento al dise\u00f1o general del bolso.<\/p>\n<p style=\"text-align: left;\">Con unas dimensiones de 20 cm de alto, 25 cm de largo y 4 cm de ancho, as\u00ed como una medida de asa bandolera de 86 cm, este bolso ofrece espacio suficiente para tus necesidades diarias sin comprometer el estilo. Es el accesorio ideal para expresar tu individualidad y amor por el estilo bohemio.<\/p>\n<h5 style=\"text-align: center;\"><strong>\u00bfAlguna duda? Ponte en contacto con nosotros a trav\u00e9s del bot\u00f3n del chat directo por whatsApp y te resolveremos las dudas al instante!<\/strong><\/h5>\n<p><!-- AddThis Advanced Settings generic via filter on get_the_excerpt --><!-- AddThis Share Buttons generic via filter on get_the_excerpt --><\/p>\n","protected":false},"featured_media":39016,"comment_status":"open","ping_status":"closed","template":"","meta":{"om_disable_all_campaigns":false,"_monsterinsights_skip_tracking":false,"_monsterinsights_sitenote_active":false,"_monsterinsights_sitenote_note":"","_monsterinsights_sitenote_category":0,"_uf_show_specific_survey":0,"_uf_disable_surveys":false},"product_brand":[1217],"product_cat":[240,1035,40],"product_tag":[1135,301,877,737,303,1020,315,312,255,781,824,823,1036,727,281,753,744,1102,1038],"class_list":{"0":"post-39021","1":"product","2":"type-product","3":"status-publish","4":"has-post-thumbnail","6":"product_brand-ibags-belts","7":"product_cat-bolsos-bandoleras-de-cuero-artesanal","8":"product_cat-bolso-de-cuero-italiano","9":"product_cat-bolsos-de-hombro","10":"product_tag-accesorios-y-complementos","11":"product_tag-bandolera","12":"product_tag-bandoleras","13":"product_tag-bohochic","14":"product_tag-bolso-bohemian","15":"product_tag-bolso-boho","16":"product_tag-bolso-cuero-artesano","17":"product_tag-bolso-cuero-flecos","18":"product_tag-bolso-cuero-mujer","19":"product_tag-bolso-de-cuero-para-mujer","20":"product_tag-bolso-flecos","21":"product_tag-bolso-piel","22":"product_tag-bolso-piel-italiano","23":"product_tag-bolsos-bandoleras-cuero","24":"product_tag-bolso-bohemian-bolso-cuero-para-hombre-bolso-cuero-repujado-bolsos-cuero-retro-bolso-shopper-cuero-bolso-cuero-trenzado-bolso-cuero-troquelado-bolso-cuero-vaca-bolso-cuero-viaje-hombre","25":"product_tag-complementos-de-cuero","26":"product_tag-estilo-bohochic","27":"product_tag-piel","28":"product_tag-piel-lavada","30":"first","31":"instock","32":"shipping-taxable","33":"purchasable","34":"product-type-simple","35":"add-to-wishlist-after_add_to_cart","36":"layout-style-1","37":"col-md-4 col-sm-4 col-xs-6","38":"col-lg-3","39":"product-has-gallery","40":"product-style-default"},"aioseo_notices":[],"_links":{"self":[{"href":"https:\/\/www.ibagsbelts.com\/tienda\/wp-json\/wp\/v2\/product\/39021","targetHints":{"allow":["GET"]}}],"collection":[{"href":"https:\/\/www.ibagsbelts.com\/tienda\/wp-json\/wp\/v2\/product"}],"about":[{"href":"https:\/\/www.ibagsbelts.com\/tienda\/wp-json\/wp\/v2\/types\/product"}],"replies":[{"embeddable":true,"href":"https:\/\/www.ibagsbelts.com\/tienda\/wp-json\/wp\/v2\/comments?post=39021"}],"wp:featuredmedia":[{"embeddable":true,"href":"https:\/\/www.ibagsbelts.com\/tienda\/wp-json\/wp\/v2\/media\/39016"}],"wp:attachment":[{"href":"https:\/\/www.ibagsbelts.com\/tienda\/wp-json\/wp\/v2\/media?parent=39021"}],"wp:term":[{"taxonomy":"product_brand","embeddable":true,"href":"https:\/\/www.ibagsbelts.com\/tienda\/wp-json\/wp\/v2\/product_brand?post=39021"},{"taxonomy":"product_cat","embeddable":true,"href":"https:\/\/www.ibagsbelts.com\/tienda\/wp-json\/wp\/v2\/product_cat?post=39021"},{"taxonomy":"product_tag","embeddable":true,"href":"https:\/\/www.ibagsbelts.com\/tienda\/wp-json\/wp\/v2\/product_tag?post=39021"}],"curies":[{"name":"wp","href":"https:\/\/api.w.org\/{rel}","templated":true}]}}