{"id":39239,"date":"2026-01-28T22:32:36","date_gmt":"2026-01-28T21:32:36","guid":{"rendered":"https:\/\/www.ibagsbelts.com\/tienda\/?post_type=product&#038;p=39239"},"modified":"2026-03-08T00:03:33","modified_gmt":"2026-03-07T23:03:33","slug":"mochila-mediana-antirrobo-de-cuero-beige-paola","status":"publish","type":"product","link":"https:\/\/www.ibagsbelts.com\/tienda\/producto\/mochila-mediana-antirrobo-de-cuero-beige-paola\/","title":{"rendered":"Mochila mediana antirrobo de cuero beige Paola"},"content":{"rendered":"<p style=\"text-align: left;\">Mochila elegante y espaciosa, confeccionada en piel aut\u00e9ntica de alta calidad, perfecta para el d\u00eda a d\u00eda urbano o para acompa\u00f1arte con estilo en tus jornadas de trabajo y ocio. Su dise\u00f1o sofisticado combina funcionalidad y seguridad sin renunciar a una est\u00e9tica refinada.<\/p>\n<p style=\"text-align: left;\">El interior forrado ofrece un amplio espacio con bolsillo doble \u2014uno con cremallera y otro abierto\u2014 para una mejor organizaci\u00f3n. Se cierra completamente mediante cremallera, reforzada con mosquet\u00f3n a una anilla, proporcionando una protecci\u00f3n adicional para tus pertenencias.<\/p>\n<p style=\"text-align: left;\">En la parte exterior trasera incorpora un bolsillo con cremallera, ideal para guardar objetos de acceso r\u00e1pido de forma segura. Las correas ajustables garantizan comodidad y un ajuste perfecto.<\/p>\n<p style=\"text-align: left;\">Caracter\u00edsticas:<br \/>\n\u2022 Material: Piel aut\u00e9ntica<br \/>\n\u2022 Cierre principal: Cremallera completa con\u00a0 de seguridad y mosquet\u00f3n<br \/>\n\u2022 Interior: Forrado, con bolsillo doble (uno con cremallera y uno abierto)<br \/>\n\u2022 Exterior: Bolsillo trasero con cremallera<br \/>\n\u2022 Correas de hombro: Ajustables (m\u00e1x. 80 cm)<\/p>\n<p style=\"text-align: left;\">Dimensiones:<br \/>\n\u2022 30 \u00d7 12 \u00d7 35 cm<\/p>\n<p style=\"text-align: left;\">Una mochila sofisticada y funcional, ideal para quienes buscan estilo, capacidad y seguridad en un solo accesorio.<\/p>\n<p style=\"text-align: left;\"><strong>Aviso importante<\/strong><\/p>\n<p style=\"text-align: left;\">Todos nuestros productos de cuero est\u00e1n hechos a mano y su nueva bolsa de cuero puede estar sujeta a una variaci\u00f3n natural en tama\u00f1o y color.<br \/>\nPara los tama\u00f1os, permita 1-2 cm difiere debido a la medida manual.<br \/>\nLas im\u00e1genes son 100% reales.<br \/>\nDebido al monitor del ordenador y el brillo real de la toma y otras razones, habr\u00e1 una cierta diferencia de color.<\/p>\n<!-- AddThis Advanced Settings generic via filter on the_content --><!-- AddThis Share Buttons generic via filter on the_content -->","protected":false},"excerpt":{"rendered":"<p>Mochila de piel aut\u00e9ntica \u2013 Elegancia, seguridad y capacidad<\/p>\n<p style=\"text-align: left;\">Esta mochila combina un dise\u00f1o excepcional con la practicidad y comodidad. La mochila es el compa\u00f1ero perfecto para tu tiempo libre.Deportivo y elegante, te ofrece espacio de almacenamiento para todas tus cosas.<\/p>\n<p style=\"text-align: left;\">Ya sea para llevar en tu paseo por la ciudad, en un viaje de fin de semana, a la playa o para ir de excursi\u00f3n, siempre podr\u00e1s confiar en este accesorio.<\/p>\n<p style=\"text-align: left;\">El compartimento interior ofrece un mont\u00f3n de espacio para una c\u00e1mara o un impermeable. Adem\u00e1s, el interior est\u00e1 dise\u00f1ado con algod\u00f3n resistente. Tiene una c\u00f3moda correa que permite ajustarse a tus necesidades. El dise\u00f1o simple se adapta a cualquiera.<\/p>\n<p>Fornituras: <strong>Doradas.\u00a0 \u00a0 <\/strong>Dimensiones:\u00a0 <strong>30 \u00d7 12 \u00d7 35 cm<\/strong><\/p>\n<h5 style=\"text-align: center;\"><strong>\u00bfAlguna duda? Ponte en contacto con nosotros a trav\u00e9s del bot\u00f3n del chat directo por whatsApp y te resolveremos las dudas al instante!<\/strong><\/h5>\n<p><!-- AddThis Advanced Settings generic via filter on get_the_excerpt --><!-- AddThis Share Buttons generic via filter on get_the_excerpt --><\/p>\n","protected":false},"featured_media":39221,"comment_status":"open","ping_status":"closed","template":"","meta":{"om_disable_all_campaigns":false,"_monsterinsights_skip_tracking":false,"_monsterinsights_sitenote_active":false,"_monsterinsights_sitenote_note":"","_monsterinsights_sitenote_category":0,"_uf_show_specific_survey":0,"_uf_disable_surveys":false},"product_brand":[1217],"product_cat":[400],"product_tag":[1135,1036,275,310,347,349,1136,325,304,1102],"class_list":{"0":"post-39239","1":"product","2":"type-product","3":"status-publish","4":"has-post-thumbnail","6":"product_brand-ibags-belts","7":"product_cat-mochilas-medianas","8":"product_tag-accesorios-y-complementos","9":"product_tag-bolso-piel-italiano","10":"product_tag-mochila-de-cuero-para-hombre-bolso-de-cuero-para-mujer-bolso-de-cuero-hecho-a-mano-bolso-cuero-grabado-bolso-cuero-hombre-artesanal-bolso-cuero-hecho-a-mano-bolsos-cuero-y-kilim","11":"product_tag-mochila-cuero","12":"product_tag-mochila-hecho-a-mano","13":"product_tag-mochila-marruecos","14":"product_tag-mochila-piel","15":"product_tag-mochilas","16":"product_tag-mochilas-cuero-con-cremalleras","17":"product_tag-piel","19":"first","20":"instock","21":"shipping-taxable","22":"purchasable","23":"product-type-simple","24":"add-to-wishlist-after_add_to_cart","25":"layout-style-1","26":"col-md-4 col-sm-4 col-xs-6","27":"col-lg-3","28":"product-has-gallery","29":"product-style-default"},"aioseo_notices":[],"_links":{"self":[{"href":"https:\/\/www.ibagsbelts.com\/tienda\/wp-json\/wp\/v2\/product\/39239","targetHints":{"allow":["GET"]}}],"collection":[{"href":"https:\/\/www.ibagsbelts.com\/tienda\/wp-json\/wp\/v2\/product"}],"about":[{"href":"https:\/\/www.ibagsbelts.com\/tienda\/wp-json\/wp\/v2\/types\/product"}],"replies":[{"embeddable":true,"href":"https:\/\/www.ibagsbelts.com\/tienda\/wp-json\/wp\/v2\/comments?post=39239"}],"wp:featuredmedia":[{"embeddable":true,"href":"https:\/\/www.ibagsbelts.com\/tienda\/wp-json\/wp\/v2\/media\/39221"}],"wp:attachment":[{"href":"https:\/\/www.ibagsbelts.com\/tienda\/wp-json\/wp\/v2\/media?parent=39239"}],"wp:term":[{"taxonomy":"product_brand","embeddable":true,"href":"https:\/\/www.ibagsbelts.com\/tienda\/wp-json\/wp\/v2\/product_brand?post=39239"},{"taxonomy":"product_cat","embeddable":true,"href":"https:\/\/www.ibagsbelts.com\/tienda\/wp-json\/wp\/v2\/product_cat?post=39239"},{"taxonomy":"product_tag","embeddable":true,"href":"https:\/\/www.ibagsbelts.com\/tienda\/wp-json\/wp\/v2\/product_tag?post=39239"}],"curies":[{"name":"wp","href":"https:\/\/api.w.org\/{rel}","templated":true}]}}