{"id":39381,"date":"2026-02-04T22:28:44","date_gmt":"2026-02-04T21:28:44","guid":{"rendered":"https:\/\/www.ibagsbelts.com\/tienda\/?post_type=product&#038;p=39381"},"modified":"2026-03-07T23:55:18","modified_gmt":"2026-03-07T22:55:18","slug":"rinoneras-de-piel-blanca-con-correa-ancha-estilo-guitarra-hero","status":"publish","type":"product","link":"https:\/\/www.ibagsbelts.com\/tienda\/producto\/rinoneras-de-piel-blanca-con-correa-ancha-estilo-guitarra-hero\/","title":{"rendered":"Ri\u00f1oneras de piel blanca con correa ancha estilo guitarra Hero"},"content":{"rendered":"<p class=\"p1\" style=\"text-align: left;\">Mejora tu estilo con esta <b>ri\u00f1onera de cuero moderna y funcional<\/b>, ideal tanto para hombre como para mujer. Confeccionada en <b>piel de becerro de alta calidad<\/b>, destaca por su resistencia, durabilidad y un acabado elegante que combina f\u00e1cilmente con cualquier look, desde casual hasta urbano.<\/p>\n<p class=\"p1\" style=\"text-align: left;\"><b>Artesan\u00eda y dise\u00f1o<\/b><\/p>\n<p class=\"p1\" style=\"text-align: left;\">Elaborada con cuidada <b>artesan\u00eda toscana<\/b>, presenta doble costura reforzada, cierre de cremallera resistente y una <b>correa ancha estilo guitarra<\/b>, ajustable para ofrecer comodidad y versatilidad en cada uso. Su interior cuenta con <b>dos compartimentos<\/b> que facilitan la organizaci\u00f3n de tus objetos personales.<\/p>\n<p class=\"p1\" style=\"text-align: left;\"><b>Comodidad y funcionalidad<\/b><\/p>\n<p class=\"p1\" style=\"text-align: left;\">Perfecta para el d\u00eda a d\u00eda y para quienes est\u00e1n siempre en movimiento, esta ri\u00f1onera permite llevar lo esencial de forma pr\u00e1ctica y manos libres. Su dise\u00f1o compacto es ligero y c\u00f3modo, sin renunciar a una excelente capacidad de almacenamiento.<\/p>\n<p class=\"p1\" style=\"text-align: left;\"><b>Caracter\u00edsticas<\/b><\/p>\n<p class=\"p1\" style=\"text-align: left;\">\u2022Material: Piel de alta calidad<\/p>\n<p class=\"p1\" style=\"text-align: left;\">\u2022Dimensiones: 26 \u00d7 14 \u00d7 7 cm (Largo \u00d7 Alto \u00d7 Ancho)<\/p>\n<p class=\"p1\" style=\"text-align: left;\">\u2022Correa ajustable: 78 cm<\/p>\n<p class=\"p1\" style=\"text-align: left;\">\u2022Cierre: Cremallera<\/p>\n<p class=\"p1\" style=\"text-align: left;\">\u2022Compartimentos interiores: 2<\/p>\n<p class=\"p1\" style=\"text-align: left;\">\u2022Peso: 0,4 kg<\/p>\n<p class=\"p3\" style=\"text-align: left;\">Un accesorio imprescindible que combina <b>estilo, comodidad y funcionalidad<\/b> en una sola pieza.<\/p>\n<!-- AddThis Advanced Settings generic via filter on the_content --><!-- AddThis Share Buttons generic via filter on the_content -->","protected":false},"excerpt":{"rendered":"<p style=\"text-align: left;\">Mejora tu estilo con esta <b>ri\u00f1onera de cuero moderna y funcional<\/b>, ideal tanto para hombre como para mujer. Confeccionada en <b>piel de becerro de alta calidad<\/b>, destaca por su resistencia, durabilidad y un acabado elegante que combina f\u00e1cilmente con cualquier look, desde casual hasta urbano.<\/p>\n<p style=\"text-align: left;\">Perfecta para el d\u00eda a d\u00eda y para quienes est\u00e1n siempre en movimiento, esta ri\u00f1onera permite llevar lo esencial de forma pr\u00e1ctica y manos libres. Su dise\u00f1o compacto es ligero y c\u00f3modo, sin renunciar a una excelente capacidad de almacenamiento.<\/p>\n<p class=\"p1\" style=\"text-align: left;\"><b>Caracter\u00edsticas<\/b><\/p>\n<p class=\"p1\" style=\"text-align: left;\">\u2022Material: Piel de alta calidad<\/p>\n<p class=\"p1\" style=\"text-align: left;\">\u2022Dimensiones: 26 \u00d7 14 \u00d7 7 cm (Largo \u00d7 Alto \u00d7 Ancho)<\/p>\n<p class=\"p3\" style=\"text-align: left;\">Un accesorio imprescindible que combina <b>estilo, comodidad y funcionalidad<\/b> en una sola pieza.<\/p>\n<h4 class=\"p3\" style=\"text-align: left;\"><strong>Cada correa es distinta, elegida para complementar el color de la ri\u00f1onera.<\/strong><\/h4>\n<h5 style=\"text-align: center;\"><strong>\u00bfAlguna duda? Ponte en contacto con nosotros a trav\u00e9s del bot\u00f3n del chat directo por whatsApp y te resolveremos las dudas al instante!<\/strong><\/h5>\n<p><!-- AddThis Advanced Settings generic via filter on get_the_excerpt --><!-- AddThis Share Buttons generic via filter on get_the_excerpt --><\/p>\n","protected":false},"featured_media":39671,"comment_status":"open","ping_status":"closed","template":"","meta":{"om_disable_all_campaigns":false,"_monsterinsights_skip_tracking":false,"_monsterinsights_sitenote_active":false,"_monsterinsights_sitenote_note":"","_monsterinsights_sitenote_category":0,"_uf_show_specific_survey":0,"_uf_disable_surveys":false},"product_brand":[1217],"product_cat":[950],"product_tag":[1042,1033,877,823,1036,905,1038,795,793],"class_list":{"0":"post-39381","1":"product","2":"type-product","3":"status-publish","4":"has-post-thumbnail","6":"product_brand-ibags-belts","7":"product_cat-rinoneras","8":"product_tag-banana","9":"product_tag-bananas","10":"product_tag-bandoleras","11":"product_tag-bolso-piel","12":"product_tag-bolso-piel-italiano","13":"product_tag-casual","14":"product_tag-piel-lavada","15":"product_tag-rinonera-cuero","16":"product_tag-rinoneras","18":"first","19":"instock","20":"shipping-taxable","21":"purchasable","22":"product-type-simple","23":"add-to-wishlist-after_add_to_cart","24":"layout-style-1","25":"col-md-4 col-sm-4 col-xs-6","26":"col-lg-3","27":"product-has-gallery","28":"product-style-default"},"aioseo_notices":[],"_links":{"self":[{"href":"https:\/\/www.ibagsbelts.com\/tienda\/wp-json\/wp\/v2\/product\/39381","targetHints":{"allow":["GET"]}}],"collection":[{"href":"https:\/\/www.ibagsbelts.com\/tienda\/wp-json\/wp\/v2\/product"}],"about":[{"href":"https:\/\/www.ibagsbelts.com\/tienda\/wp-json\/wp\/v2\/types\/product"}],"replies":[{"embeddable":true,"href":"https:\/\/www.ibagsbelts.com\/tienda\/wp-json\/wp\/v2\/comments?post=39381"}],"wp:featuredmedia":[{"embeddable":true,"href":"https:\/\/www.ibagsbelts.com\/tienda\/wp-json\/wp\/v2\/media\/39671"}],"wp:attachment":[{"href":"https:\/\/www.ibagsbelts.com\/tienda\/wp-json\/wp\/v2\/media?parent=39381"}],"wp:term":[{"taxonomy":"product_brand","embeddable":true,"href":"https:\/\/www.ibagsbelts.com\/tienda\/wp-json\/wp\/v2\/product_brand?post=39381"},{"taxonomy":"product_cat","embeddable":true,"href":"https:\/\/www.ibagsbelts.com\/tienda\/wp-json\/wp\/v2\/product_cat?post=39381"},{"taxonomy":"product_tag","embeddable":true,"href":"https:\/\/www.ibagsbelts.com\/tienda\/wp-json\/wp\/v2\/product_tag?post=39381"}],"curies":[{"name":"wp","href":"https:\/\/api.w.org\/{rel}","templated":true}]}}