{"id":39389,"date":"2026-02-05T12:27:29","date_gmt":"2026-02-05T11:27:29","guid":{"rendered":"https:\/\/www.ibagsbelts.com\/tienda\/?post_type=product&#038;p=39389"},"modified":"2026-03-07T23:54:03","modified_gmt":"2026-03-07T22:54:03","slug":"rinonera-de-piel-buganvilla-mika-2","status":"publish","type":"product","link":"https:\/\/www.ibagsbelts.com\/tienda\/producto\/rinonera-de-piel-buganvilla-mika-2\/","title":{"rendered":"Ri\u00f1onera de piel buganvilla Mika"},"content":{"rendered":"<h1 class=\"product_title entry-title\" style=\"text-align: left;\">Ri\u00f1onera de piel Italiana Mika<\/h1>\n<p style=\"text-align: left;\" data-start=\"129\" data-end=\"177\"><strong data-start=\"129\" data-end=\"177\">Ri\u00f1onera Mika Buganvilla \u2013 estilo, comodidad y car\u00e1cter<\/strong><\/p>\n<p style=\"text-align: left;\" data-start=\"179\" data-end=\"456\">M\u00e1s que una simple ri\u00f1onera,\u00a0<strong data-start=\"208\" data-end=\"216\">Mika<\/strong>\u00a0est\u00e1 dise\u00f1ada para llevarse c\u00f3modamente como bolso bandolera, adapt\u00e1ndose a tu ritmo diario sin renunciar al estilo. Su dise\u00f1o combina funcionalidad y elegancia, convirti\u00e9ndola en el accesorio perfecto tanto para hombres como para mujeres.<\/p>\n<p style=\"text-align: left;\" data-start=\"458\" data-end=\"719\">Hecha\u00a0<strong data-start=\"464\" data-end=\"492\">a mano en cuero italiano<\/strong>\u00a0de alta calidad y disponible en colores muy chulos, Mika es una pieza atemporal que encaja con cualquier look y trasciende las tendencias pasajeras. Ideal para quienes buscan un accesorio pr\u00e1ctico, duradero y con personalidad.<\/p>\n<p style=\"text-align: left;\" data-start=\"721\" data-end=\"984\">Cuenta con un\u00a0<strong data-start=\"735\" data-end=\"787\">compartimento principal con cierre de cremallera<\/strong>, de f\u00e1cil acceso gracias a su apertura superior derecha. En el interior encontrar\u00e1s un\u00a0<strong data-start=\"875\" data-end=\"912\">bolsillo adicional con cremallera<\/strong>, perfecto para mantener tus objetos m\u00e1s peque\u00f1os organizados y seguros.<\/p>\n<p style=\"text-align: left;\" data-start=\"986\" data-end=\"1012\"><strong data-start=\"986\" data-end=\"1012\">Detalles del producto:<\/strong><\/p>\n<ul style=\"text-align: left;\" data-start=\"1013\" data-end=\"1216\">\n<li data-start=\"1013\" data-end=\"1054\">\n<p data-start=\"1015\" data-end=\"1054\">Material: Cuero italiano hecho a mano<\/p>\n<\/li>\n<li data-start=\"1055\" data-end=\"1081\">\n<p data-start=\"1057\" data-end=\"1081\">Medidas: 22 cm x 14 cm<\/p>\n<\/li>\n<li data-start=\"1082\" data-end=\"1160\">\n<p data-start=\"1084\" data-end=\"1125\">Longitud de la correa (bolsa incluida):<\/p>\n<ul data-start=\"1128\" data-end=\"1160\">\n<li data-start=\"1128\" data-end=\"1143\">\n<p data-start=\"1130\" data-end=\"1143\">M\u00e1x. 120 cm<\/p>\n<\/li>\n<li data-start=\"1146\" data-end=\"1160\">\n<p data-start=\"1148\" data-end=\"1160\">M\u00edn. 90 cm<\/p>\n<\/li>\n<\/ul>\n<\/li>\n<li data-start=\"1161\" data-end=\"1186\">\n<p data-start=\"1163\" data-end=\"1186\">Cierre con cremallera<\/p>\n<\/li>\n<li data-start=\"1187\" data-end=\"1216\">\n<p data-start=\"1189\" data-end=\"1216\">Uso: ri\u00f1onera o bandolera<\/p>\n<\/li>\n<\/ul>\n<p style=\"text-align: left;\" data-start=\"1218\" data-end=\"1295\">Un accesorio elegante, funcional y pensado para acompa\u00f1arte todos los d\u00edas.\u00a0<img decoding=\"async\" class=\"emoji\" role=\"img\" draggable=\"false\" src=\"https:\/\/s.w.org\/images\/core\/emoji\/17.0.2\/svg\/2728.svg\" alt=\"\u2728\" \/><\/p>\n<p style=\"text-align: left;\"><strong>Importante<\/strong><\/p>\n<h5 style=\"text-align: left;\">Todos nuestros productos de cuero est\u00e1n hechos a mano y su nueva bolsa de cuero puede estar sujeta a una variaci\u00f3n natural en tama\u00f1o y color.<br \/>\nPara los tama\u00f1os, permita 1-2 cm difiere debido a la medida manual.<br \/>\nLas im\u00e1genes son 100% reales.<br \/>\nDebido al monitor del ordenador y el brillo real de la toma y otras razones, habr\u00e1 una cierta diferencia de color.<\/h5>\n<!-- AddThis Advanced Settings generic via filter on the_content --><!-- AddThis Share Buttons generic via filter on the_content -->","protected":false},"excerpt":{"rendered":"<div class=\"woocommerce-product-details__short-description\">\n<p style=\"text-align: left;\" data-start=\"113\" data-end=\"383\"><strong data-start=\"129\" data-end=\"177\">Ri\u00f1onera Mika Buganvilla \u2013 estilo, comodidad y car\u00e1cter\u00a0<\/strong><\/p>\n<p style=\"text-align: left;\" data-start=\"113\" data-end=\"383\">M\u00e1s que una ri\u00f1onera, Mika est\u00e1 dise\u00f1ada para llevarse como\u00a0<strong data-start=\"173\" data-end=\"192\">bolso bandolera<\/strong>, combinando comodidad y estilo. Hecha\u00a0<strong data-start=\"231\" data-end=\"259\">a mano en cuero italiano<\/strong>\u00a0y disponible en colores muy chulos, es un accesorio elegante y funcional que no pasa de moda, ideal para hombres y mujeres.<\/p>\n<p style=\"text-align: left;\" data-start=\"385\" data-end=\"520\">Cuenta con\u00a0<strong data-start=\"396\" data-end=\"420\">cierre de cremallera<\/strong>, compartimento principal amplio y\u00a0<strong data-start=\"455\" data-end=\"491\">bolsillo interior con cremallera<\/strong>\u00a0para una mejor organizaci\u00f3n.<\/p>\n<p style=\"text-align: left;\" data-start=\"522\" data-end=\"581\"><strong data-start=\"522\" data-end=\"534\">Medidas:<\/strong>\u00a022 x 14 cm<br data-start=\"545\" data-end=\"548\" \/><strong data-start=\"548\" data-end=\"569\">Correa ajustable:<\/strong>\u00a090\u2013120 cm<\/p>\n<h4 style=\"text-align: center;\"><strong>\u00bfAlguna duda? Ponte en contacto con nosotros a trav\u00e9s del bot\u00f3n del chat directo por whatsApp y te resolveremos las dudas al instante!<\/strong><\/h4>\n<\/div>\n<p><!-- AddThis Advanced Settings generic via filter on get_the_excerpt --><!-- AddThis Share Buttons generic via filter on get_the_excerpt --><\/p>\n","protected":false},"featured_media":36336,"comment_status":"open","ping_status":"closed","template":"","meta":{"om_disable_all_campaigns":false,"_monsterinsights_skip_tracking":false,"_monsterinsights_sitenote_active":false,"_monsterinsights_sitenote_note":"","_monsterinsights_sitenote_category":0,"_uf_show_specific_survey":0,"_uf_disable_surveys":false},"product_brand":[1217],"product_cat":[950],"product_tag":[1135,1096,1042,1033,301,877,1036,753,1102,795,1149,793],"class_list":{"0":"post-39389","1":"product","2":"type-product","3":"status-publish","4":"has-post-thumbnail","6":"product_brand-ibags-belts","7":"product_cat-rinoneras","8":"product_tag-accesorios-y-complementos","9":"product_tag-artesania","10":"product_tag-banana","11":"product_tag-bananas","12":"product_tag-bandolera","13":"product_tag-bandoleras","14":"product_tag-bolso-piel-italiano","15":"product_tag-complementos-de-cuero","16":"product_tag-piel","17":"product_tag-rinonera-cuero","18":"product_tag-rinonera-moto","19":"product_tag-rinoneras","21":"first","22":"instock","23":"shipping-taxable","24":"purchasable","25":"product-type-simple","26":"add-to-wishlist-after_add_to_cart","27":"layout-style-1","28":"col-md-4 col-sm-4 col-xs-6","29":"col-lg-3","30":"product-has-gallery","31":"product-style-default"},"aioseo_notices":[],"_links":{"self":[{"href":"https:\/\/www.ibagsbelts.com\/tienda\/wp-json\/wp\/v2\/product\/39389","targetHints":{"allow":["GET"]}}],"collection":[{"href":"https:\/\/www.ibagsbelts.com\/tienda\/wp-json\/wp\/v2\/product"}],"about":[{"href":"https:\/\/www.ibagsbelts.com\/tienda\/wp-json\/wp\/v2\/types\/product"}],"replies":[{"embeddable":true,"href":"https:\/\/www.ibagsbelts.com\/tienda\/wp-json\/wp\/v2\/comments?post=39389"}],"wp:featuredmedia":[{"embeddable":true,"href":"https:\/\/www.ibagsbelts.com\/tienda\/wp-json\/wp\/v2\/media\/36336"}],"wp:attachment":[{"href":"https:\/\/www.ibagsbelts.com\/tienda\/wp-json\/wp\/v2\/media?parent=39389"}],"wp:term":[{"taxonomy":"product_brand","embeddable":true,"href":"https:\/\/www.ibagsbelts.com\/tienda\/wp-json\/wp\/v2\/product_brand?post=39389"},{"taxonomy":"product_cat","embeddable":true,"href":"https:\/\/www.ibagsbelts.com\/tienda\/wp-json\/wp\/v2\/product_cat?post=39389"},{"taxonomy":"product_tag","embeddable":true,"href":"https:\/\/www.ibagsbelts.com\/tienda\/wp-json\/wp\/v2\/product_tag?post=39389"}],"curies":[{"name":"wp","href":"https:\/\/api.w.org\/{rel}","templated":true}]}}