{"id":3961,"date":"2018-12-09T13:32:36","date_gmt":"2018-12-09T12:32:36","guid":{"rendered":"https:\/\/www.ibagsbelts.com\/tienda\/?post_type=product&#038;p=3961"},"modified":"2026-03-15T20:13:02","modified_gmt":"2026-03-15T19:13:02","slug":"g09-03","status":"publish","type":"product","link":"https:\/\/www.ibagsbelts.com\/tienda\/producto\/g09-03\/","title":{"rendered":"Bolso bandolera peque\u00f1a de cuero negro con pelo de vaca Villach"},"content":{"rendered":"<p style=\"text-align: left;\">Este bolso bandolera presenta una combinaci\u00f3n \u00fanica de cuero liso y piel con pelo de vaca, convirti\u00e9ndolo en una pieza original. Su forma rectangular agrega un toque juvenil a tu imagen. Con una correa ajustable con hebilla, puedes llevarlo como crossbody para mantener las manos libres.<\/p>\n<p style=\"text-align: left;\">Bajo la solapa, cuenta con una cremallera que proporciona seguridad adicional a tus pertenencias esenciales, como llaves, monedero y tel\u00e9fono m\u00f3vil. Con dimensiones de 28 cm de largo y 21 cm de alto, es perfecto para el uso diario. Adem\u00e1s, al ser 100% cuero, garantiza calidad y durabilidad.<\/p>\n<h5 style=\"text-align: left;\"><strong>Aviso importante<\/strong><\/h5>\n<p style=\"text-align: left;\">Todos nuestros productos de cuero puede estar sujeta a una variaci\u00f3n natural en tama\u00f1o y color.<\/p>\n<p style=\"text-align: left;\">Las pieles utilizadas han sido procesadas y curtidas para dar al cuero acabado un aspecto antiguo \/ vintage.<br \/>\nPara los tama\u00f1os, permita 1-2 cm diferencia debido a la medida manual.<br \/>\nLas im\u00e1genes son 100% reales.<br \/>\nDebido al monitor del ordenador y el brillo real de la toma y otras razones, habr\u00e1 una cierta diferencia de color.<\/p>\n<!-- AddThis Advanced Settings generic via filter on the_content --><!-- AddThis Share Buttons generic via filter on the_content -->","protected":false},"excerpt":{"rendered":"<h2>Este bolso bandolera presenta una combinaci\u00f3n \u00fanica de cuero liso y piel con pelo de vaca.<\/h2>\n<h3>Convirti\u00e9ndolo en una pieza original. Su forma rectangular agrega un toque juvenil a tu imagen. Con una correa ajustable con hebilla, puedes llevarlo como crossbody para mantener las manos libres.<\/h3>\n<h4>Bajo la solapa, cuenta con una cremallera que proporciona seguridad adicional a tus pertenencias esenciales, como llaves, monedero y tel\u00e9fono m\u00f3vil. Con dimensiones de 28 cm de largo y 21 cm de alto, es perfecto para el uso diario. Adem\u00e1s, al ser 100% cuero, garantiza calidad y durabilidad.<\/h4>\n<div class=\"woocommerce-product-details__short-description\">\n<h5><strong>\u00bfAlguna duda? Ponte en contacto con nosotros a trav\u00e9s del bot\u00f3n del chat directo por whatsApp y te resolveremos las dudas al instante!<\/strong><\/h5>\n<\/div>\n<p><!-- AddThis Advanced Settings generic via filter on get_the_excerpt --><!-- AddThis Share Buttons generic via filter on get_the_excerpt --><\/p>\n","protected":false},"featured_media":14614,"comment_status":"open","ping_status":"closed","template":"","meta":{"om_disable_all_campaigns":false,"_monsterinsights_skip_tracking":false,"_monsterinsights_sitenote_active":false,"_monsterinsights_sitenote_note":"","_monsterinsights_sitenote_category":0,"_uf_show_specific_survey":0,"_uf_disable_surveys":false},"product_brand":[1217],"product_cat":[240],"product_tag":[327,305,255,314],"class_list":{"0":"post-3961","1":"product","2":"type-product","3":"status-publish","4":"has-post-thumbnail","6":"product_brand-ibags-belts","7":"product_cat-bolsos-bandoleras-de-cuero-artesanal","8":"product_tag-bolso-bandolera-cuero-bicolor","9":"product_tag-bolso-cuero-artesanal","10":"product_tag-bolso-cuero-mujer","11":"product_tag-bolso-cuero-pelo-vaca","13":"first","14":"instock","15":"shipping-taxable","16":"purchasable","17":"product-type-simple","18":"add-to-wishlist-after_add_to_cart","19":"layout-style-1","20":"col-md-4 col-sm-4 col-xs-6","21":"col-lg-3","22":"product-has-gallery","23":"product-style-default"},"aioseo_notices":[],"_links":{"self":[{"href":"https:\/\/www.ibagsbelts.com\/tienda\/wp-json\/wp\/v2\/product\/3961","targetHints":{"allow":["GET"]}}],"collection":[{"href":"https:\/\/www.ibagsbelts.com\/tienda\/wp-json\/wp\/v2\/product"}],"about":[{"href":"https:\/\/www.ibagsbelts.com\/tienda\/wp-json\/wp\/v2\/types\/product"}],"replies":[{"embeddable":true,"href":"https:\/\/www.ibagsbelts.com\/tienda\/wp-json\/wp\/v2\/comments?post=3961"}],"wp:featuredmedia":[{"embeddable":true,"href":"https:\/\/www.ibagsbelts.com\/tienda\/wp-json\/wp\/v2\/media\/14614"}],"wp:attachment":[{"href":"https:\/\/www.ibagsbelts.com\/tienda\/wp-json\/wp\/v2\/media?parent=3961"}],"wp:term":[{"taxonomy":"product_brand","embeddable":true,"href":"https:\/\/www.ibagsbelts.com\/tienda\/wp-json\/wp\/v2\/product_brand?post=3961"},{"taxonomy":"product_cat","embeddable":true,"href":"https:\/\/www.ibagsbelts.com\/tienda\/wp-json\/wp\/v2\/product_cat?post=3961"},{"taxonomy":"product_tag","embeddable":true,"href":"https:\/\/www.ibagsbelts.com\/tienda\/wp-json\/wp\/v2\/product_tag?post=3961"}],"curies":[{"name":"wp","href":"https:\/\/api.w.org\/{rel}","templated":true}]}}