{"id":39860,"date":"2026-02-28T15:24:29","date_gmt":"2026-02-28T14:24:29","guid":{"rendered":"https:\/\/www.ibagsbelts.com\/tienda\/?post_type=product&#038;p=39860"},"modified":"2026-04-15T19:51:43","modified_gmt":"2026-04-15T17:51:43","slug":"bolso-bombonera-azul-de-cuero-julia","status":"publish","type":"product","link":"https:\/\/www.ibagsbelts.com\/tienda\/producto\/bolso-bombonera-azul-de-cuero-julia\/","title":{"rendered":"Bolso bombonera azul de cuero Julia"},"content":{"rendered":"<p style=\"text-align: left;\">Ya sea para el trabajo, dar un paseo por la ciudad o para quedar con tus amigos, &#8220;esta bombonera&#8221; es perfecto para cada ocasi\u00f3n. El bolso est\u00e1 hecho de cuero que la da la estabilidad necesaria para que sea el compa\u00f1ero perfecto para tu d\u00eda a d\u00eda. Tiene un bolsillo interior en el forro de algod\u00f3n. Te ofrece el espacio suficiente para que puedas guardar tus documentos, tus llaves una agenda o tu iPhone. Adem\u00e1s tiene un compartimento para monedero. asa de mano y asa de cadena larga de quita y pon. \u00bfHoy tienes distintas actividades? Ll\u00e9valo contigo. Si te apasiona el estilo boho con sus dise\u00f1o es un acierto seguro con este es tu bolso.<\/p>\n<p style=\"text-align: left;\"><strong>Aviso importante<\/strong><\/p>\n<p style=\"text-align: left;\">Todos nuestros productos de cuero puede estar sujeta a una variaci\u00f3n natural en tama\u00f1o y color.<\/p>\n<p style=\"text-align: left;\">Las pieles utilizadas han sido procesadas y curtidas en una de las curtidur\u00edas m\u00e1s antiguas utilizando t\u00e9cnicas centenarias \u00a0Para los tama\u00f1os, permita 1-2 cm diferencia debido a la medida manual.<\/p>\n<p style=\"text-align: left;\">Las im\u00e1genes son 100% reales.\u00a0Debido al monitor del ordenador y el brillo real de la toma y otras razones, habr\u00e1 una cierta diferencia de color.<\/p>\n<!-- AddThis Advanced Settings generic via filter on the_content --><!-- AddThis Share Buttons generic via filter on the_content -->","protected":false},"excerpt":{"rendered":"<div class=\"woocommerce-product-details__short-description\">\n<p style=\"text-align: left;\">Ya sea para el trabajo, dar un paseo por la ciudad o para quedar con tus amigos, &#8220;esta bombonera&#8221; es perfecto para cada ocasi\u00f3n.<\/p>\n<p style=\"text-align: left;\">El bolso est\u00e1 hecho de cuero que la da la estabilidad necesaria para que sea el compa\u00f1ero perfecto para tu d\u00eda a d\u00eda. Tiene un bolsillo interior en el forro de algod\u00f3n. Te ofrece el espacio suficiente para que puedas guardar tus documentos, tus llaves una agenda o tu iPhone. Adem\u00e1s tiene un compartimento para monedero. asa de mano y asa de cadena larga de quita y pon. \u00bfHoy tienes distintas actividades? Ll\u00e9valo contigo. Si te apasiona el estilo boho con sus dise\u00f1o es un acierto seguro con este es tu bolso.<\/p>\n<p style=\"text-align: left;\">Dimensiones 20 cm alto x 16 cm largo, el circulo de la base es de 16cm. 100% Cuero.<\/p>\n<h5 style=\"text-align: center;\"><strong>\u00bfAlguna duda? Ponte en contacto con nosotros a trav\u00e9s del bot\u00f3n del chat directo por whatsApp y te resolveremos las dudas al instante<\/strong><\/h5>\n<\/div>\n<p><!-- AddThis Advanced Settings generic via filter on get_the_excerpt --><!-- AddThis Share Buttons generic via filter on get_the_excerpt --><\/p>\n","protected":false},"featured_media":39842,"comment_status":"open","ping_status":"closed","template":"","meta":{"om_disable_all_campaigns":false,"_monsterinsights_skip_tracking":false,"_monsterinsights_sitenote_active":false,"_monsterinsights_sitenote_note":"","_monsterinsights_sitenote_category":0,"_uf_show_specific_survey":0,"_uf_disable_surveys":false},"product_brand":[1217],"product_cat":[240,757,381],"product_tag":[301,877,303,1020,299,315,268,316,329,1041,293,743,744,746,1281],"class_list":{"0":"post-39860","1":"product","2":"type-product","3":"status-publish","4":"has-post-thumbnail","6":"product_brand-ibags-belts","7":"product_cat-bolsos-bandoleras-de-cuero-artesanal","8":"product_cat-bolso-clutch","9":"product_cat-bomboneras","10":"product_tag-bandolera","11":"product_tag-bandoleras","12":"product_tag-bolso-bohemian","13":"product_tag-bolso-boho","14":"product_tag-bolso-cuero","15":"product_tag-bolso-cuero-artesano","16":"product_tag-bolso-cuero-boho-bolso-cuero-con-tachuelas-bolsos-cuero-caballero-bolso-cuero-de-hombre-bolso-cuero-de-viaje-bolso-cuero-de-vaca-bolso-de-cuero-artesanal-bolso-de-cuero","17":"product_tag-bolso-cuero-con-tachuelas","18":"product_tag-bolso-cuero-hippie","19":"product_tag-bolso-saco","20":"product_tag-bombonera-cuero","21":"product_tag-estilo-boho","22":"product_tag-estilo-bohochic","23":"product_tag-estilo-hippiechic","24":"product_tag-pregato","26":"first","27":"instock","28":"shipping-taxable","29":"purchasable","30":"product-type-simple","31":"add-to-wishlist-after_add_to_cart","32":"layout-style-1","33":"col-md-4 col-sm-4 col-xs-6","34":"col-lg-3","35":"product-has-gallery","36":"product-style-default"},"aioseo_notices":[],"_links":{"self":[{"href":"https:\/\/www.ibagsbelts.com\/tienda\/wp-json\/wp\/v2\/product\/39860","targetHints":{"allow":["GET"]}}],"collection":[{"href":"https:\/\/www.ibagsbelts.com\/tienda\/wp-json\/wp\/v2\/product"}],"about":[{"href":"https:\/\/www.ibagsbelts.com\/tienda\/wp-json\/wp\/v2\/types\/product"}],"replies":[{"embeddable":true,"href":"https:\/\/www.ibagsbelts.com\/tienda\/wp-json\/wp\/v2\/comments?post=39860"}],"wp:featuredmedia":[{"embeddable":true,"href":"https:\/\/www.ibagsbelts.com\/tienda\/wp-json\/wp\/v2\/media\/39842"}],"wp:attachment":[{"href":"https:\/\/www.ibagsbelts.com\/tienda\/wp-json\/wp\/v2\/media?parent=39860"}],"wp:term":[{"taxonomy":"product_brand","embeddable":true,"href":"https:\/\/www.ibagsbelts.com\/tienda\/wp-json\/wp\/v2\/product_brand?post=39860"},{"taxonomy":"product_cat","embeddable":true,"href":"https:\/\/www.ibagsbelts.com\/tienda\/wp-json\/wp\/v2\/product_cat?post=39860"},{"taxonomy":"product_tag","embeddable":true,"href":"https:\/\/www.ibagsbelts.com\/tienda\/wp-json\/wp\/v2\/product_tag?post=39860"}],"curies":[{"name":"wp","href":"https:\/\/api.w.org\/{rel}","templated":true}]}}