{"id":39866,"date":"2026-02-28T15:47:39","date_gmt":"2026-02-28T14:47:39","guid":{"rendered":"https:\/\/www.ibagsbelts.com\/tienda\/?post_type=product&#038;p=39866"},"modified":"2026-03-07T23:28:13","modified_gmt":"2026-03-07T22:28:13","slug":"bolso-cuadrado-azul-vaquero-flecos-y-asas-integradas-mini-erika","status":"publish","type":"product","link":"https:\/\/www.ibagsbelts.com\/tienda\/producto\/bolso-cuadrado-azul-vaquero-flecos-y-asas-integradas-mini-erika\/","title":{"rendered":"Bolso cuadrado azul vaquero flecos y asas integradas mini Erika"},"content":{"rendered":"<p style=\"text-align: left;\">Este bolso en piel de ante, cuadrado en color marr\u00f3n suena elegante y vers\u00e1til. Aqu\u00ed hay algunas caracter\u00edsticas clave basadas en la descripci\u00f3n:<\/p>\n<ol style=\"text-align: left;\">\n<li><strong>PIEL ANTE:<\/strong>\u00a0El bolso podr\u00eda tener un toque \u00fanico y estar bien confeccionado para garantizar durabilidad.<\/li>\n<li><strong>Color Azul vaquero:<\/strong> El marr\u00f3n es un color cl\u00e1sico que se adapta f\u00e1cilmente a diferentes estilos y ocasiones, a\u00f1adiendo elegancia al bolso.<\/li>\n<li><strong>Asas de Mano Integradas:<\/strong> Las asas de mano integradas sugieren un dise\u00f1o limpio y funcional.<\/li>\n<li><strong>Bandolera con Detalle de Flecos:<\/strong> La inclusi\u00f3n de una bandolera con detalles de flecos en los dos laterales agrega un toque boho y un elemento de estilo al bolso.<\/li>\n<li><strong>Asa Larga Extra\u00edble:<\/strong> La presencia de una asa larga extra\u00edble proporciona opciones de uso vers\u00e1tiles, ya sea como bolso de hombro o bandolera.<\/li>\n<li><strong>Cierre\u00a0Cremallera:<\/strong> Un cierre metalico puede ser pr\u00e1ctico y seguro para mantener los contenidos del bolso protegidos.<\/li>\n<li><strong>Forro y Bolsillo Interior:<\/strong> La presencia de forro y bolsillo interior indica atenci\u00f3n a la funcionalidad y organizaci\u00f3n.<\/li>\n<\/ol>\n<p style=\"text-align: left;\">En general, este bolso parece ser una elecci\u00f3n elegante con detalles que podr\u00edan hacerlo destacar. \u00bfHay algo m\u00e1s espec\u00edfico que te gustar\u00eda saber sobre este bolso?<\/p>\n<p style=\"text-align: left;\"><strong>Aviso importante<\/strong><\/p>\n<p style=\"text-align: left;\">Todos nuestros productos de cuero est\u00e1n hechos a mano y su nueva bolsa de cuero puede estar sujeta a una variaci\u00f3n natural en tama\u00f1o y color.<br \/>\nPara los tama\u00f1os, permita 1-2 cm difiere debido a la medida manual.<br \/>\nLas im\u00e1genes son 100% reales.<br \/>\nDebido al monitor del ordenador y el brillo real de la toma y otras razones, habr\u00e1 una cierta diferencia de color.<\/p>\n<!-- AddThis Advanced Settings generic via filter on the_content --><!-- AddThis Share Buttons generic via filter on the_content -->","protected":false},"excerpt":{"rendered":"<p>Bolso en piel de ante, cuadrado en color azul\u00a0 y asas de mano integradas en el bolso.<\/p>\n<p>Bandolera con detalle de flecos en los laterales por las dos caras para darle un toque boho.\u00a0Incluye asa larga extra\u00edble para llevarla de hombro o bandolera, cierre con cremallera met\u00e1lica.<\/p>\n<p>Forro y bolsillo interior.<\/p>\n<p><strong>Medidas:\u00a0<\/strong>Largo 18 cm, Alto 18 cm, Fondo 4 cm. 99 % ante, 1% fornituras.<\/p>\n<h5 style=\"text-align: center;\"><strong>\u00bfAlguna duda? Ponte en contacto con nosotros a trav\u00e9s del bot\u00f3n del chat directo por whats app y te resolveremos las dudas al instante!<\/strong><\/h5>\n<p><!-- AddThis Advanced Settings generic via filter on get_the_excerpt --><!-- AddThis Share Buttons generic via filter on get_the_excerpt --><\/p>\n","protected":false},"featured_media":39864,"comment_status":"open","ping_status":"closed","template":"","meta":{"om_disable_all_campaigns":false,"_monsterinsights_skip_tracking":false,"_monsterinsights_sitenote_active":false,"_monsterinsights_sitenote_note":"","_monsterinsights_sitenote_category":0,"_uf_show_specific_survey":0,"_uf_disable_surveys":false},"product_brand":[1217],"product_cat":[240,757],"product_tag":[1044,301,877,736,737,266,299,315,268,313,329,255,1153,824,823,1036,727,744,1270],"class_list":{"0":"post-39866","1":"product","2":"type-product","3":"status-publish","4":"has-post-thumbnail","6":"product_brand-ibags-belts","7":"product_cat-bolsos-bandoleras-de-cuero-artesanal","8":"product_cat-bolso-clutch","9":"product_tag-ante","10":"product_tag-bandolera","11":"product_tag-bandoleras","12":"product_tag-boho","13":"product_tag-bohochic","14":"product_tag-bolso-bohemian-bolso-cuero-repujado-bolsos-cuero-retro-bolso-shopper-cuero-bolso-cuero-trenzado-bolso-cuero-troquelado","15":"product_tag-bolso-cuero","16":"product_tag-bolso-cuero-artesano","17":"product_tag-bolso-cuero-boho-bolso-cuero-con-tachuelas-bolsos-cuero-caballero-bolso-cuero-de-hombre-bolso-cuero-de-viaje-bolso-cuero-de-vaca-bolso-de-cuero-artesanal-bolso-de-cuero","18":"product_tag-bolso-cuero-hecho-a-mano","19":"product_tag-bolso-cuero-hippie","20":"product_tag-bolso-cuero-mujer","21":"product_tag-bolso-de-mano","22":"product_tag-bolso-flecos","23":"product_tag-bolso-piel","24":"product_tag-bolso-piel-italiano","25":"product_tag-bolsos-bandoleras-cuero","26":"product_tag-estilo-bohochic","27":"product_tag-serraje","29":"first","30":"instock","31":"shipping-taxable","32":"purchasable","33":"product-type-simple","34":"add-to-wishlist-after_add_to_cart","35":"layout-style-1","36":"col-md-4 col-sm-4 col-xs-6","37":"col-lg-3","38":"product-has-gallery","39":"product-style-default"},"aioseo_notices":[],"_links":{"self":[{"href":"https:\/\/www.ibagsbelts.com\/tienda\/wp-json\/wp\/v2\/product\/39866","targetHints":{"allow":["GET"]}}],"collection":[{"href":"https:\/\/www.ibagsbelts.com\/tienda\/wp-json\/wp\/v2\/product"}],"about":[{"href":"https:\/\/www.ibagsbelts.com\/tienda\/wp-json\/wp\/v2\/types\/product"}],"replies":[{"embeddable":true,"href":"https:\/\/www.ibagsbelts.com\/tienda\/wp-json\/wp\/v2\/comments?post=39866"}],"wp:featuredmedia":[{"embeddable":true,"href":"https:\/\/www.ibagsbelts.com\/tienda\/wp-json\/wp\/v2\/media\/39864"}],"wp:attachment":[{"href":"https:\/\/www.ibagsbelts.com\/tienda\/wp-json\/wp\/v2\/media?parent=39866"}],"wp:term":[{"taxonomy":"product_brand","embeddable":true,"href":"https:\/\/www.ibagsbelts.com\/tienda\/wp-json\/wp\/v2\/product_brand?post=39866"},{"taxonomy":"product_cat","embeddable":true,"href":"https:\/\/www.ibagsbelts.com\/tienda\/wp-json\/wp\/v2\/product_cat?post=39866"},{"taxonomy":"product_tag","embeddable":true,"href":"https:\/\/www.ibagsbelts.com\/tienda\/wp-json\/wp\/v2\/product_tag?post=39866"}],"curies":[{"name":"wp","href":"https:\/\/api.w.org\/{rel}","templated":true}]}}