{"id":3991,"date":"2018-12-09T14:24:53","date_gmt":"2018-12-09T13:24:53","guid":{"rendered":"https:\/\/www.ibagsbelts.com\/tienda\/?post_type=product&#038;p=3991"},"modified":"2026-03-15T20:11:53","modified_gmt":"2026-03-15T19:11:53","slug":"g13-02","status":"publish","type":"product","link":"https:\/\/www.ibagsbelts.com\/tienda\/producto\/g13-02\/","title":{"rendered":"Bolso de hombro tipo hobo en color Marr\u00f3n"},"content":{"rendered":"<p style=\"text-align: left;\">Bolso hobo de mujer elaborado en piel. Un modelo amplio que se convertir\u00e1 en un imprescindible para el d\u00eda a d\u00eda.<\/p>\n<p style=\"text-align: left;\">Su sencillo dise\u00f1o y su tonalidad son perfectos para combinar con todos tus looks. Su interior es muy amplio. Adem\u00e1s, combina su asa de hombro con un asa bandolera \u00a0que puede regularse. En uno de sus laterales interiores un peque\u00f1o bolsillo. Forro interior.<\/p>\n<p style=\"text-align: left;\"><strong>Aviso importante<\/strong><\/p>\n<p style=\"text-align: left;\">Todos nuestros productos de cuero puede estar sujeta a una variaci\u00f3n natural en tama\u00f1o y color.<\/p>\n<p style=\"text-align: left;\">Las pieles utilizadas han sido procesadas y curtidas para dar al cuero acabado un aspecto antiguo \/ vintage.<br \/>\nPara los tama\u00f1os, permita 1-2 cm diferencia debido a la medida manual.<br \/>\nLas im\u00e1genes son 100% reales.<br \/>\nDebido al monitor del ordenador y el brillo real de la toma y otras razones, habr\u00e1 una cierta diferencia de color.<\/p>\n<!-- AddThis Advanced Settings generic via filter on the_content --><!-- AddThis Share Buttons generic via filter on the_content -->","protected":false},"excerpt":{"rendered":"<h2 style=\"text-align: center;\">Bolso hobo de mujer elaborado en piel. Un modelo amplio que se convertir\u00e1 en un imprescindible para el d\u00eda a d\u00eda.<\/h2>\n<h3 style=\"text-align: center;\">Su sencillo dise\u00f1o y su tonalidad son perfectos para combinar con todos tus looks.\u00a0Su interior es muy amplio. Adem\u00e1s, combina su asa de hombro con un asa bandolera \u00a0que puede regularse.<\/h3>\n<h4 style=\"text-align: center;\">En uno de sus laterales interiores un peque\u00f1o bolsillo. Forro interior.<\/h4>\n<h5><strong>\u00bfAlguna duda? Ponte en contacto con nosotros a trav\u00e9s del bot\u00f3n del chat directo por whatsApp y te resolveremos las dudas al instante!<\/strong><\/h5>\n<p><!-- AddThis Advanced Settings generic via filter on get_the_excerpt --><!-- AddThis Share Buttons generic via filter on get_the_excerpt --><\/p>\n","protected":false},"featured_media":3992,"comment_status":"open","ping_status":"closed","template":"","meta":{"om_disable_all_campaigns":false,"_monsterinsights_skip_tracking":false,"_monsterinsights_sitenote_active":false,"_monsterinsights_sitenote_note":"","_monsterinsights_sitenote_category":0,"_uf_show_specific_survey":0,"_uf_disable_surveys":false},"product_brand":[1217],"product_cat":[240],"product_tag":[301,877,266,303,299,305,315,268,255,823,727,743,725,1102],"class_list":{"0":"post-3991","1":"product","2":"type-product","3":"status-publish","4":"has-post-thumbnail","6":"product_brand-ibags-belts","7":"product_cat-bolsos-bandoleras-de-cuero-artesanal","8":"product_tag-bandolera","9":"product_tag-bandoleras","10":"product_tag-bolso-bohemian-bolso-cuero-repujado-bolsos-cuero-retro-bolso-shopper-cuero-bolso-cuero-trenzado-bolso-cuero-troquelado","11":"product_tag-bolso-bohemian","12":"product_tag-bolso-cuero","13":"product_tag-bolso-cuero-artesanal","14":"product_tag-bolso-cuero-artesano","15":"product_tag-bolso-cuero-boho-bolso-cuero-con-tachuelas-bolsos-cuero-caballero-bolso-cuero-de-hombre-bolso-cuero-de-viaje-bolso-cuero-de-vaca-bolso-de-cuero-artesanal-bolso-de-cuero","16":"product_tag-bolso-cuero-mujer","17":"product_tag-bolso-piel","18":"product_tag-bolsos-bandoleras-cuero","19":"product_tag-estilo-boho","20":"product_tag-ibagsbelts","21":"product_tag-piel","23":"first","24":"outofstock","25":"sale","26":"shipping-taxable","27":"purchasable","28":"product-type-simple","29":"add-to-wishlist-after_add_to_cart","30":"layout-style-1","31":"col-md-4 col-sm-4 col-xs-6","32":"col-lg-3","33":"product-style-default"},"aioseo_notices":[],"_links":{"self":[{"href":"https:\/\/www.ibagsbelts.com\/tienda\/wp-json\/wp\/v2\/product\/3991","targetHints":{"allow":["GET"]}}],"collection":[{"href":"https:\/\/www.ibagsbelts.com\/tienda\/wp-json\/wp\/v2\/product"}],"about":[{"href":"https:\/\/www.ibagsbelts.com\/tienda\/wp-json\/wp\/v2\/types\/product"}],"replies":[{"embeddable":true,"href":"https:\/\/www.ibagsbelts.com\/tienda\/wp-json\/wp\/v2\/comments?post=3991"}],"wp:featuredmedia":[{"embeddable":true,"href":"https:\/\/www.ibagsbelts.com\/tienda\/wp-json\/wp\/v2\/media\/3992"}],"wp:attachment":[{"href":"https:\/\/www.ibagsbelts.com\/tienda\/wp-json\/wp\/v2\/media?parent=3991"}],"wp:term":[{"taxonomy":"product_brand","embeddable":true,"href":"https:\/\/www.ibagsbelts.com\/tienda\/wp-json\/wp\/v2\/product_brand?post=3991"},{"taxonomy":"product_cat","embeddable":true,"href":"https:\/\/www.ibagsbelts.com\/tienda\/wp-json\/wp\/v2\/product_cat?post=3991"},{"taxonomy":"product_tag","embeddable":true,"href":"https:\/\/www.ibagsbelts.com\/tienda\/wp-json\/wp\/v2\/product_tag?post=3991"}],"curies":[{"name":"wp","href":"https:\/\/api.w.org\/{rel}","templated":true}]}}