{"id":39925,"date":"2026-02-28T16:51:32","date_gmt":"2026-02-28T15:51:32","guid":{"rendered":"https:\/\/www.ibagsbelts.com\/tienda\/?post_type=product&#038;p=39925"},"modified":"2026-04-13T22:45:04","modified_gmt":"2026-04-13T20:45:04","slug":"bandolera-portamovil-de-cuero-buganvilla-elisabeth","status":"publish","type":"product","link":"https:\/\/www.ibagsbelts.com\/tienda\/producto\/bandolera-portamovil-de-cuero-buganvilla-elisabeth\/","title":{"rendered":"Bandolera portam\u00f3vil de cuero buganvilla Elisabeth"},"content":{"rendered":"<p class=\"p1\" style=\"text-align: left;\"><b>El bolso que necesitas cuando menos es m\u00e1s<\/b><\/p>\n<p class=\"p1\" style=\"text-align: left;\">Ligero, elegante y absolutamente pr\u00e1ctico. Este bolso bandolera de cuero italiano est\u00e1 pensado para acompa\u00f1arte en tu d\u00eda a d\u00eda sin cargar peso extra, pero con todo el estilo.<\/p>\n<p class=\"p1\" style=\"text-align: left;\">Hecho a mano en Florencia con cuero genuino de alta calidad, combina tradici\u00f3n artesanal y dise\u00f1o funcional en un formato compacto que se adapta a tu ritmo.<\/p>\n<p class=\"p1\" style=\"text-align: left;\">Su bolsillo frontal con bot\u00f3n te permite tener el m\u00f3vil siempre a mano, mientras que el compartimento principal con cremallera mantiene tus esenciales seguros. La correa ajustable te da libertad para llevarlo al hombro o cruzado, seg\u00fan tu plan del d\u00eda.<\/p>\n<p class=\"p1\" style=\"text-align: left;\"><b>Porque lo vas a amar:<\/b><\/p>\n<p class=\"p1\" style=\"text-align: left;\">\u2022 Tiene el tama\u00f1o perfecto para lo imprescindible<\/p>\n<p class=\"p1\" style=\"text-align: left;\">\u2022 Eleva cualquier look sin esfuerzo<\/p>\n<p class=\"p1\" style=\"text-align: left;\">\u2022 Es ligero, c\u00f3modo y f\u00e1cil de combinar<\/p>\n<p class=\"p1\" style=\"text-align: left;\">\u2022 Artesan\u00eda italiana aut\u00e9ntica<\/p>\n<p class=\"p1\" style=\"text-align: left;\"><b>Medidas:<\/b> 21 cm alto x 15 cm ancho<\/p>\n<p class=\"p1\" style=\"text-align: left;\"><b>Material:<\/b> Cuero genuino italiano<\/p>\n<p class=\"p1\" style=\"text-align: left;\"><b>Fabricado en Florencia, Italia<\/b><\/p>\n<p class=\"p1\" style=\"text-align: left;\">Un bolso que no compite con tu estilo\u2026 lo realza.<\/p>\n<p style=\"text-align: center;\"><strong>Aviso importante<\/strong><\/p>\n<p>Todos nuestros productos de cuero est\u00e1n hechos a mano y su nueva bolsa de cuero puede estar sujeta a una variaci\u00f3n natural en tama\u00f1o y color.<br \/>\nPara los tama\u00f1os, permita 1-2 cm difiere debido a la medida manual.<br \/>\nLas im\u00e1genes son 100% reales.<br \/>\nDebido al monitor del ordenador y el brillo real de la toma y otras razones, habr\u00e1 una cierta diferencia de color.<\/p>\n<!-- AddThis Advanced Settings generic via filter on the_content --><!-- AddThis Share Buttons generic via filter on the_content -->","protected":false},"excerpt":{"rendered":"<p class=\"p1\" style=\"text-align: left;\"><b>El bolso que necesitas cuando menos es m\u00e1s<\/b><\/p>\n<p class=\"p1\" style=\"text-align: left;\">Ligero, elegante y absolutamente pr\u00e1ctico. Este bolso bandolera de cuero italiano est\u00e1 pensado para acompa\u00f1arte en tu d\u00eda a d\u00eda sin cargar peso extra, pero con todo el estilo.<\/p>\n<p class=\"p1\" style=\"text-align: left;\">Su bolsillo frontal con bot\u00f3n te permite tener el m\u00f3vil siempre a mano, mientras que el compartimento principal con cremallera mantiene tus esenciales seguros. La correa ajustable te da libertad para llevarlo al hombro o cruzado, seg\u00fan tu plan del d\u00eda.<\/p>\n<p class=\"p1\" style=\"text-align: left;\"><b>Porque lo vas a amar:<\/b><\/p>\n<p class=\"p1\" style=\"text-align: left;\">\u2022 Tiene el tama\u00f1o perfecto para lo imprescindible<\/p>\n<p class=\"p1\" style=\"text-align: left;\">\u2022 Eleva cualquier look sin esfuerzo<\/p>\n<p class=\"p1\" style=\"text-align: left;\">\u2022 Es ligero, c\u00f3modo y f\u00e1cil de combinar<\/p>\n<p class=\"p1\" style=\"text-align: left;\">\u2022 Artesan\u00eda italiana aut\u00e9ntica<\/p>\n<p class=\"p1\" style=\"text-align: left;\"><b>Medidas:<\/b> 21 cm alto x 15 cm ancho<\/p>\n<p class=\"p1\" style=\"text-align: left;\"><b>Material:<\/b> Cuero genuino italiano<\/p>\n<p class=\"p1\" style=\"text-align: left;\"><b>Fabricado en Italia<\/b><\/p>\n<p class=\"p1\" style=\"text-align: left;\">Un bolso que no compite con tu estilo\u2026 lo realza.<\/p>\n<h5 style=\"text-align: center;\"><strong>\u00bfAlguna duda? Ponte en contacto con nosotros a trav\u00e9s del bot\u00f3n del chat directo por whatsApp y te resolveremos las dudas al instante!<\/strong><\/h5>\n<p><!-- AddThis Advanced Settings generic via filter on get_the_excerpt --><!-- AddThis Share Buttons generic via filter on get_the_excerpt --><\/p>\n","protected":false},"featured_media":39875,"comment_status":"open","ping_status":"closed","template":"","meta":{"om_disable_all_campaigns":false,"_monsterinsights_skip_tracking":false,"_monsterinsights_sitenote_active":false,"_monsterinsights_sitenote_note":"","_monsterinsights_sitenote_category":0,"_uf_show_specific_survey":0,"_uf_disable_surveys":false},"product_brand":[1217],"product_cat":[240,383,1016],"product_tag":[1135,301,877,266,299,255,823,1036,727,302,753,1102,1098],"class_list":{"0":"post-39925","1":"product","2":"type-product","3":"status-publish","4":"has-post-thumbnail","6":"product_brand-ibags-belts","7":"product_cat-bolsos-bandoleras-de-cuero-artesanal","8":"product_cat-bolsos-para-telefonos","9":"product_cat-nuevos","10":"product_tag-accesorios-y-complementos","11":"product_tag-bandolera","12":"product_tag-bandoleras","13":"product_tag-bolso-bohemian-bolso-cuero-repujado-bolsos-cuero-retro-bolso-shopper-cuero-bolso-cuero-trenzado-bolso-cuero-troquelado","14":"product_tag-bolso-cuero","15":"product_tag-bolso-cuero-mujer","16":"product_tag-bolso-piel","17":"product_tag-bolso-piel-italiano","18":"product_tag-bolsos-bandoleras-cuero","19":"product_tag-bolsos-de-cuero","20":"product_tag-complementos-de-cuero","21":"product_tag-piel","22":"product_tag-portamovil","24":"first","25":"instock","26":"shipping-taxable","27":"purchasable","28":"product-type-simple","29":"add-to-wishlist-after_add_to_cart","30":"layout-style-1","31":"col-md-4 col-sm-4 col-xs-6","32":"col-lg-3","33":"product-has-gallery","34":"product-style-default"},"aioseo_notices":[],"_links":{"self":[{"href":"https:\/\/www.ibagsbelts.com\/tienda\/wp-json\/wp\/v2\/product\/39925","targetHints":{"allow":["GET"]}}],"collection":[{"href":"https:\/\/www.ibagsbelts.com\/tienda\/wp-json\/wp\/v2\/product"}],"about":[{"href":"https:\/\/www.ibagsbelts.com\/tienda\/wp-json\/wp\/v2\/types\/product"}],"replies":[{"embeddable":true,"href":"https:\/\/www.ibagsbelts.com\/tienda\/wp-json\/wp\/v2\/comments?post=39925"}],"wp:featuredmedia":[{"embeddable":true,"href":"https:\/\/www.ibagsbelts.com\/tienda\/wp-json\/wp\/v2\/media\/39875"}],"wp:attachment":[{"href":"https:\/\/www.ibagsbelts.com\/tienda\/wp-json\/wp\/v2\/media?parent=39925"}],"wp:term":[{"taxonomy":"product_brand","embeddable":true,"href":"https:\/\/www.ibagsbelts.com\/tienda\/wp-json\/wp\/v2\/product_brand?post=39925"},{"taxonomy":"product_cat","embeddable":true,"href":"https:\/\/www.ibagsbelts.com\/tienda\/wp-json\/wp\/v2\/product_cat?post=39925"},{"taxonomy":"product_tag","embeddable":true,"href":"https:\/\/www.ibagsbelts.com\/tienda\/wp-json\/wp\/v2\/product_tag?post=39925"}],"curies":[{"name":"wp","href":"https:\/\/api.w.org\/{rel}","templated":true}]}}