{"id":3995,"date":"2018-12-09T14:28:22","date_gmt":"2018-12-09T13:28:22","guid":{"rendered":"https:\/\/www.ibagsbelts.com\/tienda\/?post_type=product&#038;p=3995"},"modified":"2026-03-15T20:11:05","modified_gmt":"2026-03-15T19:11:05","slug":"g13-04","status":"publish","type":"product","link":"https:\/\/www.ibagsbelts.com\/tienda\/producto\/g13-04\/","title":{"rendered":"Bolso shopper de cuero en color azul Gaia"},"content":{"rendered":"<p style=\"text-align: left;\">\u00a1Todo lo que necesitas llevar sin cargarte!<\/p>\n<p style=\"text-align: left;\">A tu trabajo a un viaje \u00a0o una gesti\u00f3n que te tomara todo el d\u00eda, cabe todo en este practico bolso.\u00a0Su interior esta forrado con tela de algod\u00f3n y bolsillo interior.<\/p>\n<h5 style=\"text-align: left;\">Bolso shopper de mujer elaborado en piel. Un modelo amplio que se convertir\u00e1 en un imprescindible para el d\u00eda a d\u00eda. Su sencillo dise\u00f1o y su tonalidad son perfectos para combinar con todos tus looks.<\/h5>\n<h5 style=\"text-align: left;\">Bolso piel liso, tiene asas cortas de mano,\u00a0 asa larga ajustable para llevar cruzado, Cierra con iman. inferior forrado con dos compartimientos<\/h5>\n<p style=\"text-align: left;\"><strong>Aviso importante<\/strong><\/p>\n<p style=\"text-align: left;\">Todos nuestros productos de cuero puede estar sujeta a una variaci\u00f3n natural en tama\u00f1o y color.<\/p>\n<p style=\"text-align: left;\">Las pieles utilizadas han sido procesadas y curtidas para dar al cuero acabado un aspecto antiguo \/ vintage.<br \/>\nPara los tama\u00f1os, permita 1-2 cm diferencia debido a la medida manual.<br \/>\nLas im\u00e1genes son 100% reales.<br \/>\nDebido al monitor del ordenador y el brillo real de la toma y otras razones, habr\u00e1 una cierta diferencia de color.<\/p>\n<!-- AddThis Advanced Settings generic via filter on the_content --><!-- AddThis Share Buttons generic via filter on the_content -->","protected":false},"excerpt":{"rendered":"<p style=\"text-align: left;\">Bolso shopper de mujer elaborado en piel. Un modelo amplio que se convertir\u00e1 en un imprescindible para el d\u00eda a d\u00eda. Su sencillo dise\u00f1o y su tonalidad son perfectos para combinar con todos tus looks.<\/p>\n<p style=\"text-align: left;\">Bolso piel liso, tiene asas cortas de mano,\u00a0 asa larga ajustable para llevar cruzado, Cierra con iman. inferior forrado con dos compartimientos.<\/p>\n<p><strong>Medidas<\/strong>: Alto: 28.50 cm, Largo: 35 cm, Ancho: 16 cm<\/p>\n<h5 style=\"text-align: center;\"><strong>Alguna duda? Ponte en contacto con nosotros a trav\u00e9s del bot\u00f3n del chat directo por whatsApp y te resolveremos las dudas al instante!<\/strong><\/h5>\n<p><!-- AddThis Advanced Settings generic via filter on get_the_excerpt --><!-- AddThis Share Buttons generic via filter on get_the_excerpt --><\/p>\n","protected":false},"featured_media":37778,"comment_status":"open","ping_status":"closed","template":"","meta":{"om_disable_all_campaigns":false,"_monsterinsights_skip_tracking":false,"_monsterinsights_sitenote_active":false,"_monsterinsights_sitenote_note":"","_monsterinsights_sitenote_category":0,"_uf_show_specific_survey":0,"_uf_disable_surveys":false},"product_brand":[1217],"product_cat":[240,40],"product_tag":[301,266,327,299,305,777,778,781,1140,823,1036,727,302,281,1102,1166,263],"class_list":{"0":"post-3995","1":"product","2":"type-product","3":"status-publish","4":"has-post-thumbnail","6":"product_brand-ibags-belts","7":"product_cat-bolsos-bandoleras-de-cuero-artesanal","8":"product_cat-bolsos-de-hombro","9":"product_tag-bandolera","10":"product_tag-bolso-bohemian-bolso-cuero-repujado-bolsos-cuero-retro-bolso-shopper-cuero-bolso-cuero-trenzado-bolso-cuero-troquelado","11":"product_tag-bolso-bandolera-cuero-bicolor","12":"product_tag-bolso-cuero","13":"product_tag-bolso-cuero-artesanal","14":"product_tag-bolso-cuero-bandoleras","15":"product_tag-bolso-cuero-de-vaca","16":"product_tag-bolso-de-cuero-para-mujer","17":"product_tag-bolso-hombro","18":"product_tag-bolso-piel","19":"product_tag-bolso-piel-italiano","20":"product_tag-bolsos-bandoleras-cuero","21":"product_tag-bolsos-de-cuero","22":"product_tag-bolso-bohemian-bolso-cuero-para-hombre-bolso-cuero-repujado-bolsos-cuero-retro-bolso-shopper-cuero-bolso-cuero-trenzado-bolso-cuero-troquelado-bolso-cuero-vaca-bolso-cuero-viaje-hombre","23":"product_tag-piel","24":"product_tag-shopper","25":"product_tag-bolso-cuero-artesanal-bolso-cuero-artesanal-hombre-bolso-cuero-boho-bolso-cuero-con-tachuelas-bolsos-cuero-caballero-bolso-cuero-de-hombre-bolso-cuero-de-viaje","27":"first","28":"instock","29":"shipping-taxable","30":"purchasable","31":"product-type-simple","32":"add-to-wishlist-after_add_to_cart","33":"layout-style-1","34":"col-md-4 col-sm-4 col-xs-6","35":"col-lg-3","36":"product-has-gallery","37":"product-style-default"},"aioseo_notices":[],"_links":{"self":[{"href":"https:\/\/www.ibagsbelts.com\/tienda\/wp-json\/wp\/v2\/product\/3995","targetHints":{"allow":["GET"]}}],"collection":[{"href":"https:\/\/www.ibagsbelts.com\/tienda\/wp-json\/wp\/v2\/product"}],"about":[{"href":"https:\/\/www.ibagsbelts.com\/tienda\/wp-json\/wp\/v2\/types\/product"}],"replies":[{"embeddable":true,"href":"https:\/\/www.ibagsbelts.com\/tienda\/wp-json\/wp\/v2\/comments?post=3995"}],"wp:featuredmedia":[{"embeddable":true,"href":"https:\/\/www.ibagsbelts.com\/tienda\/wp-json\/wp\/v2\/media\/37778"}],"wp:attachment":[{"href":"https:\/\/www.ibagsbelts.com\/tienda\/wp-json\/wp\/v2\/media?parent=3995"}],"wp:term":[{"taxonomy":"product_brand","embeddable":true,"href":"https:\/\/www.ibagsbelts.com\/tienda\/wp-json\/wp\/v2\/product_brand?post=3995"},{"taxonomy":"product_cat","embeddable":true,"href":"https:\/\/www.ibagsbelts.com\/tienda\/wp-json\/wp\/v2\/product_cat?post=3995"},{"taxonomy":"product_tag","embeddable":true,"href":"https:\/\/www.ibagsbelts.com\/tienda\/wp-json\/wp\/v2\/product_tag?post=3995"}],"curies":[{"name":"wp","href":"https:\/\/api.w.org\/{rel}","templated":true}]}}