{"id":39962,"date":"2026-03-01T23:16:15","date_gmt":"2026-03-01T22:16:15","guid":{"rendered":"https:\/\/www.ibagsbelts.com\/tienda\/?post_type=product&#038;p=39962"},"modified":"2026-03-07T23:18:35","modified_gmt":"2026-03-07T22:18:35","slug":"bolso-porta-movil-mujer-en-piel-italiana-verde-caqui-perla","status":"publish","type":"product","link":"https:\/\/www.ibagsbelts.com\/tienda\/producto\/bolso-porta-movil-mujer-en-piel-italiana-verde-caqui-perla\/","title":{"rendered":"Bolso porta m\u00f3vil mujer en piel Italiana verde caqui Perla"},"content":{"rendered":"<p class=\"p1\" style=\"text-align: left;\"><b>Perla \u2013 Bolso Porta M\u00f3vil Mujer en Piel Italiana | Bandolera Peque\u00f1a de Cuero<\/b><\/p>\n<p class=\"p1\" style=\"text-align: left;\">Perla es un <b>bolso porta m\u00f3vil para mujer en piel italiana<\/b>, dise\u00f1ado para quienes buscan una <b>bandolera peque\u00f1a de cuero<\/b> ligera, pr\u00e1ctica y elegante para el d\u00eda a d\u00eda.<\/p>\n<p class=\"p1\" style=\"text-align: left;\">Fabricado artesanalmente en Italia con <b>piel aut\u00e9ntica de alta calidad<\/b>, este bolso bandolera compacto permite llevar el tel\u00e9fono m\u00f3vil, tarjetas, llaves y peque\u00f1os esenciales con total comodidad. Su formato vertical estilizado se adapta al cuerpo sin resultar voluminoso, ideal para paseos urbanos, viajes o uso diario.<\/p>\n<p class=\"p1\" style=\"text-align: left;\">La apertura superior facilita un acceso r\u00e1pido al m\u00f3vil, convirti\u00e9ndolo en una opci\u00f3n funcional para un estilo de vida moderno y activo. Su dise\u00f1o sencillo y atemporal combina f\u00e1cilmente con looks casuales y elegantes.<\/p>\n<p class=\"p1\" style=\"text-align: left;\"><b>Ficha t\u00e9cnica<\/b><\/p>\n<p class=\"p1\" style=\"text-align: left;\">\u2022 Tipo: Bolso porta m\u00f3vil mujer<\/p>\n<p class=\"p1\" style=\"text-align: left;\">\u2022 Estilo: Bandolera peque\u00f1a de cuero<\/p>\n<p class=\"p1\" style=\"text-align: left;\">\u2022 Material: Piel aut\u00e9ntica italiana<\/p>\n<p class=\"p1\" style=\"text-align: left;\">\u2022 Fabricaci\u00f3n: Hecho a mano en Italia<\/p>\n<p class=\"p1\" style=\"text-align: left;\">\u2022 Formato: Vertical compacto<\/p>\n<p class=\"p1\" style=\"text-align: left;\">\u2022 Largo: 12 cm<\/p>\n<p class=\"p1\" style=\"text-align: left;\">\u2022 Alto: 21 cm<\/p>\n<p class=\"p1\" style=\"text-align: left;\">\u2022 Uso: Diario, urbano, viajes.<\/p>\n<p style=\"text-align: center;\"><strong>Aviso importante<\/strong><\/p>\n<p>Todos nuestros productos de cuero est\u00e1n hechos a mano y su nueva bolsa de cuero puede estar sujeta a una variaci\u00f3n natural en tama\u00f1o y color.<br \/>\nPara los tama\u00f1os, permita 1-2 cm difiere debido a la medida manual.<br \/>\nLas im\u00e1genes son 100% reales.<br \/>\nDebido al monitor del ordenador y el brillo real de la toma y otras razones, habr\u00e1 una cierta diferencia de color.<\/p>\n<!-- AddThis Advanced Settings generic via filter on the_content --><!-- AddThis Share Buttons generic via filter on the_content -->","protected":false},"excerpt":{"rendered":"<p class=\"p1\" style=\"text-align: left;\"><b>Bolso porta m\u00f3vil para mujer en piel italiana<\/b>, dise\u00f1ado para quienes buscan una <b>bandolera peque\u00f1a de cuero<\/b> ligera, pr\u00e1ctica y elegante para el d\u00eda a d\u00eda.<\/p>\n<p class=\"p1\" style=\"text-align: left;\">Fabricado artesanalmente en Italia con <b>piel aut\u00e9ntica de alta calidad<\/b>, este bolso bandolera compacto permite llevar el tel\u00e9fono m\u00f3vil, tarjetas, llaves y peque\u00f1os esenciales con total comodidad. Su formato vertical estilizado se adapta al cuerpo sin resultar voluminoso, ideal para paseos urbanos, viajes o uso diario.<\/p>\n<p class=\"p1\" style=\"text-align: left;\">La apertura superior facilita un acceso r\u00e1pido al m\u00f3vil, convirti\u00e9ndolo en una opci\u00f3n funcional para un estilo de vida moderno y activo. Su dise\u00f1o sencillo y atemporal combina f\u00e1cilmente con looks casuales y elegantes.<\/p>\n<p class=\"p1\" style=\"text-align: left;\">\u2022 Largo: 12 cm X Alto: 21 cm.<\/p>\n<h5 style=\"text-align: center;\"><strong>\u00bfAlguna duda? Ponte en contacto con nosotros a trav\u00e9s del bot\u00f3n del chat directo por whatsApp y te resolveremos las dudas al instante!<\/strong><\/h5>\n<p><!-- AddThis Advanced Settings generic via filter on get_the_excerpt --><!-- AddThis Share Buttons generic via filter on get_the_excerpt --><\/p>\n","protected":false},"featured_media":39948,"comment_status":"open","ping_status":"closed","template":"","meta":{"om_disable_all_campaigns":false,"_monsterinsights_skip_tracking":false,"_monsterinsights_sitenote_active":false,"_monsterinsights_sitenote_note":"","_monsterinsights_sitenote_category":0,"_uf_show_specific_survey":0,"_uf_disable_surveys":false},"product_brand":[1217],"product_cat":[240,383],"product_tag":[1135,301,877,266,299,255,823,1036,727,302,753,1102,1098],"class_list":{"0":"post-39962","1":"product","2":"type-product","3":"status-publish","4":"has-post-thumbnail","6":"product_brand-ibags-belts","7":"product_cat-bolsos-bandoleras-de-cuero-artesanal","8":"product_cat-bolsos-para-telefonos","9":"product_tag-accesorios-y-complementos","10":"product_tag-bandolera","11":"product_tag-bandoleras","12":"product_tag-bolso-bohemian-bolso-cuero-repujado-bolsos-cuero-retro-bolso-shopper-cuero-bolso-cuero-trenzado-bolso-cuero-troquelado","13":"product_tag-bolso-cuero","14":"product_tag-bolso-cuero-mujer","15":"product_tag-bolso-piel","16":"product_tag-bolso-piel-italiano","17":"product_tag-bolsos-bandoleras-cuero","18":"product_tag-bolsos-de-cuero","19":"product_tag-complementos-de-cuero","20":"product_tag-piel","21":"product_tag-portamovil","23":"first","24":"instock","25":"sale","26":"shipping-taxable","27":"purchasable","28":"product-type-simple","29":"add-to-wishlist-after_add_to_cart","30":"layout-style-1","31":"col-md-4 col-sm-4 col-xs-6","32":"col-lg-3","33":"product-has-gallery","34":"product-style-default"},"aioseo_notices":[],"_links":{"self":[{"href":"https:\/\/www.ibagsbelts.com\/tienda\/wp-json\/wp\/v2\/product\/39962","targetHints":{"allow":["GET"]}}],"collection":[{"href":"https:\/\/www.ibagsbelts.com\/tienda\/wp-json\/wp\/v2\/product"}],"about":[{"href":"https:\/\/www.ibagsbelts.com\/tienda\/wp-json\/wp\/v2\/types\/product"}],"replies":[{"embeddable":true,"href":"https:\/\/www.ibagsbelts.com\/tienda\/wp-json\/wp\/v2\/comments?post=39962"}],"wp:featuredmedia":[{"embeddable":true,"href":"https:\/\/www.ibagsbelts.com\/tienda\/wp-json\/wp\/v2\/media\/39948"}],"wp:attachment":[{"href":"https:\/\/www.ibagsbelts.com\/tienda\/wp-json\/wp\/v2\/media?parent=39962"}],"wp:term":[{"taxonomy":"product_brand","embeddable":true,"href":"https:\/\/www.ibagsbelts.com\/tienda\/wp-json\/wp\/v2\/product_brand?post=39962"},{"taxonomy":"product_cat","embeddable":true,"href":"https:\/\/www.ibagsbelts.com\/tienda\/wp-json\/wp\/v2\/product_cat?post=39962"},{"taxonomy":"product_tag","embeddable":true,"href":"https:\/\/www.ibagsbelts.com\/tienda\/wp-json\/wp\/v2\/product_tag?post=39962"}],"curies":[{"name":"wp","href":"https:\/\/api.w.org\/{rel}","templated":true}]}}