{"id":3999,"date":"2018-12-09T14:31:34","date_gmt":"2018-12-09T13:31:34","guid":{"rendered":"https:\/\/www.ibagsbelts.com\/tienda\/?post_type=product&#038;p=3999"},"modified":"2026-03-15T20:10:37","modified_gmt":"2026-03-15T19:10:37","slug":"g03-02","status":"publish","type":"product","link":"https:\/\/www.ibagsbelts.com\/tienda\/producto\/g03-02\/","title":{"rendered":"Bolso bandolera de cuero marr\u00f3n rectangular Salzburgo"},"content":{"rendered":"<p style=\"text-align: left;\">Este bolso de cuero presenta un dise\u00f1o rectangular juvenil con un toque de originalidad gracias a su bolsillo exterior y decoraci\u00f3n con remaches. Su versatilidad se destaca con la correa ajustable, permiti\u00e9ndote llevarlo como CROSSBODY para tener las manos libres.<\/p>\n<p style=\"text-align: left;\">La cremallera superior proporciona seguridad a tus pertenencias esenciales como llaves, tel\u00e9fono celular y monedero. Con dimensiones de 30 cm de largo, 25 cm de alto y 5 cm de ancho, es perfecto para citas, banquetes o cualquier ocasi\u00f3n en la que busques un bolso funcional y estilizado. Adem\u00e1s, el hecho de ser 100% cuero asegura calidad y durabilidad.<\/p>\n<p style=\"text-align: left;\"><strong>Aviso importante<\/strong><\/p>\n<p style=\"text-align: left;\">Todos nuestros productos de cuero puede estar sujeta a una variaci\u00f3n natural en tama\u00f1o y color.<\/p>\n<p style=\"text-align: left;\">Las pieles utilizadas han sido procesadas y curtidas para dar al cuero acabado un aspecto antiguo \/ vintage.<br \/>\nPara los tama\u00f1os, permita 1-2 cm diferencia debido a la medida manual.<br \/>\nLas im\u00e1genes son 100% reales.<br \/>\nDebido al monitor del ordenador y el brillo real de la toma y otras razones, habr\u00e1 una cierta diferencia de color.<\/p>\n<p>&nbsp;<\/p>\n<!-- AddThis Advanced Settings generic via filter on the_content --><!-- AddThis Share Buttons generic via filter on the_content -->","protected":false},"excerpt":{"rendered":"<h2 style=\"text-align: center;\">Bolso de cuero\u00a0 con bolsillo exterior y decoraci\u00f3n con tachas<\/h2>\n<h3 style=\"text-align: center;\">Su forma rectangular le dar\u00e1 un aire juvenil a tu imagen. tiene correa ajustable, lo que te permite usarlo como CROSSBODY para mantener las manos libres.<\/h3>\n<h4 style=\"text-align: center;\">La cremallera superior mantendr\u00e1 seguras tus pertenencias esenciales como llaves, celular y monedero. su tama\u00f1o 30 cm largo X 25 cm alto X 5 cm ancho, lo hace perfecto para esas sitas , banquetes o esos momentos en que no deseas un bolso funcional.<br \/>\n100% CUERO<\/h4>\n<h5><strong>\u00bfAlguna duda? Ponte en contacto con nosotros a trav\u00e9s del bot\u00f3n del chat directo por whatsApp y te resolveremos las dudas al instante!<\/strong><\/h5>\n<p><!-- AddThis Advanced Settings generic via filter on get_the_excerpt --><!-- AddThis Share Buttons generic via filter on get_the_excerpt --><\/p>\n","protected":false},"featured_media":15830,"comment_status":"open","ping_status":"closed","template":"","meta":{"om_disable_all_campaigns":false,"_monsterinsights_skip_tracking":false,"_monsterinsights_sitenote_active":false,"_monsterinsights_sitenote_note":"","_monsterinsights_sitenote_category":0,"_uf_show_specific_survey":0,"_uf_disable_surveys":false},"product_brand":[1217],"product_cat":[240],"product_tag":[301,877,266,303,299,305,315,777,268,316,313,329,255,727,257,745],"class_list":{"0":"post-3999","1":"product","2":"type-product","3":"status-publish","4":"has-post-thumbnail","6":"product_brand-ibags-belts","7":"product_cat-bolsos-bandoleras-de-cuero-artesanal","8":"product_tag-bandolera","9":"product_tag-bandoleras","10":"product_tag-bolso-bohemian-bolso-cuero-repujado-bolsos-cuero-retro-bolso-shopper-cuero-bolso-cuero-trenzado-bolso-cuero-troquelado","11":"product_tag-bolso-bohemian","12":"product_tag-bolso-cuero","13":"product_tag-bolso-cuero-artesanal","14":"product_tag-bolso-cuero-artesano","15":"product_tag-bolso-cuero-bandoleras","16":"product_tag-bolso-cuero-boho-bolso-cuero-con-tachuelas-bolsos-cuero-caballero-bolso-cuero-de-hombre-bolso-cuero-de-viaje-bolso-cuero-de-vaca-bolso-de-cuero-artesanal-bolso-de-cuero","17":"product_tag-bolso-cuero-con-tachuelas","18":"product_tag-bolso-cuero-hecho-a-mano","19":"product_tag-bolso-cuero-hippie","20":"product_tag-bolso-cuero-mujer","21":"product_tag-bolsos-bandoleras-cuero","22":"product_tag-bolso-cuero-bandolera-bolso-cuero-artesanal-bolso-cuero-artesanal-hombre-bolso-cuero-boho-bolso-cuero-con-tachuelas-bolsos-cuero-caballero-bolso-cuero-de-hombre","23":"product_tag-estilo-hippie","25":"first","26":"instock","27":"shipping-taxable","28":"purchasable","29":"product-type-simple","30":"add-to-wishlist-after_add_to_cart","31":"layout-style-1","32":"col-md-4 col-sm-4 col-xs-6","33":"col-lg-3","34":"product-has-gallery","35":"product-style-default"},"aioseo_notices":[],"_links":{"self":[{"href":"https:\/\/www.ibagsbelts.com\/tienda\/wp-json\/wp\/v2\/product\/3999","targetHints":{"allow":["GET"]}}],"collection":[{"href":"https:\/\/www.ibagsbelts.com\/tienda\/wp-json\/wp\/v2\/product"}],"about":[{"href":"https:\/\/www.ibagsbelts.com\/tienda\/wp-json\/wp\/v2\/types\/product"}],"replies":[{"embeddable":true,"href":"https:\/\/www.ibagsbelts.com\/tienda\/wp-json\/wp\/v2\/comments?post=3999"}],"wp:featuredmedia":[{"embeddable":true,"href":"https:\/\/www.ibagsbelts.com\/tienda\/wp-json\/wp\/v2\/media\/15830"}],"wp:attachment":[{"href":"https:\/\/www.ibagsbelts.com\/tienda\/wp-json\/wp\/v2\/media?parent=3999"}],"wp:term":[{"taxonomy":"product_brand","embeddable":true,"href":"https:\/\/www.ibagsbelts.com\/tienda\/wp-json\/wp\/v2\/product_brand?post=3999"},{"taxonomy":"product_cat","embeddable":true,"href":"https:\/\/www.ibagsbelts.com\/tienda\/wp-json\/wp\/v2\/product_cat?post=3999"},{"taxonomy":"product_tag","embeddable":true,"href":"https:\/\/www.ibagsbelts.com\/tienda\/wp-json\/wp\/v2\/product_tag?post=3999"}],"curies":[{"name":"wp","href":"https:\/\/api.w.org\/{rel}","templated":true}]}}