{"id":40008,"date":"2026-03-02T23:29:29","date_gmt":"2026-03-02T22:29:29","guid":{"rendered":"https:\/\/www.ibagsbelts.com\/tienda\/?post_type=product&#038;p=40008"},"modified":"2026-03-07T23:11:00","modified_gmt":"2026-03-07T22:11:00","slug":"bolso-bowling-en-piel-camel-arua","status":"publish","type":"product","link":"https:\/\/www.ibagsbelts.com\/tienda\/producto\/bolso-bowling-en-piel-camel-arua\/","title":{"rendered":"Bolso bowling en piel camel Arua"},"content":{"rendered":"<p class=\"p1\" style=\"text-align: left;\"><b>Artesan\u00eda y Car\u00e1cter en Cada Detalle<\/b><\/p>\n<p class=\"p1\" style=\"text-align: left;\">El bolso Bowling en piel es mucho m\u00e1s que un accesorio: es una declaraci\u00f3n de estilo.<\/p>\n<p class=\"p1\" style=\"text-align: left;\">Cada pieza est\u00e1 <b>hecha a mano<\/b>, lo que garantiza un acabado \u00fanico y una calidad superior en cada detalle.<\/p>\n<p class=\"p1\" style=\"text-align: left;\">Las <b>tachuelas incrustadas artesanalmente<\/b> aportan un toque rebelde y sofisticado que transforma este cl\u00e1sico dise\u00f1o en un bolso con personalidad propia, perfecto para destacar en cualquier ocasi\u00f3n.<\/p>\n<p class=\"p1\" style=\"text-align: left;\"><b>Calidad que se siente<\/b><\/p>\n<p class=\"p1\" style=\"text-align: left;\">Confeccionado en <b>piel de primera calidad<\/b>, suave al tacto y altamente resistente, este bolso est\u00e1 dise\u00f1ado para acompa\u00f1arte durante a\u00f1os sin perder su elegancia. Su estructura firme y su interior completamente forrado aportan durabilidad y una organizaci\u00f3n impecable.<\/p>\n<p class=\"p1\" style=\"text-align: left;\"><b>Seguridad y funcionalidad<\/b><\/p>\n<p class=\"p1\" style=\"text-align: left;\">El cierre superior con cremallera protege tus pertenencias mientras te ofrece acceso c\u00f3modo y pr\u00e1ctico en el d\u00eda a d\u00eda.<\/p>\n<p class=\"p1\" style=\"text-align: left;\"><b>Dimensiones<\/b><\/p>\n<p class=\"p1\" style=\"text-align: left;\">\u2022Alto: 26 cm<\/p>\n<p class=\"p1\" style=\"text-align: left;\">\u2022Largo: 31 cm<\/p>\n<p class=\"p1\" style=\"text-align: left;\">\u2022Ancho: 19 cm<\/p>\n<p class=\"p1\" style=\"text-align: left;\">\u2022Asa: 12 cm<\/p>\n<p class=\"p3\" style=\"text-align: left;\">Un bolso vers\u00e1til, con car\u00e1cter y esencia artesanal, ideal para mujeres que buscan lujo aut\u00e9ntico con un toque atrevido.<\/p>\n<p class=\"p1\" style=\"text-align: left;\"><strong>Aviso importante<\/strong><\/p>\n<p style=\"text-align: left;\">Todos nuestros productos de cuero est\u00e1n hechos a mano y su nueva bolsa de cuero puede estar sujeta a una variaci\u00f3n natural en tama\u00f1o y color.<br \/>\nPara los tama\u00f1os, permita 1-2 cm difiere debido a la medida manual.<br \/>\nLas im\u00e1genes son 100% reales.<br \/>\nDebido al monitor del ordenador y el brillo real de la toma y otras razones, habr\u00e1 una cierta diferencia de color.<\/p>\n<!-- AddThis Advanced Settings generic via filter on the_content --><!-- AddThis Share Buttons generic via filter on the_content -->","protected":false},"excerpt":{"rendered":"<div class=\"\">\n<div id=\":nn\" class=\"ii gt\" style=\"text-align: left;\">\n<div id=\":nm\" class=\"a3s aiL \">\n<div dir=\"auto\">\n<p class=\"p1\"><b>Artesan\u00eda y Car\u00e1cter en Cada Detalle<\/b><\/p>\n<p class=\"p1\">El bolso Bowling en piel es mucho m\u00e1s que un accesorio: es una declaraci\u00f3n de estilo.<\/p>\n<p class=\"p1\">Cada pieza est\u00e1 <b>hecha a mano<\/b>, lo que garantiza un acabado \u00fanico y una calidad superior en cada detalle.<\/p>\n<p class=\"p1\">Las <b>tachuelas incrustadas artesanalmente<\/b> aportan un toque rebelde y sofisticado que transforma este cl\u00e1sico dise\u00f1o en un bolso con personalidad propia, perfecto para destacar en cualquier ocasi\u00f3n.<\/p>\n<p class=\"p1\"><b>Dimensiones<\/b><\/p>\n<p class=\"p1\">\u2022Alto: 26 cm<\/p>\n<p class=\"p1\">\u2022Largo: 31 cm<\/p>\n<p class=\"p1\">\u2022Ancho: 19 cm<\/p>\n<p class=\"p1\">\u2022Asa: 12 cm<\/p>\n<p class=\"p3\">Un bolso vers\u00e1til, con car\u00e1cter y esencia artesanal, ideal para mujeres que buscan lujo aut\u00e9ntico con un toque atrevido.<\/p>\n<\/div>\n<\/div>\n<\/div>\n<\/div>\n<h4 style=\"text-align: left;\"><strong>\u00bfAlguna duda? Ponte en contacto con nosotros a trav\u00e9s del bot\u00f3n del chat directo por whatsApp y te resolveremos las dudas al instante!<\/strong><\/h4>\n<p><!-- AddThis Advanced Settings generic via filter on get_the_excerpt --><!-- AddThis Share Buttons generic via filter on get_the_excerpt --><\/p>\n","protected":false},"featured_media":39985,"comment_status":"open","ping_status":"closed","template":"","meta":{"om_disable_all_campaigns":false,"_monsterinsights_skip_tracking":false,"_monsterinsights_sitenote_active":false,"_monsterinsights_sitenote_note":"","_monsterinsights_sitenote_category":0,"_uf_show_specific_survey":0,"_uf_disable_surveys":false},"product_brand":[1217],"product_cat":[240,757,382],"product_tag":[1135,301,877,266,315,268,313,330,294,823,1036,1104,753,1111],"class_list":{"0":"post-40008","1":"product","2":"type-product","3":"status-publish","4":"has-post-thumbnail","6":"product_brand-ibags-belts","7":"product_cat-bolsos-bandoleras-de-cuero-artesanal","8":"product_cat-bolso-clutch","9":"product_cat-bowling","10":"product_tag-accesorios-y-complementos","11":"product_tag-bandolera","12":"product_tag-bandoleras","13":"product_tag-bolso-bohemian-bolso-cuero-repujado-bolsos-cuero-retro-bolso-shopper-cuero-bolso-cuero-trenzado-bolso-cuero-troquelado","14":"product_tag-bolso-cuero-artesano","15":"product_tag-bolso-cuero-boho-bolso-cuero-con-tachuelas-bolsos-cuero-caballero-bolso-cuero-de-hombre-bolso-cuero-de-viaje-bolso-cuero-de-vaca-bolso-de-cuero-artesanal-bolso-de-cuero","16":"product_tag-bolso-cuero-hecho-a-mano","17":"product_tag-bolso-cuero-viaje","18":"product_tag-bolso-de-viaje","19":"product_tag-bolso-piel","20":"product_tag-bolso-piel-italiano","21":"product_tag-bowling","22":"product_tag-complementos-de-cuero","23":"product_tag-gym","25":"first","26":"instock","27":"shipping-taxable","28":"purchasable","29":"product-type-simple","30":"add-to-wishlist-after_add_to_cart","31":"layout-style-1","32":"col-md-4 col-sm-4 col-xs-6","33":"col-lg-3","34":"product-has-gallery","35":"product-style-default"},"aioseo_notices":[],"_links":{"self":[{"href":"https:\/\/www.ibagsbelts.com\/tienda\/wp-json\/wp\/v2\/product\/40008","targetHints":{"allow":["GET"]}}],"collection":[{"href":"https:\/\/www.ibagsbelts.com\/tienda\/wp-json\/wp\/v2\/product"}],"about":[{"href":"https:\/\/www.ibagsbelts.com\/tienda\/wp-json\/wp\/v2\/types\/product"}],"replies":[{"embeddable":true,"href":"https:\/\/www.ibagsbelts.com\/tienda\/wp-json\/wp\/v2\/comments?post=40008"}],"wp:featuredmedia":[{"embeddable":true,"href":"https:\/\/www.ibagsbelts.com\/tienda\/wp-json\/wp\/v2\/media\/39985"}],"wp:attachment":[{"href":"https:\/\/www.ibagsbelts.com\/tienda\/wp-json\/wp\/v2\/media?parent=40008"}],"wp:term":[{"taxonomy":"product_brand","embeddable":true,"href":"https:\/\/www.ibagsbelts.com\/tienda\/wp-json\/wp\/v2\/product_brand?post=40008"},{"taxonomy":"product_cat","embeddable":true,"href":"https:\/\/www.ibagsbelts.com\/tienda\/wp-json\/wp\/v2\/product_cat?post=40008"},{"taxonomy":"product_tag","embeddable":true,"href":"https:\/\/www.ibagsbelts.com\/tienda\/wp-json\/wp\/v2\/product_tag?post=40008"}],"curies":[{"name":"wp","href":"https:\/\/api.w.org\/{rel}","templated":true}]}}