{"id":40012,"date":"2026-03-03T07:57:46","date_gmt":"2026-03-03T06:57:46","guid":{"rendered":"https:\/\/www.ibagsbelts.com\/tienda\/?post_type=product&#038;p=40012"},"modified":"2026-03-12T13:20:29","modified_gmt":"2026-03-12T12:20:29","slug":"bolso-tipo-cubo-de-cuero-blanco-con-lazo-y-bolso-interior-maria","status":"publish","type":"product","link":"https:\/\/www.ibagsbelts.com\/tienda\/producto\/bolso-tipo-cubo-de-cuero-blanco-con-lazo-y-bolso-interior-maria\/","title":{"rendered":"Bolso tipo cubo de cuero blanco con lazo y bolso interior Maria"},"content":{"rendered":"<p class=\"p1\">Este elegante <b>Bolso Tipo Cubo de Piel con Lazo Decorativo y Bolso Interior para Mujer <\/b>est\u00e1 fabricado con piel vacuno de alta calidad, lo que garantiza una larga durabilidad y un acabado lujoso. Su dise\u00f1o sofisticado incluye un lazo decorativo que le aporta un toque \u00fanico y estilizado, ideal para mujeres que buscan elegancia y funcionalidad en un solo accesorio.<\/p>\n<p class=\"p1\">El interior del bolso presenta un compartimento \u00fanico, lo que permite guardar tus pertenencias de manera organizada y accesible. Adem\u00e1s, viene con un bolsito cambiador en su interior, perfecto para llevar objetos m\u00e1s peque\u00f1os o de valor, aportando mayor seguridad y versatilidad.<\/p>\n<p class=\"p1\">El sistema de cierre de este <b>Bolso Tipo Cubo de Piel con Lazo Decorativo y Bolso Interior para Mujer<\/b> combina un cierre de bot\u00f3n y un cierre de gancho, lo que proporciona una doble capa de seguridad y comodidad al usarlo. El bolso interior, por su parte, cuenta con un cierre de cremallera, ideal para mantener tus art\u00edculos esenciales bien resguardados.<\/p>\n<p class=\"p1\">La base del bolso es plana y est\u00e1 reforzada con tachuelas, garantizando su estabilidad cuando se coloca sobre superficies y contribuyendo a preservar su forma y apariencia. Las medidas del bolso son:<\/p>\n<ul class=\"ul1\">\n<li class=\"li1\"><b>Bolso exterior<\/b>: 14 x 21 x 21 cm<\/li>\n<li class=\"li1\"><b>Bolsito interior<\/b>: 18 x 8,5 x 14 cm<\/li>\n<\/ul>\n<p class=\"p1\">Otro aspecto pr\u00e1ctico es la tira bandolera ajustable y extra\u00edble, que permite llevar el bolso al hombro o cruzado seg\u00fan prefieras, ofreciendo comodidad y estilo en cualquier ocasi\u00f3n. Este accesorio ha sido fabricado en Italia, lo que asegura los m\u00e1s altos est\u00e1ndares de calidad en su manufactura y un dise\u00f1o exclusivo que te har\u00e1 destacar.<\/p>\n<div class=\"woocommerce-tabs wc-tabs-wrapper\">\n<div id=\"tab-description\" class=\"woocommerce-Tabs-panel woocommerce-Tabs-panel--description panel entry-content wc-tab\" role=\"tabpanel\" aria-labelledby=\"tab-title-description\">\n<div class=\"container\">\n<p style=\"text-align: left;\"><strong>Aviso importante<\/strong><\/p>\n<p style=\"text-align: left;\">Todos nuestros productos de cuero est\u00e1n hechos a mano y su nueva bolsa de cuero puede estar sujeta a una variaci\u00f3n natural en tama\u00f1o y color.<br \/>\nPara los tama\u00f1os, permita 1-2 cm difiere debido a la medida manual.<br \/>\nLas im\u00e1genes son 100% reales.<br \/>\nDebido al monitor del ordenador y el brillo real de la toma y otras razones, habr\u00e1 una cierta diferencia de color.<\/p>\n<\/div>\n<\/div>\n<\/div>\n<!-- AddThis Advanced Settings generic via filter on the_content --><!-- AddThis Share Buttons generic via filter on the_content -->","protected":false},"excerpt":{"rendered":"<p class=\"p1\">Si te ha encantado el <b>Bolso Tipo Cubo de Piel con Lazo Decorativo y Bolso Interior para Mujer<\/b>, visita @ibagsbelts para descubrir m\u00e1s modelos \u00fanicos de bolsos que se adaptan a todos los gustos y estilos.<\/p>\n<p class=\"p1\">Otro aspecto pr\u00e1ctico es la tira bandolera ajustable y extra\u00edble, que permite llevar el bolso al hombro o cruzado seg\u00fan prefieras, ofreciendo comodidad y estilo en cualquier ocasi\u00f3n. Este accesorio ha sido fabricado en Italia, lo que asegura los m\u00e1s altos est\u00e1ndares de calidad en su manufactura y un dise\u00f1o exclusivo que te har\u00e1 destacar<\/p>\n<p><b>\u00a0MEDIDAS: Bolso exterior<\/b>: 14 x 14 x 21 cm <b>Bolsito interior<\/b>: 18 x 8 x 14 cm<\/p>\n<h5 style=\"text-align: center;\"><strong>\u00bfAlguna duda? Ponte en contacto con nosotros a trav\u00e9s del bot\u00f3n del chat directo por whatsApp y te resolveremos las dudas al instante!<\/strong><\/h5>\n<p><!-- AddThis Advanced Settings generic via filter on get_the_excerpt --><!-- AddThis Share Buttons generic via filter on get_the_excerpt --><\/p>\n","protected":false},"featured_media":40034,"comment_status":"open","ping_status":"closed","template":"","meta":{"om_disable_all_campaigns":false,"_monsterinsights_skip_tracking":false,"_monsterinsights_sitenote_active":false,"_monsterinsights_sitenote_note":"","_monsterinsights_sitenote_category":0,"_uf_show_specific_survey":0,"_uf_disable_surveys":false},"product_brand":[1217],"product_cat":[240,757,381],"product_tag":[1135,301,877,266,299,255,823,1036,1210,727,905,753,1102],"class_list":{"0":"post-40012","1":"product","2":"type-product","3":"status-publish","4":"has-post-thumbnail","6":"product_brand-ibags-belts","7":"product_cat-bolsos-bandoleras-de-cuero-artesanal","8":"product_cat-bolso-clutch","9":"product_cat-bomboneras","10":"product_tag-accesorios-y-complementos","11":"product_tag-bandolera","12":"product_tag-bandoleras","13":"product_tag-bolso-bohemian-bolso-cuero-repujado-bolsos-cuero-retro-bolso-shopper-cuero-bolso-cuero-trenzado-bolso-cuero-troquelado","14":"product_tag-bolso-cuero","15":"product_tag-bolso-cuero-mujer","16":"product_tag-bolso-piel","17":"product_tag-bolso-piel-italiano","18":"product_tag-bolsocubo","19":"product_tag-bolsos-bandoleras-cuero","20":"product_tag-casual","21":"product_tag-complementos-de-cuero","22":"product_tag-piel","24":"first","25":"instock","26":"shipping-taxable","27":"purchasable","28":"product-type-simple","29":"add-to-wishlist-after_add_to_cart","30":"layout-style-1","31":"col-md-4 col-sm-4 col-xs-6","32":"col-lg-3","33":"product-has-gallery","34":"product-style-default"},"aioseo_notices":[],"_links":{"self":[{"href":"https:\/\/www.ibagsbelts.com\/tienda\/wp-json\/wp\/v2\/product\/40012","targetHints":{"allow":["GET"]}}],"collection":[{"href":"https:\/\/www.ibagsbelts.com\/tienda\/wp-json\/wp\/v2\/product"}],"about":[{"href":"https:\/\/www.ibagsbelts.com\/tienda\/wp-json\/wp\/v2\/types\/product"}],"replies":[{"embeddable":true,"href":"https:\/\/www.ibagsbelts.com\/tienda\/wp-json\/wp\/v2\/comments?post=40012"}],"wp:featuredmedia":[{"embeddable":true,"href":"https:\/\/www.ibagsbelts.com\/tienda\/wp-json\/wp\/v2\/media\/40034"}],"wp:attachment":[{"href":"https:\/\/www.ibagsbelts.com\/tienda\/wp-json\/wp\/v2\/media?parent=40012"}],"wp:term":[{"taxonomy":"product_brand","embeddable":true,"href":"https:\/\/www.ibagsbelts.com\/tienda\/wp-json\/wp\/v2\/product_brand?post=40012"},{"taxonomy":"product_cat","embeddable":true,"href":"https:\/\/www.ibagsbelts.com\/tienda\/wp-json\/wp\/v2\/product_cat?post=40012"},{"taxonomy":"product_tag","embeddable":true,"href":"https:\/\/www.ibagsbelts.com\/tienda\/wp-json\/wp\/v2\/product_tag?post=40012"}],"curies":[{"name":"wp","href":"https:\/\/api.w.org\/{rel}","templated":true}]}}