{"id":4026,"date":"2018-12-11T02:21:12","date_gmt":"2018-12-11T01:21:12","guid":{"rendered":"https:\/\/www.ibagsbelts.com\/tienda\/?post_type=product&#038;p=4026"},"modified":"2026-03-15T20:07:58","modified_gmt":"2026-03-15T19:07:58","slug":"g201-02","status":"publish","type":"product","link":"https:\/\/www.ibagsbelts.com\/tienda\/producto\/g201-02\/","title":{"rendered":"Cintur\u00f3n rockero de Cuero con tachuelas color marr\u00f3n"},"content":{"rendered":"<p style=\"text-align: left;\">Este cintur\u00f3n con tachuelas presenta un dise\u00f1o cl\u00e1sico punk-rock con elementos de remache. Est\u00e1 hecho de cuero de vaca suave al tacto y c\u00f3modo de llevar. La hebilla del cintur\u00f3n tiene un dise\u00f1o resistente y duradero, fabricado en metal resistente a la corrosi\u00f3n.<\/p>\n<p style=\"text-align: left;\">El dise\u00f1o punk-rock incluye remaches de plata brillante dispuestos en 4 filas, incrustados de manera firme y ordenada en el cintur\u00f3n. Este dise\u00f1o agrega un toque de brillo bajo la luz del sol o la iluminaci\u00f3n diaria, ofreciendo un aspecto llamativo y punk-rock en tu vida cotidiana.<\/p>\n<p style=\"text-align: left;\">El cierre de la hebilla es tipo tornillo, y el cintur\u00f3n es vers\u00e1til, f\u00e1cil de combinar con diferentes prendas como jeans, chaquetas, camisas y vestidos de cuero. La combinaci\u00f3n del color puro con los remaches cl\u00e1sicos le da al cintur\u00f3n un estilo deslumbrante y llamativo.<\/p>\n<p style=\"text-align: left;\">Este cintur\u00f3n punk es ideal para aquellos a quienes les gusta el estilo punk, rock o hip hop. Es una opci\u00f3n perfecta para bailarines, entusiastas del rock y cualquier persona que quiera mostrar personalidad y un aspecto atractivo. Puedes usar este cintur\u00f3n en diversas ocasiones, desde la vida diaria hasta fiestas, disfraces y eventos de cosplay g\u00f3tico.<\/p>\n<p style=\"text-align: left;\"><strong>Aviso importante<\/strong><br \/>\nTodos nuestros productos de cuero puede estar sujeta a una variaci\u00f3n natural en tama\u00f1o y color.<\/p>\n<p style=\"text-align: left;\">Las pieles utilizadas han sido procesadas y curtidas en una de las curtidoras m\u00e1s antiguas utilizando t\u00e9cnicas centenarias para dar al cuero acabado un aspecto antiguo \/ vintage.<br \/>\nPara los tama\u00f1os, permita 1-2 cm diferencia debido a la medida manual.<br \/>\nLas im\u00e1genes son 100% reales.<br \/>\nDebido al monitor del ordenador y el brillo real de la toma y otras razones, habr\u00e1 una cierta diferencia de color.<\/p>\n<!-- AddThis Advanced Settings generic via filter on the_content --><!-- AddThis Share Buttons generic via filter on the_content -->","protected":false},"excerpt":{"rendered":"<h2 style=\"text-align: center;\">Dise\u00f1o Rock Punk: este dise\u00f1o cl\u00e1sico de cintur\u00f3n incorpora elementos de remache.<\/h2>\n<h3 style=\"text-align: center;\">Los remaches de plata brillante de 4 filas est\u00e1n incrustados en el cintur\u00f3n de forma firme y ordenada, lo que puede presentar un brillo bajo el sol o la luz diaria, lo que le brinda f\u00e1cilmente un aspecto punk rock en el tiempo libre. <span class=\"a-list-item\">Tama\u00f1os de cinturones de cuero ancho (4 cm).\u00a0<\/span><span class=\"a-list-item\">Cierre con hebilla, cintur\u00f3n\u00a0<\/span><span class=\"a-list-item\">cuero genuino (cintur\u00f3n) + aleaci\u00f3n (hebilla).<\/span><\/h3>\n<div id=\"feature-bullets\" class=\"a-section a-spacing-medium a-spacing-top-small\" style=\"text-align: center;\">\n<h4 style=\"text-align: center;\"><span class=\"a-list-item\">\u00a0\u00a1la hebilla f\u00e1cil de quitar le permite cortar el cintur\u00f3n a su tama\u00f1o ideal!.<\/span><\/h4>\n<h5><a href=\"https:\/\/bit.ly\/TE-AYUDO\"><b>\u00bfAlguna duda? Ponte en contacto con nosotros a trav\u00e9s del bot\u00f3n del chat directo por WhatsApp y te resolveremos las dudas al instante<\/b><\/a><b>!<\/b><\/h5>\n<\/div>\n<p>&nbsp;<!-- AddThis Advanced Settings generic via filter on get_the_excerpt --><!-- AddThis Share Buttons generic via filter on get_the_excerpt --><\/p>\n","protected":false},"featured_media":31246,"comment_status":"open","ping_status":"closed","template":"","meta":{"om_disable_all_campaigns":false,"_monsterinsights_skip_tracking":false,"_monsterinsights_sitenote_active":false,"_monsterinsights_sitenote_note":"","_monsterinsights_sitenote_category":0,"_uf_show_specific_survey":0,"_uf_disable_surveys":false},"product_brand":[1217],"product_cat":[393],"product_tag":[1087,290,258,332,340,341,271,343,337,333,1089,1034,1088,1118,1129],"class_list":{"0":"post-4026","1":"product","2":"type-product","3":"status-publish","4":"has-post-thumbnail","6":"product_brand-ibags-belts","7":"product_cat-cinturon-con-tachas","8":"product_tag-cinto","9":"product_tag-cinturon","10":"product_tag-cinturon-cuero-cowboy-cinturon-cuero-de-vaca-cinturon-de-cuero-artesanal-bolso-de-cuero-cinturon-cuero-para-hombre-cinturon-para-mujer","11":"product_tag-cinturon-cuero","12":"product_tag-cinturon-cuero-ancho-bohemian","13":"product_tag-cinturon-cuero-boho-chic","14":"product_tag-cinturon-cuero-para-hombre-cinturones-cuero-repujado-cinturon-cuero-trenzado-troquelado-cuero-vaca","15":"product_tag-cinturon-cuero-moderno","16":"product_tag-cinturon-cuero-tachas","17":"product_tag-cinturon-cuero-vaca","18":"product_tag-cinturon-piel","19":"product_tag-cinturones","20":"product_tag-correa","21":"product_tag-remaches","22":"product_tag-tachas","24":"first","25":"instock","26":"shipping-taxable","27":"purchasable","28":"product-type-variable","29":"add-to-wishlist-after_add_to_cart","30":"layout-style-1","31":"col-md-4 col-sm-4 col-xs-6","32":"col-lg-3","33":"product-has-gallery","34":"product-style-default"},"aioseo_notices":[],"_links":{"self":[{"href":"https:\/\/www.ibagsbelts.com\/tienda\/wp-json\/wp\/v2\/product\/4026","targetHints":{"allow":["GET"]}}],"collection":[{"href":"https:\/\/www.ibagsbelts.com\/tienda\/wp-json\/wp\/v2\/product"}],"about":[{"href":"https:\/\/www.ibagsbelts.com\/tienda\/wp-json\/wp\/v2\/types\/product"}],"replies":[{"embeddable":true,"href":"https:\/\/www.ibagsbelts.com\/tienda\/wp-json\/wp\/v2\/comments?post=4026"}],"wp:featuredmedia":[{"embeddable":true,"href":"https:\/\/www.ibagsbelts.com\/tienda\/wp-json\/wp\/v2\/media\/31246"}],"wp:attachment":[{"href":"https:\/\/www.ibagsbelts.com\/tienda\/wp-json\/wp\/v2\/media?parent=4026"}],"wp:term":[{"taxonomy":"product_brand","embeddable":true,"href":"https:\/\/www.ibagsbelts.com\/tienda\/wp-json\/wp\/v2\/product_brand?post=4026"},{"taxonomy":"product_cat","embeddable":true,"href":"https:\/\/www.ibagsbelts.com\/tienda\/wp-json\/wp\/v2\/product_cat?post=4026"},{"taxonomy":"product_tag","embeddable":true,"href":"https:\/\/www.ibagsbelts.com\/tienda\/wp-json\/wp\/v2\/product_tag?post=4026"}],"curies":[{"name":"wp","href":"https:\/\/api.w.org\/{rel}","templated":true}]}}