{"id":40351,"date":"2026-03-22T13:30:32","date_gmt":"2026-03-22T12:30:32","guid":{"rendered":"https:\/\/www.ibagsbelts.com\/tienda\/?post_type=product&#038;p=40351"},"modified":"2026-03-31T20:25:34","modified_gmt":"2026-03-31T18:25:34","slug":"bolso-tote-de-piel-camel-para-mujer-veronica","status":"publish","type":"product","link":"https:\/\/www.ibagsbelts.com\/tienda\/producto\/bolso-tote-de-piel-camel-para-mujer-veronica\/","title":{"rendered":"Bolso tote de piel camel para mujer Ver\u00f3nica"},"content":{"rendered":"<p class=\"p1\" style=\"text-align: left;\"><b>Bolso Tote de Piel Natural para Mujer \u2013 Bolso Grande Elegante y Funcional<\/b><\/p>\n<p class=\"p1\" style=\"text-align: left;\">Este <b>bolso tote de piel natural para mujer<\/b> es la opci\u00f3n perfecta para quienes buscan un accesorio elegante, pr\u00e1ctico y vers\u00e1til para el d\u00eda a d\u00eda. Fabricado en cuero de primera calidad, destaca por su dise\u00f1o minimalista y atemporal, ideal tanto para looks casual como para oficina.<\/p>\n<p class=\"p1\" style=\"text-align: left;\">Su formato amplio con un \u00fanico compartimento permite llevar c\u00f3modamente todo lo necesario: port\u00e1til, agenda, maquillaje y m\u00e1s. Adem\u00e1s, incluye un <b>estuche extra\u00edble<\/b>, perfecto para organizar peque\u00f1os objetos como llaves, m\u00f3vil o cosm\u00e9ticos.<\/p>\n<p class=\"p1\" style=\"text-align: left;\">Gracias a su acabado en piel y su tono neutro, este bolso combina f\u00e1cilmente con cualquier outfit, convirti\u00e9ndose en un b\u00e1sico imprescindible en tu armario.<\/p>\n<p class=\"p1\" style=\"text-align: left;\">\u2728<b> Caracter\u00edsticas del bolso tote<\/b><\/p>\n<p class=\"p1\" style=\"text-align: left;\">\u2022 Bolso tote grande de piel natural<\/p>\n<p class=\"p1\" style=\"text-align: left;\">\u2022 Dise\u00f1o elegante, minimalista y atemporal<\/p>\n<p class=\"p1\" style=\"text-align: left;\">\u2022 Un compartimento amplio y funcional<\/p>\n<p class=\"p1\" style=\"text-align: left;\">\u2022 Estuche extra\u00edble para mejor organizaci\u00f3n<\/p>\n<p class=\"p1\" style=\"text-align: left;\">\u2022 Ideal para oficina, universidad o uso diario<\/p>\n<p class=\"p1\" style=\"text-align: left;\">\ud83d\udccf<b> Medidas<\/b><\/p>\n<p class=\"p1\" style=\"text-align: left;\">\u2022 Largo: 35 cm<\/p>\n<p class=\"p1\" style=\"text-align: left;\">\u2022 Ancho: 13 cm<\/p>\n<p class=\"p1\" style=\"text-align: left;\">\u2022 Alto: 27 cm<\/p>\n<h5 class=\"p1\" style=\"text-align: left;\"><strong><i>Producto hecho a mano. Las medidas pueden variar entre 0,5 cm y 1,5 cm.<\/i><\/strong><\/h5>\n<!-- AddThis Advanced Settings generic via filter on the_content --><!-- AddThis Share Buttons generic via filter on the_content -->","protected":false},"excerpt":{"rendered":"<p class=\"p1\" style=\"text-align: left;\"><b>\u00a0Bolso Grande Elegante y Funcional<\/b><\/p>\n<p class=\"p1\" style=\"text-align: left;\">Este <b>bolso tote de piel natural para mujer<\/b> es la opci\u00f3n perfecta para quienes buscan un accesorio elegante, pr\u00e1ctico y vers\u00e1til para el d\u00eda a d\u00eda. Fabricado en cuero de primera calidad, destaca por su dise\u00f1o minimalista y atemporal, ideal tanto para looks casual como para oficina.<\/p>\n<p class=\"p1\" style=\"text-align: left;\">Su formato amplio con un \u00fanico compartimento permite llevar c\u00f3modamente todo lo necesario: port\u00e1til, agenda, maquillaje y m\u00e1s. Adem\u00e1s, incluye un <b>estuche extra\u00edble<\/b>, perfecto para organizar peque\u00f1os objetos como llaves, m\u00f3vil o cosm\u00e9ticos.<\/p>\n<p class=\"p1\" style=\"text-align: left;\">Gracias a su acabado en piel y su tono neutro, este bolso combina f\u00e1cilmente con cualquier outfit, convirti\u00e9ndose en un b\u00e1sico imprescindible en tu armario.<\/p>\n<p class=\"p1\" style=\"text-align: left;\"><b>Medidas <\/b>\u2022 Largo: 35 cm \u2022 Ancho: 13 cm \u2022 Alto: 27 cm<\/p>\n<div class=\"woocommerce-product-details__short-description\">\n<div class=\"woocommerce-product-details__short-description\">\n<h5 style=\"text-align: center;\"><strong>\u00bfAlguna duda? Ponte en contacto con nosotros a trav\u00e9s del bot\u00f3n del chat directo por whatsApp y te resolveremos las dudas al instante<\/strong><\/h5>\n<\/div>\n<\/div>\n<p><!-- AddThis Advanced Settings generic via filter on get_the_excerpt --><!-- AddThis Share Buttons generic via filter on get_the_excerpt --><\/p>\n","protected":false},"featured_media":40353,"comment_status":"open","ping_status":"closed","template":"","meta":{"om_disable_all_campaigns":false,"_monsterinsights_skip_tracking":false,"_monsterinsights_sitenote_active":false,"_monsterinsights_sitenote_note":"","_monsterinsights_sitenote_category":0,"_uf_show_specific_survey":0,"_uf_disable_surveys":false},"product_brand":[1217],"product_cat":[757,40,41,1016],"product_tag":[299,313,255,1140,823,1036,727,302,1102,1166,263,1225,1023],"class_list":{"0":"post-40351","1":"product","2":"type-product","3":"status-publish","4":"has-post-thumbnail","6":"product_brand-ibags-belts","7":"product_cat-bolso-clutch","8":"product_cat-bolsos-de-hombro","9":"product_cat-shoppers","10":"product_cat-nuevos","11":"product_tag-bolso-cuero","12":"product_tag-bolso-cuero-hecho-a-mano","13":"product_tag-bolso-cuero-mujer","14":"product_tag-bolso-hombro","15":"product_tag-bolso-piel","16":"product_tag-bolso-piel-italiano","17":"product_tag-bolsos-bandoleras-cuero","18":"product_tag-bolsos-de-cuero","19":"product_tag-piel","20":"product_tag-shopper","21":"product_tag-bolso-cuero-artesanal-bolso-cuero-artesanal-hombre-bolso-cuero-boho-bolso-cuero-con-tachuelas-bolsos-cuero-caballero-bolso-cuero-de-hombre-bolso-cuero-de-viaje","22":"product_tag-shopping","23":"product_tag-tote","25":"first","26":"instock","27":"shipping-taxable","28":"purchasable","29":"product-type-simple","30":"add-to-wishlist-after_add_to_cart","31":"layout-style-1","32":"col-md-4 col-sm-4 col-xs-6","33":"col-lg-3","34":"product-has-gallery","35":"product-style-default"},"aioseo_notices":[],"_links":{"self":[{"href":"https:\/\/www.ibagsbelts.com\/tienda\/wp-json\/wp\/v2\/product\/40351","targetHints":{"allow":["GET"]}}],"collection":[{"href":"https:\/\/www.ibagsbelts.com\/tienda\/wp-json\/wp\/v2\/product"}],"about":[{"href":"https:\/\/www.ibagsbelts.com\/tienda\/wp-json\/wp\/v2\/types\/product"}],"replies":[{"embeddable":true,"href":"https:\/\/www.ibagsbelts.com\/tienda\/wp-json\/wp\/v2\/comments?post=40351"}],"wp:featuredmedia":[{"embeddable":true,"href":"https:\/\/www.ibagsbelts.com\/tienda\/wp-json\/wp\/v2\/media\/40353"}],"wp:attachment":[{"href":"https:\/\/www.ibagsbelts.com\/tienda\/wp-json\/wp\/v2\/media?parent=40351"}],"wp:term":[{"taxonomy":"product_brand","embeddable":true,"href":"https:\/\/www.ibagsbelts.com\/tienda\/wp-json\/wp\/v2\/product_brand?post=40351"},{"taxonomy":"product_cat","embeddable":true,"href":"https:\/\/www.ibagsbelts.com\/tienda\/wp-json\/wp\/v2\/product_cat?post=40351"},{"taxonomy":"product_tag","embeddable":true,"href":"https:\/\/www.ibagsbelts.com\/tienda\/wp-json\/wp\/v2\/product_tag?post=40351"}],"curies":[{"name":"wp","href":"https:\/\/api.w.org\/{rel}","templated":true}]}}