{"id":4038,"date":"2018-12-11T02:31:20","date_gmt":"2018-12-11T01:31:20","guid":{"rendered":"https:\/\/www.ibagsbelts.com\/tienda\/?post_type=product&#038;p=4038"},"modified":"2026-03-15T20:06:03","modified_gmt":"2026-03-15T19:06:03","slug":"fajin-cinturon-trenzado-ancho-color-caoba-estilo-hippy","status":"publish","type":"product","link":"https:\/\/www.ibagsbelts.com\/tienda\/producto\/fajin-cinturon-trenzado-ancho-color-caoba-estilo-hippy\/","title":{"rendered":"Faj\u00edn cintur\u00f3n trenzado ancho color teja"},"content":{"rendered":"<p>Destaca tu estilo con nuestro faj\u00edn ancho de cuero, una pieza \u00fanica trenzada a mano y cortada de manera irregular para a\u00f1adir un toque distintivo a tu look. Confeccionado con cuero de la m\u00e1s alta calidad y un cierre de hebilla artesanal, este faj\u00edn es la opci\u00f3n perfecta para resaltar tu cintura y lucir tu vestido favorito con elegancia y sofisticaci\u00f3n.<\/p>\n<p>Con medidas aproximadas de 85 cm hasta 110 cm, este faj\u00edn se adapta perfectamente a tu cuerpo, ofreci\u00e9ndote la versatilidad de llevarlo tanto a la altura de la cintura como de la cadera, brind\u00e1ndote infinitas posibilidades para variar tu estilo y crear looks \u00fanicos y originales.<\/p>\n<p>Fabricado al 100 % en cuero, nuestro faj\u00edn garantiza calidad, durabilidad y un acabado impecable. No pierdas la oportunidad de a\u00f1adir este accesorio imprescindible a tu colecci\u00f3n y realzar tu estilo con un toque de distinci\u00f3n artesanal.<\/p>\n<p><strong style=\"font-size: 1.4rem;\">Aviso importante<\/strong><\/p>\n<p>Todos nuestros productos de cuero puede estar sujeta a una variaci\u00f3n natural en tama\u00f1o y color.<\/p>\n<p>Las pieles utilizadas han sido procesadas y curtidas en una de las curtidoras m\u00e1s antiguas utilizando t\u00e9cnicas centenarias para dar al cuero acabado un aspecto antiguo \/ vintage.<br \/>\nLas im\u00e1genes son 100% reales.<br \/>\nDebido al monitor del ordenador y el brillo real de la toma y otras razones, habr\u00e1 una cierta diferencia de color.<\/p>\n<!-- AddThis Advanced Settings generic via filter on the_content --><!-- AddThis Share Buttons generic via filter on the_content -->","protected":false},"excerpt":{"rendered":"<div class=\"woocommerce-product-details__short-description\">\n<p>Faj\u00edn ancho de una sola pieza trenzada a mano de cuero, cortada de manera irregular, con cierre de hebilla artesanal.<\/p>\n<p>Es perfecto para llevar a la cintura y marcar tu silueta y lucir tu vestido favorito, aunque su modelo tambi\u00e9n va muy bien a la altura de la cadera muchas posibilidades para variar tu look. MEDIDAS aproximada 85 cm hasta 110 cm 100 % CUERO.<\/p>\n<p><strong>\u00bfAlguna duda? Ponte en contacto con nosotros a trav\u00e9s del bot\u00f3n del chat directo por whatsApp y te resolveremos las dudas al instante!<\/strong><\/p>\n<\/div>\n<p><!-- AddThis Advanced Settings generic via filter on get_the_excerpt --><!-- AddThis Share Buttons generic via filter on get_the_excerpt --><\/p>\n","protected":false},"featured_media":14123,"comment_status":"open","ping_status":"closed","template":"","meta":{"om_disable_all_campaigns":false,"_monsterinsights_skip_tracking":false,"_monsterinsights_sitenote_active":false,"_monsterinsights_sitenote_note":"","_monsterinsights_sitenote_category":0,"_uf_show_specific_survey":0,"_uf_disable_surveys":false},"product_brand":[1217],"product_cat":[393,396,951],"product_tag":[737,1087,290,258,332,340,341,1067,1034,31,746,1032],"class_list":{"0":"post-4038","1":"product","2":"type-product","3":"status-publish","4":"has-post-thumbnail","6":"product_brand-ibags-belts","7":"product_cat-cinturon-con-tachas","8":"product_cat-trenzados-cinturon","9":"product_cat-fajin","10":"product_tag-bohochic","11":"product_tag-cinto","12":"product_tag-cinturon","13":"product_tag-cinturon-cuero-cowboy-cinturon-cuero-de-vaca-cinturon-de-cuero-artesanal-bolso-de-cuero-cinturon-cuero-para-hombre-cinturon-para-mujer","14":"product_tag-cinturon-cuero","15":"product_tag-cinturon-cuero-ancho-bohemian","16":"product_tag-cinturon-cuero-boho-chic","17":"product_tag-cinturon-trenzado","18":"product_tag-cinturones","19":"product_tag-cinturon-trenzado-de-cuero","20":"product_tag-estilo-hippiechic","21":"product_tag-fajin","23":"first","24":"instock","25":"shipping-taxable","26":"purchasable","27":"product-type-simple","28":"add-to-wishlist-after_add_to_cart","29":"layout-style-1","30":"col-md-4 col-sm-4 col-xs-6","31":"col-lg-3","32":"product-has-gallery","33":"product-style-default"},"aioseo_notices":[],"_links":{"self":[{"href":"https:\/\/www.ibagsbelts.com\/tienda\/wp-json\/wp\/v2\/product\/4038","targetHints":{"allow":["GET"]}}],"collection":[{"href":"https:\/\/www.ibagsbelts.com\/tienda\/wp-json\/wp\/v2\/product"}],"about":[{"href":"https:\/\/www.ibagsbelts.com\/tienda\/wp-json\/wp\/v2\/types\/product"}],"replies":[{"embeddable":true,"href":"https:\/\/www.ibagsbelts.com\/tienda\/wp-json\/wp\/v2\/comments?post=4038"}],"wp:featuredmedia":[{"embeddable":true,"href":"https:\/\/www.ibagsbelts.com\/tienda\/wp-json\/wp\/v2\/media\/14123"}],"wp:attachment":[{"href":"https:\/\/www.ibagsbelts.com\/tienda\/wp-json\/wp\/v2\/media?parent=4038"}],"wp:term":[{"taxonomy":"product_brand","embeddable":true,"href":"https:\/\/www.ibagsbelts.com\/tienda\/wp-json\/wp\/v2\/product_brand?post=4038"},{"taxonomy":"product_cat","embeddable":true,"href":"https:\/\/www.ibagsbelts.com\/tienda\/wp-json\/wp\/v2\/product_cat?post=4038"},{"taxonomy":"product_tag","embeddable":true,"href":"https:\/\/www.ibagsbelts.com\/tienda\/wp-json\/wp\/v2\/product_tag?post=4038"}],"curies":[{"name":"wp","href":"https:\/\/api.w.org\/{rel}","templated":true}]}}