{"id":40541,"date":"2026-04-02T22:54:28","date_gmt":"2026-04-02T20:54:28","guid":{"rendered":"https:\/\/www.ibagsbelts.com\/tienda\/?post_type=product&#038;p=40541"},"modified":"2026-04-02T23:51:56","modified_gmt":"2026-04-02T21:51:56","slug":"bolso-grande-de-piel-blanco-roto-con-asa-y-bandolera-lucia","status":"publish","type":"product","link":"https:\/\/www.ibagsbelts.com\/tienda\/producto\/bolso-grande-de-piel-blanco-roto-con-asa-y-bandolera-lucia\/","title":{"rendered":"Bolso grande de piel blanco roto con asa y bandolera Lucia"},"content":{"rendered":"<p class=\"p1\" style=\"text-align: left;\"><b>Elegancia Vers\u00e1til para el D\u00eda a D\u00eda<\/b><\/p>\n<p class=\"p1\" style=\"text-align: left;\">Este <b>bolso de piel natural<\/b> combina dise\u00f1o sofisticado y funcionalidad en una pieza \u00fanica. Con l\u00edneas suaves y estructura elegante, destaca por su detalle frontal met\u00e1lico en tono dorado, que aporta un toque distintivo y refinado.<\/p>\n<p class=\"p1\" style=\"text-align: left;\">Fabricado en cuero de alta calidad, ofrece una textura resistente y duradera, ideal para acompa\u00f1arte tanto en looks de diario como en ocasiones m\u00e1s especiales.<\/p>\n<p class=\"p1\" style=\"text-align: left;\">Su dise\u00f1o vers\u00e1til permite llevarlo de diferentes maneras: con asa corta para un estilo m\u00e1s cl\u00e1sico o con correa ajustable y desmontable para mayor comodidad como bandolera.<\/p>\n<p class=\"p1\" style=\"text-align: left;\">El interior, amplio y bien organizado, incluye un neceser extra\u00edble perfecto para mantener tus esenciales siempre ordenados.<\/p>\n<p class=\"p1\" style=\"text-align: left;\"><b>Caracter\u00edsticas<\/b><\/p>\n<p class=\"p1\" style=\"text-align: left;\">\u2022 Material: Piel natural de primera calidad<\/p>\n<p class=\"p1\" style=\"text-align: left;\">\u2022 Detalle frontal met\u00e1lico en acabado dorado<\/p>\n<p class=\"p1\" style=\"text-align: left;\">\u2022 Asa de mano + correa bandolera ajustable y desmontable<\/p>\n<p class=\"p1\" style=\"text-align: left;\">\u2022 Interior amplio y funcional<\/p>\n<p class=\"p1\" style=\"text-align: left;\">\u2022 Incluye neceser extra\u00edble<\/p>\n<p class=\"p1\" style=\"text-align: left;\">\u2022 Dise\u00f1o elegante y atemporal<\/p>\n<p class=\"p1\" style=\"text-align: left;\"><b>\u00a0Ideal para<\/b><\/p>\n<p class=\"p1\" style=\"text-align: left;\">Uso diario, oficina, viajes o eventos donde quieras destacar con un bolso pr\u00e1ctico y sofisticado.<\/p>\n<p class=\"p1\" style=\"text-align: left;\">Un bolso que equilibra estilo, comodidad y funcionalidad, pensado para mujeres que buscan elegancia sin renunciar a la practicidad.<\/p>\n<!-- AddThis Advanced Settings generic via filter on the_content --><!-- AddThis Share Buttons generic via filter on the_content -->","protected":false},"excerpt":{"rendered":"<p class=\"p1\" style=\"text-align: left;\">Este <b>bolso de piel natural<\/b> combina dise\u00f1o sofisticado y funcionalidad en una pieza \u00fanica. Con l\u00edneas suaves y estructura elegante, destaca por su detalle frontal met\u00e1lico en tono dorado, que aporta un toque distintivo y refinado.<\/p>\n<p class=\"p1\" style=\"text-align: left;\">Fabricado en cuero de alta calidad, ofrece una textura resistente y duradera, ideal para acompa\u00f1arte tanto en looks de diario como en ocasiones m\u00e1s especiales.<\/p>\n<p class=\"p2\" style=\"text-align: left;\">Dise\u00f1o ligero y c\u00f3modo para uso diario 44 cm de largo, 26 cm de alto, 14 cm. Uso diario, oficina, viajes o eventos donde quieras destacar con un bolso pr\u00e1ctico y sofisticado.<\/p>\n<p class=\"p1\" style=\"text-align: left;\">Un bolso que equilibra estilo, comodidad y funcionalidad, pensado para mujeres que buscan elegancia sin renunciar a la practicidad.<\/p>\n<div class=\"woocommerce-product-details__short-description\">\n<div class=\"woocommerce-product-details__short-description\">\n<h5 style=\"text-align: center;\"><strong>\u00bfAlguna duda? Ponte en contacto con nosotros a trav\u00e9s del bot\u00f3n del chat directo por whatsApp y te resolveremos las dudas al instante<\/strong><\/h5>\n<\/div>\n<\/div>\n<p><!-- AddThis Advanced Settings generic via filter on get_the_excerpt --><!-- AddThis Share Buttons generic via filter on get_the_excerpt --><\/p>\n","protected":false},"featured_media":40536,"comment_status":"open","ping_status":"closed","template":"","meta":{"om_disable_all_campaigns":false,"_monsterinsights_skip_tracking":false,"_monsterinsights_sitenote_active":false,"_monsterinsights_sitenote_note":"","_monsterinsights_sitenote_category":0,"_uf_show_specific_survey":0,"_uf_disable_surveys":false},"product_brand":[1217],"product_cat":[240,40,41],"product_tag":[303,299,305,268,255,1140,823,1036,302,1102,1166],"class_list":{"0":"post-40541","1":"product","2":"type-product","3":"status-publish","4":"has-post-thumbnail","6":"product_brand-ibags-belts","7":"product_cat-bolsos-bandoleras-de-cuero-artesanal","8":"product_cat-bolsos-de-hombro","9":"product_cat-shoppers","10":"product_tag-bolso-bohemian","11":"product_tag-bolso-cuero","12":"product_tag-bolso-cuero-artesanal","13":"product_tag-bolso-cuero-boho-bolso-cuero-con-tachuelas-bolsos-cuero-caballero-bolso-cuero-de-hombre-bolso-cuero-de-viaje-bolso-cuero-de-vaca-bolso-de-cuero-artesanal-bolso-de-cuero","14":"product_tag-bolso-cuero-mujer","15":"product_tag-bolso-hombro","16":"product_tag-bolso-piel","17":"product_tag-bolso-piel-italiano","18":"product_tag-bolsos-de-cuero","19":"product_tag-piel","20":"product_tag-shopper","22":"first","23":"instock","24":"shipping-taxable","25":"purchasable","26":"product-type-simple","27":"add-to-wishlist-after_add_to_cart","28":"layout-style-1","29":"col-md-4 col-sm-4 col-xs-6","30":"col-lg-3","31":"product-has-gallery","32":"product-style-default"},"aioseo_notices":[],"_links":{"self":[{"href":"https:\/\/www.ibagsbelts.com\/tienda\/wp-json\/wp\/v2\/product\/40541","targetHints":{"allow":["GET"]}}],"collection":[{"href":"https:\/\/www.ibagsbelts.com\/tienda\/wp-json\/wp\/v2\/product"}],"about":[{"href":"https:\/\/www.ibagsbelts.com\/tienda\/wp-json\/wp\/v2\/types\/product"}],"replies":[{"embeddable":true,"href":"https:\/\/www.ibagsbelts.com\/tienda\/wp-json\/wp\/v2\/comments?post=40541"}],"wp:featuredmedia":[{"embeddable":true,"href":"https:\/\/www.ibagsbelts.com\/tienda\/wp-json\/wp\/v2\/media\/40536"}],"wp:attachment":[{"href":"https:\/\/www.ibagsbelts.com\/tienda\/wp-json\/wp\/v2\/media?parent=40541"}],"wp:term":[{"taxonomy":"product_brand","embeddable":true,"href":"https:\/\/www.ibagsbelts.com\/tienda\/wp-json\/wp\/v2\/product_brand?post=40541"},{"taxonomy":"product_cat","embeddable":true,"href":"https:\/\/www.ibagsbelts.com\/tienda\/wp-json\/wp\/v2\/product_cat?post=40541"},{"taxonomy":"product_tag","embeddable":true,"href":"https:\/\/www.ibagsbelts.com\/tienda\/wp-json\/wp\/v2\/product_tag?post=40541"}],"curies":[{"name":"wp","href":"https:\/\/api.w.org\/{rel}","templated":true}]}}