{"id":40678,"date":"2026-04-07T22:19:58","date_gmt":"2026-04-07T20:19:58","guid":{"rendered":"https:\/\/www.ibagsbelts.com\/tienda\/?post_type=product&#038;p=40678"},"modified":"2026-04-07T23:09:38","modified_gmt":"2026-04-07T21:09:38","slug":"bolso-de-rafia-estilo-boho-soul-antonela","status":"publish","type":"product","link":"https:\/\/www.ibagsbelts.com\/tienda\/producto\/bolso-de-rafia-estilo-boho-soul-antonela\/","title":{"rendered":"Bolso de rafia estilo boho soul Antonela"},"content":{"rendered":"<p class=\"p1\"><b>El Bolso de Rafia que Encantar\u00e1 tu Verano<\/b><\/p>\n<p class=\"p1\">\u00bfQu\u00e9 ser\u00eda del verano sin un bolso de rafia? es la fusi\u00f3n ideal entre estilo y frescura, confeccionado con rafia 100% italiana. Inspirado en el dise\u00f1o de nuestro bolso m\u00e1s vendido, su forma geom\u00e9trica r\u00edgida m\u00e1s ancha en la base y estrecha en la parte superior le aporta car\u00e1cter y sofisticaci\u00f3n.<\/p>\n<p class=\"p1\">Compacto pero con buena capacidad, es perfecto para acompa\u00f1arte tanto de d\u00eda como en noches de verano. Se puede llevar en la mano con su asa c\u00f3moda o cruzado gracias a la correa de cadena dorada incluida.<\/p>\n<p class=\"p1\">Su interior, forrado en algod\u00f3n, cuenta con un pr\u00e1ctico bolsillo con cremallera para peque\u00f1os objetos. El cierre met\u00e1lico en tono dorado completa este dise\u00f1o artesanal.<\/p>\n<p class=\"p1\">Una pieza vers\u00e1til y chic que no puede faltar en tu armario de temporada.<\/p>\n<p class=\"p1\"><b>Detalles:<\/b><\/p>\n<p class=\"p1\">\u2022<b>Material exterior:<\/b> rafia italiana<\/p>\n<p class=\"p1\">\u2022<b>Interior:<\/b> Forro de algod\u00f3n<\/p>\n<p class=\"p1\">\u2022<b>Compartimentos:<\/b><\/p>\n<p class=\"p1\">\u20221 bolsillo peque\u00f1o en la pared interior<\/p>\n<p class=\"p1\">\u2022<b>Accesorios:<\/b> Met\u00e1licos en dorado<\/p>\n<p class=\"p1\">\u2022<b>Cierre:<\/b> Sistema click dorado<\/p>\n<p class=\"p3\">\u2022<b>Correa:<\/b> De cadena dorada, ajustable y desmontable.<\/p>\n<p class=\"p1\" style=\"text-align: left;\"><strong style=\"font-size: 1.4rem;\">Aviso importante<\/strong><\/p>\n<div class=\"woocommerce-tabs wc-tabs-wrapper\">\n<div id=\"tab-description\" class=\"woocommerce-Tabs-panel woocommerce-Tabs-panel--description panel entry-content wc-tab\" role=\"tabpanel\" aria-labelledby=\"tab-title-description\">\n<div class=\"container\">\n<p style=\"text-align: left;\">Todos nuestros productos de cuero est\u00e1n hechos a mano y su nueva bolsa de cuero puede estar sujeta a una variaci\u00f3n natural en tama\u00f1o y color.<br \/>\nPara los tama\u00f1os, permita 1-2 cm difiere debido a la medida manual.<br \/>\nLas im\u00e1genes son 100% reales.<br \/>\nDebido al monitor del ordenador y el brillo real de la toma y otras razones, habr\u00e1 una cierta diferencia de color.<\/p>\n<\/div>\n<\/div>\n<\/div>\n<!-- AddThis Advanced Settings generic via filter on the_content --><!-- AddThis Share Buttons generic via filter on the_content -->","protected":false},"excerpt":{"rendered":"<p class=\"p1\" style=\"text-align: left;\">\u00bfQu\u00e9 ser\u00eda del verano sin un bolso de rafia? es la fusi\u00f3n ideal entre estilo y frescura, confeccionado con rafia 100% italiana. Inspirado en el dise\u00f1o de nuestro bolso m\u00e1s vendido, su forma geom\u00e9trica r\u00edgida m\u00e1s ancha en la base y estrecha en la parte superior le aporta car\u00e1cter y sofisticaci\u00f3n.<\/p>\n<p class=\"p1\" style=\"text-align: left;\">Compacto pero con buena capacidad, es perfecto para acompa\u00f1arte tanto de d\u00eda como en noches de verano. Se puede llevar en la mano con su asa c\u00f3moda o cruzado gracias a la correa de cadena dorada incluida.<\/p>\n<p class=\"p1\" style=\"text-align: left;\">Su interior, forrado en algod\u00f3n, cuenta con un pr\u00e1ctico bolsillo con cremallera para peque\u00f1os objetos. Una pieza vers\u00e1til y chic que no puede faltar en tu armario de temporada.<\/p>\n<p class=\"p1\">Medidas: Alto: 13 cm, Largo base: 23 cm, Grosor base: 8 cm<\/p>\n<h5 style=\"text-align: center;\"><strong>\u00bfAlguna duda? Ponte en contacto con nosotros a trav\u00e9s del bot\u00f3n del chat directo por whatsApp y te resolveremos las dudas al instante!<\/strong><\/h5>\n<p><!-- AddThis Advanced Settings generic via filter on get_the_excerpt --><!-- AddThis Share Buttons generic via filter on get_the_excerpt --><\/p>\n","protected":false},"featured_media":40679,"comment_status":"open","ping_status":"closed","template":"","meta":{"om_disable_all_campaigns":false,"_monsterinsights_skip_tracking":false,"_monsterinsights_sitenote_active":false,"_monsterinsights_sitenote_note":"","_monsterinsights_sitenote_category":0,"_uf_show_specific_survey":0,"_uf_disable_surveys":false},"product_brand":[1217],"product_cat":[240,757,1016],"product_tag":[1135,1096,301,877,727,281,753,1097,743,744,746,738,1212,1216,1221],"class_list":{"0":"post-40678","1":"product","2":"type-product","3":"status-publish","4":"has-post-thumbnail","6":"product_brand-ibags-belts","7":"product_cat-bolsos-bandoleras-de-cuero-artesanal","8":"product_cat-bolso-clutch","9":"product_cat-nuevos","10":"product_tag-accesorios-y-complementos","11":"product_tag-artesania","12":"product_tag-bandolera","13":"product_tag-bandoleras","14":"product_tag-bolsos-bandoleras-cuero","15":"product_tag-bolso-bohemian-bolso-cuero-para-hombre-bolso-cuero-repujado-bolsos-cuero-retro-bolso-shopper-cuero-bolso-cuero-trenzado-bolso-cuero-troquelado-bolso-cuero-vaca-bolso-cuero-viaje-hombre","16":"product_tag-complementos-de-cuero","17":"product_tag-esparto","18":"product_tag-estilo-boho","19":"product_tag-estilo-bohochic","20":"product_tag-estilo-hippiechic","21":"product_tag-hippie","22":"product_tag-mimbre","23":"product_tag-paja","24":"product_tag-rafia","26":"first","27":"instock","28":"shipping-taxable","29":"purchasable","30":"product-type-simple","31":"add-to-wishlist-after_add_to_cart","32":"layout-style-1","33":"col-md-4 col-sm-4 col-xs-6","34":"col-lg-3","35":"product-has-gallery","36":"product-style-default"},"aioseo_notices":[],"_links":{"self":[{"href":"https:\/\/www.ibagsbelts.com\/tienda\/wp-json\/wp\/v2\/product\/40678","targetHints":{"allow":["GET"]}}],"collection":[{"href":"https:\/\/www.ibagsbelts.com\/tienda\/wp-json\/wp\/v2\/product"}],"about":[{"href":"https:\/\/www.ibagsbelts.com\/tienda\/wp-json\/wp\/v2\/types\/product"}],"replies":[{"embeddable":true,"href":"https:\/\/www.ibagsbelts.com\/tienda\/wp-json\/wp\/v2\/comments?post=40678"}],"wp:featuredmedia":[{"embeddable":true,"href":"https:\/\/www.ibagsbelts.com\/tienda\/wp-json\/wp\/v2\/media\/40679"}],"wp:attachment":[{"href":"https:\/\/www.ibagsbelts.com\/tienda\/wp-json\/wp\/v2\/media?parent=40678"}],"wp:term":[{"taxonomy":"product_brand","embeddable":true,"href":"https:\/\/www.ibagsbelts.com\/tienda\/wp-json\/wp\/v2\/product_brand?post=40678"},{"taxonomy":"product_cat","embeddable":true,"href":"https:\/\/www.ibagsbelts.com\/tienda\/wp-json\/wp\/v2\/product_cat?post=40678"},{"taxonomy":"product_tag","embeddable":true,"href":"https:\/\/www.ibagsbelts.com\/tienda\/wp-json\/wp\/v2\/product_tag?post=40678"}],"curies":[{"name":"wp","href":"https:\/\/api.w.org\/{rel}","templated":true}]}}