{"id":41062,"date":"2026-04-18T21:25:40","date_gmt":"2026-04-18T19:25:40","guid":{"rendered":"https:\/\/www.ibagsbelts.com\/tienda\/?post_type=product&#038;p=41062"},"modified":"2026-04-18T21:28:18","modified_gmt":"2026-04-18T19:28:18","slug":"bolso-tote-con-bandolera-de-piel-rosa-chicle-gabriela","status":"publish","type":"product","link":"https:\/\/www.ibagsbelts.com\/tienda\/producto\/bolso-tote-con-bandolera-de-piel-rosa-chicle-gabriela\/","title":{"rendered":"Bolso tote con bandolera de piel rosa chicle Gabriela"},"content":{"rendered":"<p class=\"p1\" style=\"text-align: left;\"><b>Bolso Shopper de Cuero Genuino \u2013 Hecho en Italia<\/b><\/p>\n<p class=\"p1\" style=\"text-align: left;\">Elegancia y funcionalidad se unen en este bolso tipo shopper en color liso. Fabricado en Italia con <b>cuero genuino de alta calidad<\/b>, es el complemento perfecto para el d\u00eda a d\u00eda.<\/p>\n<p class=\"p1\" style=\"text-align: left;\"><span class=\"s1\">\u2714<\/span> 1 amplio compartimento principal<\/p>\n<p class=\"p1\" style=\"text-align: left;\"><span class=\"s1\">\u2714<\/span> Bolsillo interno con cremallera<\/p>\n<p class=\"p1\" style=\"text-align: left;\"><span class=\"s1\">\u2714<\/span> Bolsillo dedicado para el m\u00f3vil<\/p>\n<p class=\"p1\" style=\"text-align: left;\"><span class=\"s1\">\u2714<\/span> Cierre superior con cremallera<\/p>\n<p class=\"p1\" style=\"text-align: left;\"><span class=\"s1\">\u2714<\/span> Detalles met\u00e1licos en tono dorado<\/p>\n<p class=\"p1\" style=\"text-align: left;\"><b>Medidas:<\/b> 50 cm (largo) x 30 cm (alto) x 12 cm (fondo)<\/p>\n<p class=\"p1\" style=\"text-align: left;\">\u2022Incluye correa de cuero extra\u00edble y ajustable (hasta 100 cm), para llevarlo al hombro o cruzado<\/p>\n<p class=\"p3\" style=\"text-align: left;\">Un bolso que destaca por su calidad, estilo y practicidad. Perfecto para el d\u00eda a d\u00eda o para elevar cualquier conjunto con un toque de distinci\u00f3n.<\/p>\n<div class=\"woocommerce-tabs wc-tabs-wrapper\">\n<div id=\"tab-description\" class=\"woocommerce-Tabs-panel woocommerce-Tabs-panel--description panel entry-content wc-tab\" role=\"tabpanel\" aria-labelledby=\"tab-title-description\">\n<div class=\"container\">\n<p style=\"text-align: left;\"><strong>Aviso importante<\/strong><\/p>\n<p style=\"text-align: left;\">Todos nuestros productos de cuero est\u00e1n hechos a mano y su nueva bolsa de cuero puede estar sujeta a una variaci\u00f3n natural en tama\u00f1o y color.<br \/>\nPara los tama\u00f1os, permita 1-2 cm difiere debido a la medida manual.<br \/>\nLas im\u00e1genes son 100% reales.<br \/>\nDebido al monitor del ordenador y el brillo real de la toma y otras razones, habr\u00e1 una cierta diferencia de color.<\/p>\n<\/div>\n<\/div>\n<\/div>\n<!-- AddThis Advanced Settings generic via filter on the_content --><!-- AddThis Share Buttons generic via filter on the_content -->","protected":false},"excerpt":{"rendered":"<p class=\"p1\" style=\"text-align: left;\"><b>Bolso Shopper de Cuero Genuino \u2013 Hecho en Italia<\/b><\/p>\n<p class=\"p1\" style=\"text-align: left;\">Elegancia y funcionalidad se unen en este bolso tipo shopper en color liso. Fabricado en Italia con <b>cuero genuino de alta calidad<\/b>, es el complemento perfecto para el d\u00eda a d\u00eda.<\/p>\n<p class=\"p1\" style=\"text-align: left;\"><span class=\"s1\">\u2714<\/span> 1 amplio compartimento principal<\/p>\n<p class=\"p1\" style=\"text-align: left;\"><span class=\"s1\">\u2714<\/span> Bolsillo interno con cremallera<\/p>\n<p class=\"p1\" style=\"text-align: left;\"><span class=\"s1\">\u2714<\/span> Bolsillo dedicado para el m\u00f3vil<\/p>\n<p class=\"p1\" style=\"text-align: left;\"><span class=\"s1\">\u2714<\/span> Cierre superior con cremallera<\/p>\n<p class=\"p1\" style=\"text-align: left;\"><span class=\"s1\">\u2714<\/span> Detalles met\u00e1licos en tono dorado<\/p>\n<p class=\"p1\" style=\"text-align: left;\"><b>Medidas:<\/b> 50 cm (largo) x 30 cm (alto) x 12 cm (fondo)<\/p>\n<p class=\"p1\" style=\"text-align: left;\">\u2022Incluye correa de cuero extra\u00edble y ajustable (hasta 100 cm), para llevarlo al hombro o cruzado<\/p>\n<p class=\"p3\" style=\"text-align: left;\">Un bolso que destaca por su calidad, estilo y practicidad. Perfecto para el d\u00eda a d\u00eda o para elevar cualquier conjunto con un toque de distinci\u00f3n.<\/p>\n<h5 style=\"text-align: center;\"><strong>\u00bfAlguna duda? Ponte en contacto con nosotros a trav\u00e9s del bot\u00f3n del chat directo por whatsApp y te resolveremos las dudas al instante!<\/strong><\/h5>\n<p><!-- AddThis Advanced Settings generic via filter on get_the_excerpt --><!-- AddThis Share Buttons generic via filter on get_the_excerpt --><\/p>\n","protected":false},"featured_media":41056,"comment_status":"open","ping_status":"closed","template":"","meta":{"om_disable_all_campaigns":false,"_monsterinsights_skip_tracking":false,"_monsterinsights_sitenote_active":false,"_monsterinsights_sitenote_note":"","_monsterinsights_sitenote_category":0,"_uf_show_specific_survey":0,"_uf_disable_surveys":false},"product_brand":[1217],"product_cat":[240,40,41,1016],"product_tag":[1135,301,877,266,299,255,823,1036,727,905,753,1102],"class_list":{"0":"post-41062","1":"product","2":"type-product","3":"status-publish","4":"has-post-thumbnail","6":"product_brand-ibags-belts","7":"product_cat-bolsos-bandoleras-de-cuero-artesanal","8":"product_cat-bolsos-de-hombro","9":"product_cat-shoppers","10":"product_cat-nuevos","11":"product_tag-accesorios-y-complementos","12":"product_tag-bandolera","13":"product_tag-bandoleras","14":"product_tag-bolso-bohemian-bolso-cuero-repujado-bolsos-cuero-retro-bolso-shopper-cuero-bolso-cuero-trenzado-bolso-cuero-troquelado","15":"product_tag-bolso-cuero","16":"product_tag-bolso-cuero-mujer","17":"product_tag-bolso-piel","18":"product_tag-bolso-piel-italiano","19":"product_tag-bolsos-bandoleras-cuero","20":"product_tag-casual","21":"product_tag-complementos-de-cuero","22":"product_tag-piel","24":"first","25":"instock","26":"shipping-taxable","27":"purchasable","28":"product-type-simple","29":"add-to-wishlist-after_add_to_cart","30":"new","31":"layout-style-1","32":"col-md-4 col-sm-4 col-xs-6","33":"col-lg-3","34":"product-has-gallery","35":"product-style-default"},"aioseo_notices":[],"_links":{"self":[{"href":"https:\/\/www.ibagsbelts.com\/tienda\/wp-json\/wp\/v2\/product\/41062","targetHints":{"allow":["GET"]}}],"collection":[{"href":"https:\/\/www.ibagsbelts.com\/tienda\/wp-json\/wp\/v2\/product"}],"about":[{"href":"https:\/\/www.ibagsbelts.com\/tienda\/wp-json\/wp\/v2\/types\/product"}],"replies":[{"embeddable":true,"href":"https:\/\/www.ibagsbelts.com\/tienda\/wp-json\/wp\/v2\/comments?post=41062"}],"wp:featuredmedia":[{"embeddable":true,"href":"https:\/\/www.ibagsbelts.com\/tienda\/wp-json\/wp\/v2\/media\/41056"}],"wp:attachment":[{"href":"https:\/\/www.ibagsbelts.com\/tienda\/wp-json\/wp\/v2\/media?parent=41062"}],"wp:term":[{"taxonomy":"product_brand","embeddable":true,"href":"https:\/\/www.ibagsbelts.com\/tienda\/wp-json\/wp\/v2\/product_brand?post=41062"},{"taxonomy":"product_cat","embeddable":true,"href":"https:\/\/www.ibagsbelts.com\/tienda\/wp-json\/wp\/v2\/product_cat?post=41062"},{"taxonomy":"product_tag","embeddable":true,"href":"https:\/\/www.ibagsbelts.com\/tienda\/wp-json\/wp\/v2\/product_tag?post=41062"}],"curies":[{"name":"wp","href":"https:\/\/api.w.org\/{rel}","templated":true}]}}