{"id":41283,"date":"2026-04-22T23:07:57","date_gmt":"2026-04-22T21:07:57","guid":{"rendered":"https:\/\/www.ibagsbelts.com\/tienda\/?post_type=product&#038;p=41283"},"modified":"2026-04-22T23:47:50","modified_gmt":"2026-04-22T21:47:50","slug":"bolso-piel-baguette-molly-bandolera","status":"publish","type":"product","link":"https:\/\/www.ibagsbelts.com\/tienda\/producto\/bolso-piel-baguette-molly-bandolera\/","title":{"rendered":"Bolso de piel tipo baguette Molly \u2013 Elegante y compacto con bandolera camel"},"content":{"rendered":"<p class=\"p1\" style=\"text-align: left;\">El bolso <b>Molly<\/b>\u00a0redefine la elegancia en formato compacto. Confeccionado en piel natural de primera calidad, su dise\u00f1o tipo baguette destaca por sus l\u00edneas limpias y su exclusivo cierre frontal con detalle envolvente, aportando un estilo moderno y distintivo.<\/p>\n<p class=\"p1\" style=\"text-align: left;\">Perfecto para acompa\u00f1arte en cualquier ocasi\u00f3n, este bolso combina funcionalidad y est\u00e9tica en una pieza vers\u00e1til. Puedes llevarlo como bolso de mano para un look m\u00e1s sofisticado o usar su correa bandolera ajustable para mayor comodidad en el d\u00eda a d\u00eda.<\/p>\n<p class=\"p1\" style=\"text-align: left;\">Su tama\u00f1o compacto es ideal para llevar lo esencial con estilo, convirti\u00e9ndolo en el complemento perfecto tanto para looks casual como para ocasiones especiales.<\/p>\n<p class=\"p3\" style=\"text-align: left;\">\u2728<b> Caracter\u00edsticas<\/b><\/p>\n<p class=\"p1\" style=\"text-align: left;\">\u2022 Bolso de piel natural para mujer<\/p>\n<p class=\"p1\" style=\"text-align: left;\">\u2022 Dise\u00f1o tipo baguette moderno y elegante<\/p>\n<p class=\"p1\" style=\"text-align: left;\">\u2022 Asa superior + bandolera ajustable y desmontable<\/p>\n<p class=\"p1\" style=\"text-align: left;\">\u2022 Cierre frontal con detalle distintivo<\/p>\n<p class=\"p1\" style=\"text-align: left;\">\u2022 Ligero, compacto y funcional<\/p>\n<p class=\"p1\" style=\"text-align: left;\">\u2022 Ideal para uso diario o eventos<\/p>\n<p style=\"text-align: left;\"><strong>Aviso importante<\/strong><\/p>\n<p style=\"text-align: left;\">Todos nuestros productos de cuero puede estar sujeta a una variaci\u00f3n natural en tama\u00f1o y color.<\/p>\n<p style=\"text-align: left;\">Las pieles utilizadas han sido procesadas y curtidas en una de las curtidur\u00edas m\u00e1s antiguas utilizando t\u00e9cnicas centenarias para dar al cuero acabado un aspecto antiguo \/ vintage.<\/p>\n<p style=\"text-align: left;\">Para los tama\u00f1os, permita 1-2 cm diferencia debido a la medida manual. Las im\u00e1genes son 100% reales. Debido al monitor del ordenador y el brillo real de la toma y otras razones, habr\u00e1 una cierta diferencia de color.<\/p>\n<!-- AddThis Advanced Settings generic via filter on the_content --><!-- AddThis Share Buttons generic via filter on the_content -->","protected":false},"excerpt":{"rendered":"<p class=\"p1\" style=\"text-align: left;\">Bolso de piel tipo baguette elegante y compacto. Con asa y bandolera ajustable, ideal para looks diarios o de noche. Dise\u00f1o moderno y funcional.<\/p>\n<p class=\"p1\" style=\"text-align: left;\">Bolso tipo baguette de piel natural, compacto y elegante. Con asa de mano y bandolera ajustable para mayor versatilidad.<\/p>\n<p class=\"p1\" style=\"text-align: left;\">\u2022 Bolso de piel natural para mujer<\/p>\n<p class=\"p1\" style=\"text-align: left;\">\u2022 Dise\u00f1o tipo baguette moderno y elegante<\/p>\n<p class=\"p1\" style=\"text-align: left;\">\u2022 Asa superior + bandolera ajustable y desmontable<\/p>\n<p class=\"p1\" style=\"text-align: left;\">\u2022 Cierre frontal con detalle distintivo<\/p>\n<p class=\"p1\" style=\"text-align: left;\">\u2022 Ligero, compacto y funcional<\/p>\n<p class=\"p1\" style=\"text-align: left;\">\u2022 Ideal para uso diario o eventos<\/p>\n<p style=\"text-align: left;\">MEDIDAS: 20 cm de largo por 10 de alto por 4 cm de fondo.<\/p>\n<div class=\"woocommerce-product-details__short-description\">\n<h5 style=\"text-align: center;\"><strong>\u00bfAlguna duda? Ponte en contacto con nosotros a trav\u00e9s del bot\u00f3n del chat directo por whatsApp y te resolveremos las dudas al instante!<\/strong><\/h5>\n<\/div>\n<p><!-- AddThis Advanced Settings generic via filter on get_the_excerpt --><!-- AddThis Share Buttons generic via filter on get_the_excerpt --><\/p>\n","protected":false},"featured_media":41325,"comment_status":"open","ping_status":"closed","template":"","meta":{"om_disable_all_campaigns":false,"_monsterinsights_skip_tracking":false,"_monsterinsights_sitenote_active":false,"_monsterinsights_sitenote_note":"","_monsterinsights_sitenote_category":0,"_uf_show_specific_survey":0,"_uf_disable_surveys":false},"product_brand":[1217],"product_cat":[240,757,40,1016],"product_tag":[1135,1314,1319,1316,1317,1145,1318,1315,749],"class_list":{"0":"post-41283","1":"product","2":"type-product","3":"status-publish","4":"has-post-thumbnail","6":"product_brand-ibags-belts","7":"product_cat-bolsos-bandoleras-de-cuero-artesanal","8":"product_cat-bolso-clutch","9":"product_cat-bolsos-de-hombro","10":"product_cat-nuevos","11":"product_tag-accesorios-y-complementos","12":"product_tag-bolso-baguette","13":"product_tag-bolso-baguette-mujer-tendencia","14":"product_tag-bolso-bandolera-piel-mujer","15":"product_tag-bolso-de-cuero-compacto","16":"product_tag-bolso-mano","17":"product_tag-bolso-mujer-moderno","18":"product_tag-bolso-pequeno-elegante","19":"product_tag-clutch","21":"first","22":"instock","23":"shipping-taxable","24":"purchasable","25":"product-type-simple","26":"add-to-wishlist-after_add_to_cart","27":"new","28":"layout-style-1","29":"col-md-4 col-sm-4 col-xs-6","30":"col-lg-3","31":"product-has-gallery","32":"product-style-default"},"aioseo_notices":[],"_links":{"self":[{"href":"https:\/\/www.ibagsbelts.com\/tienda\/wp-json\/wp\/v2\/product\/41283","targetHints":{"allow":["GET"]}}],"collection":[{"href":"https:\/\/www.ibagsbelts.com\/tienda\/wp-json\/wp\/v2\/product"}],"about":[{"href":"https:\/\/www.ibagsbelts.com\/tienda\/wp-json\/wp\/v2\/types\/product"}],"replies":[{"embeddable":true,"href":"https:\/\/www.ibagsbelts.com\/tienda\/wp-json\/wp\/v2\/comments?post=41283"}],"wp:featuredmedia":[{"embeddable":true,"href":"https:\/\/www.ibagsbelts.com\/tienda\/wp-json\/wp\/v2\/media\/41325"}],"wp:attachment":[{"href":"https:\/\/www.ibagsbelts.com\/tienda\/wp-json\/wp\/v2\/media?parent=41283"}],"wp:term":[{"taxonomy":"product_brand","embeddable":true,"href":"https:\/\/www.ibagsbelts.com\/tienda\/wp-json\/wp\/v2\/product_brand?post=41283"},{"taxonomy":"product_cat","embeddable":true,"href":"https:\/\/www.ibagsbelts.com\/tienda\/wp-json\/wp\/v2\/product_cat?post=41283"},{"taxonomy":"product_tag","embeddable":true,"href":"https:\/\/www.ibagsbelts.com\/tienda\/wp-json\/wp\/v2\/product_tag?post=41283"}],"curies":[{"name":"wp","href":"https:\/\/api.w.org\/{rel}","templated":true}]}}