{"id":4237,"date":"2019-02-04T15:27:56","date_gmt":"2019-02-04T14:27:56","guid":{"rendered":"https:\/\/www.ibagsbelts.com\/tienda\/?post_type=product&#038;p=4237"},"modified":"2026-03-15T20:02:29","modified_gmt":"2026-03-15T19:02:29","slug":"bolso-bandolera-media-luna-marron","status":"publish","type":"product","link":"https:\/\/www.ibagsbelts.com\/tienda\/producto\/bolso-bandolera-media-luna-marron\/","title":{"rendered":"Bolso bandolera de cuero media luna marr\u00f3n Adaya"},"content":{"rendered":"<p style=\"text-align: left;\">El bolso bandolera que has descrito suena encantador y pr\u00e1ctico. La forma de media luna tipo Carriel le agrega un toque distintivo. El cierre artesanal con im\u00e1n y cremallera proporciona tanto seguridad como accesibilidad. El bolsillo con cremallera debajo de la solapa es una caracter\u00edstica \u00fatil para organizar objetos peque\u00f1os. La presencia de un asa regulable con hebilla ofrece opciones c\u00f3modas de uso. Adem\u00e1s, el forro de algod\u00f3n a\u00f1ade un toque de calidad. \u00bfHay algo m\u00e1s que te gustar\u00eda saber o alg\u00fan detalle adicional que quieras compartir sobre este bolso?<\/p>\n<p style=\"text-align: left;\"><strong>Aviso importante<\/strong><\/p>\n<p style=\"text-align: left;\">Todos nuestros productos de cuero est\u00e1n hechos a mano y su nuevo bolso de cuero puede estar sujeta a una variaci\u00f3n natural en tama\u00f1o y color.<\/p>\n<p style=\"text-align: left;\">Las pieles utilizadas han sido procesadas y curtidas en una de las curtidur\u00edas m\u00e1s antiguas utilizando t\u00e9cnicas centenarias para dar al cuero acabado un aspecto antiguo \/ vintage.<br \/>\nPara los tama\u00f1os, permita 1-2 cm diferencia debido a la medida manual.<br \/>\nLas im\u00e1genes son 100% reales.<br \/>\nDebido al monitor del ordenador y el brillo real de la toma y otras razones, habr\u00e1 una cierta diferencia de color.<\/p>\n<p>\u00a0<\/p>\n<!-- AddThis Advanced Settings generic via filter on the_content --><!-- AddThis Share Buttons generic via filter on the_content -->","protected":false},"excerpt":{"rendered":"<h2 class=\"Standard\"><span lang=\"ES\">Bolso bandolera mediano en forma de media luna tipo Carriel.\u00a0<\/span><\/h2>\n<h3 class=\"Standard\"><span lang=\"ES\">Su cierre artesanal mas im\u00e1n y cremallera para brindarte seguridad en esta bandolera.\u00a0<\/span><span lang=\"ES\">Esta realizado en un cuero de calidad.\u00a0<\/span><span lang=\"ES\">Esta bandolera tiene un bolsillo con cremallera debajo de la solapa para guardar las llaves u objetos peque\u00f1os. E<\/span><span lang=\"ES\">l asa regulable con hebilla sirve\u00a0 para ponerla de la forma m\u00e1s c\u00f3moda.<\/span><\/h3>\n<h4>Medidas: 26 cm de largo x 22 cm de alto x 9 cm de profundo,\u00a0<span lang=\"ES\">forro de algod\u00f3n.<\/span><\/h4>\n<div class=\"woocommerce-product-details__short-description\">\n<div class=\"woocommerce-product-details__short-description\">\n<div class=\"woocommerce-product-details__short-description\">\n<h5><strong>\u00bfAlguna duda? Ponte en contacto con nosotros a trav\u00e9s del bot\u00f3n del chat directo por whatsApp y te resolveremos las dudas al instante!<\/strong><\/h5>\n<\/div>\n<\/div>\n<\/div>\n<p class=\"Standard\" style=\"text-align: justify; text-justify: inter-ideograph;\">\n<p><!-- AddThis Advanced Settings generic via filter on get_the_excerpt --><!-- AddThis Share Buttons generic via filter on get_the_excerpt --><\/p>\n","protected":false},"featured_media":14914,"comment_status":"open","ping_status":"closed","template":"","meta":{"om_disable_all_campaigns":false,"_monsterinsights_skip_tracking":false,"_monsterinsights_sitenote_active":false,"_monsterinsights_sitenote_note":"","_monsterinsights_sitenote_category":0,"_uf_show_specific_survey":0,"_uf_disable_surveys":false},"product_brand":[1217],"product_cat":[240],"product_tag":[301,877,266,303,299,305,315,313,255,277,823,727,1102],"class_list":{"0":"post-4237","1":"product","2":"type-product","3":"status-publish","4":"has-post-thumbnail","6":"product_brand-ibags-belts","7":"product_cat-bolsos-bandoleras-de-cuero-artesanal","8":"product_tag-bandolera","9":"product_tag-bandoleras","10":"product_tag-bolso-bohemian-bolso-cuero-repujado-bolsos-cuero-retro-bolso-shopper-cuero-bolso-cuero-trenzado-bolso-cuero-troquelado","11":"product_tag-bolso-bohemian","12":"product_tag-bolso-cuero","13":"product_tag-bolso-cuero-artesanal","14":"product_tag-bolso-cuero-artesano","15":"product_tag-bolso-cuero-hecho-a-mano","16":"product_tag-bolso-cuero-mujer","17":"product_tag-bolsos-cuero-retro-bolso-shopper-cuero-bolso-cuero-trenzado-bolso-cuero-troquelado-bolso-cuero-vaca-bolso-cuero-viaje-hombre","18":"product_tag-bolso-piel","19":"product_tag-bolsos-bandoleras-cuero","20":"product_tag-piel","22":"first","23":"instock","24":"shipping-taxable","25":"purchasable","26":"product-type-simple","27":"add-to-wishlist-after_add_to_cart","28":"layout-style-1","29":"col-md-4 col-sm-4 col-xs-6","30":"col-lg-3","31":"product-has-gallery","32":"product-style-default"},"aioseo_notices":[],"_links":{"self":[{"href":"https:\/\/www.ibagsbelts.com\/tienda\/wp-json\/wp\/v2\/product\/4237","targetHints":{"allow":["GET"]}}],"collection":[{"href":"https:\/\/www.ibagsbelts.com\/tienda\/wp-json\/wp\/v2\/product"}],"about":[{"href":"https:\/\/www.ibagsbelts.com\/tienda\/wp-json\/wp\/v2\/types\/product"}],"replies":[{"embeddable":true,"href":"https:\/\/www.ibagsbelts.com\/tienda\/wp-json\/wp\/v2\/comments?post=4237"}],"wp:featuredmedia":[{"embeddable":true,"href":"https:\/\/www.ibagsbelts.com\/tienda\/wp-json\/wp\/v2\/media\/14914"}],"wp:attachment":[{"href":"https:\/\/www.ibagsbelts.com\/tienda\/wp-json\/wp\/v2\/media?parent=4237"}],"wp:term":[{"taxonomy":"product_brand","embeddable":true,"href":"https:\/\/www.ibagsbelts.com\/tienda\/wp-json\/wp\/v2\/product_brand?post=4237"},{"taxonomy":"product_cat","embeddable":true,"href":"https:\/\/www.ibagsbelts.com\/tienda\/wp-json\/wp\/v2\/product_cat?post=4237"},{"taxonomy":"product_tag","embeddable":true,"href":"https:\/\/www.ibagsbelts.com\/tienda\/wp-json\/wp\/v2\/product_tag?post=4237"}],"curies":[{"name":"wp","href":"https:\/\/api.w.org\/{rel}","templated":true}]}}