{"id":4239,"date":"2019-02-04T15:29:49","date_gmt":"2019-02-04T14:29:49","guid":{"rendered":"https:\/\/www.ibagsbelts.com\/tienda\/?post_type=product&#038;p=4239"},"modified":"2026-03-15T20:01:58","modified_gmt":"2026-03-15T19:01:58","slug":"bolso-bandolera-media-luna-teja","status":"publish","type":"product","link":"https:\/\/www.ibagsbelts.com\/tienda\/producto\/bolso-bandolera-media-luna-teja\/","title":{"rendered":"Bolso bandolera de cuero media luna teja"},"content":{"rendered":"<p class=\"Standard\" style=\"text-align: left;\"><span lang=\"ES\">Bolso bandolera mediano en forma de media luna tipo Carriel. <\/span><span lang=\"ES\">Su cierre artesanal mas im\u00e1n y cremallera para brindarte seguridad en esta bandolera. <\/span><span lang=\"ES\">Esta realizado en un cuero de calidad.<\/span><\/p>\n<p class=\"Standard\" style=\"text-align: left;\"><span lang=\"ES\">Esta bandolera tiene un bolsillo con cremallera debajo de la solapa para guardar las llaves u objetos peque\u00f1os. E<\/span><span lang=\"ES\">l asa regulable con hebilla sirve\u00a0 para ponerla de la forma m\u00e1s c\u00f3moda.<\/span><\/p>\n<p style=\"text-align: left;\">Medidas: 26 cm de largo x 22 cm de alto x 9 cm de profundo.<\/p>\n<p style=\"text-align: left;\"><strong>Aviso importante<\/strong><\/p>\n<p style=\"text-align: left;\">Todos nuestros productos de cuero est\u00e1n hechos a mano y su nuevo bolso de cuero puede estar sujeta a una variaci\u00f3n natural en tama\u00f1o y color.<\/p>\n<p style=\"text-align: left;\">Las pieles utilizadas han sido procesadas y curtidas en una de las curtidur\u00edas m\u00e1s antiguas utilizando t\u00e9cnicas centenarias para dar al cuero acabado un aspecto antiguo \/ vintage.<br \/>\nPara los tama\u00f1os, permita 1-2 cm diferencia debido a la medida manual.<br \/>\nLas im\u00e1genes son 100% reales.<br \/>\nDebido al monitor del ordenador y el brillo real de la toma y otras razones, habr\u00e1 una cierta diferencia de color.<\/p>\n<!-- AddThis Advanced Settings generic via filter on the_content --><!-- AddThis Share Buttons generic via filter on the_content -->","protected":false},"excerpt":{"rendered":"<h5 class=\"Standard\" style=\"text-align: center;\"><span lang=\"ES\">Bolso bandolera mediano en forma de media luna tipo Carriel. <\/span><span lang=\"ES\">Su cierre artesanal mas im\u00e1n y cremallera para brindarte seguridad en esta bandolera. <\/span><span lang=\"ES\">Esta realizado en un cuero de calidad.<\/span><\/h5>\n<h5 class=\"Standard\" style=\"text-align: center;\"><span lang=\"ES\">Esta bandolera tiene un bolsillo con cremallera debajo de la solapa para guardar las llaves u objetos peque\u00f1os. E<\/span><span lang=\"ES\">l asa regulable con hebilla sirve\u00a0 para ponerla de la forma m\u00e1s c\u00f3moda.<\/span><\/h5>\n<h5 style=\"text-align: center;\">Medidas: 26 cm de largo x 22 cm de alto x 9 cm de profundo, <span lang=\"ES\">forro de algod\u00f3n.<\/span><\/h5>\n<div class=\"woocommerce-product-details__short-description\">\n<div class=\"woocommerce-product-details__short-description\">\n<div class=\"woocommerce-product-details__short-description\">\n<h4><strong>\u00bfAlguna duda? Ponte en contacto con nosotros a trav\u00e9s del bot\u00f3n del chat directo por whatsApp y te resolveremos las dudas al instante!<\/strong><\/h4>\n<\/div>\n<\/div>\n<\/div>\n<p class=\"Standard\" style=\"text-align: justify; text-justify: inter-ideograph;\">\n<p><!-- AddThis Advanced Settings generic via filter on get_the_excerpt --><!-- AddThis Share Buttons generic via filter on get_the_excerpt --><\/p>\n","protected":false},"featured_media":14910,"comment_status":"open","ping_status":"closed","template":"","meta":{"om_disable_all_campaigns":false,"_monsterinsights_skip_tracking":false,"_monsterinsights_sitenote_active":false,"_monsterinsights_sitenote_note":"","_monsterinsights_sitenote_category":0,"_uf_show_specific_survey":0,"_uf_disable_surveys":false},"product_brand":[1217],"product_cat":[240],"product_tag":[266,303,305,313,255,277,823,727],"class_list":{"0":"post-4239","1":"product","2":"type-product","3":"status-publish","4":"has-post-thumbnail","6":"product_brand-ibags-belts","7":"product_cat-bolsos-bandoleras-de-cuero-artesanal","8":"product_tag-bolso-bohemian-bolso-cuero-repujado-bolsos-cuero-retro-bolso-shopper-cuero-bolso-cuero-trenzado-bolso-cuero-troquelado","9":"product_tag-bolso-bohemian","10":"product_tag-bolso-cuero-artesanal","11":"product_tag-bolso-cuero-hecho-a-mano","12":"product_tag-bolso-cuero-mujer","13":"product_tag-bolsos-cuero-retro-bolso-shopper-cuero-bolso-cuero-trenzado-bolso-cuero-troquelado-bolso-cuero-vaca-bolso-cuero-viaje-hombre","14":"product_tag-bolso-piel","15":"product_tag-bolsos-bandoleras-cuero","17":"first","18":"instock","19":"shipping-taxable","20":"purchasable","21":"product-type-simple","22":"add-to-wishlist-after_add_to_cart","23":"layout-style-1","24":"col-md-4 col-sm-4 col-xs-6","25":"col-lg-3","26":"product-has-gallery","27":"product-style-default"},"aioseo_notices":[],"_links":{"self":[{"href":"https:\/\/www.ibagsbelts.com\/tienda\/wp-json\/wp\/v2\/product\/4239","targetHints":{"allow":["GET"]}}],"collection":[{"href":"https:\/\/www.ibagsbelts.com\/tienda\/wp-json\/wp\/v2\/product"}],"about":[{"href":"https:\/\/www.ibagsbelts.com\/tienda\/wp-json\/wp\/v2\/types\/product"}],"replies":[{"embeddable":true,"href":"https:\/\/www.ibagsbelts.com\/tienda\/wp-json\/wp\/v2\/comments?post=4239"}],"wp:featuredmedia":[{"embeddable":true,"href":"https:\/\/www.ibagsbelts.com\/tienda\/wp-json\/wp\/v2\/media\/14910"}],"wp:attachment":[{"href":"https:\/\/www.ibagsbelts.com\/tienda\/wp-json\/wp\/v2\/media?parent=4239"}],"wp:term":[{"taxonomy":"product_brand","embeddable":true,"href":"https:\/\/www.ibagsbelts.com\/tienda\/wp-json\/wp\/v2\/product_brand?post=4239"},{"taxonomy":"product_cat","embeddable":true,"href":"https:\/\/www.ibagsbelts.com\/tienda\/wp-json\/wp\/v2\/product_cat?post=4239"},{"taxonomy":"product_tag","embeddable":true,"href":"https:\/\/www.ibagsbelts.com\/tienda\/wp-json\/wp\/v2\/product_tag?post=4239"}],"curies":[{"name":"wp","href":"https:\/\/api.w.org\/{rel}","templated":true}]}}