{"id":4249,"date":"2019-02-04T15:38:42","date_gmt":"2019-02-04T14:38:42","guid":{"rendered":"https:\/\/www.ibagsbelts.com\/tienda\/?post_type=product&#038;p=4249"},"modified":"2026-03-15T20:01:20","modified_gmt":"2026-03-15T19:01:20","slug":"bandolera-de-cuero-con-solapa-de-pelo-de-conejo-natural","status":"publish","type":"product","link":"https:\/\/www.ibagsbelts.com\/tienda\/producto\/bandolera-de-cuero-con-solapa-de-pelo-de-conejo-natural\/","title":{"rendered":"Bandolera de cuero con solapa de pelo de vaca natural Abigail"},"content":{"rendered":"<p class=\"Standard\" style=\"text-align: left;\">El bolso bandolera que has descrito suena realmente atractivo. Con su forma rectangular y solapa decorada con remaches y pelo de vaca natural, se presenta como una pieza \u00fanica y estilizada. El cierre de clic de im\u00e1n y cremallera a\u00f1ade un nivel adicional de seguridad y practicidad. La inclusi\u00f3n de un bolsillo con cremallera debajo de la solapa es una caracter\u00edstica \u00fatil para guardar objetos peque\u00f1os. Adem\u00e1s, la asa regulable proporciona la flexibilidad para llevarlo de la manera m\u00e1s c\u00f3moda. Estas caracter\u00edsticas hacen que sea un bolso funcional y a la moda. \u00bfHay algo m\u00e1s que te gustar\u00eda saber o agregar sobre este bolso?<\/p>\n<p style=\"text-align: left;\"><strong>Aviso importante<\/strong><\/p>\n<p style=\"text-align: left;\">Todos nuestros productos de cuero est\u00e1n hechos a mano y su nuevo bolso de cuero puede estar sujeta a una variaci\u00f3n natural en tama\u00f1o y color.<\/p>\n<p style=\"text-align: left;\">Las pieles utilizadas han sido procesadas y curtidas en una de las curtidur\u00edas m\u00e1s antiguas utilizando t\u00e9cnicas centenarias para dar al cuero acabado un aspecto antiguo \/ vintage.<br \/>\nPara los tama\u00f1os, permita 1-2 cm diferencia debido a la medida manual.<br \/>\nLas im\u00e1genes son 100% reales.<br \/>\nDebido al monitor del ordenador y el brillo real de la toma y otras razones, habr\u00e1 una cierta diferencia de color.<\/p>\n<!-- AddThis Advanced Settings generic via filter on the_content --><!-- AddThis Share Buttons generic via filter on the_content -->","protected":false},"excerpt":{"rendered":"<h2>Bolso bandolera mediano en forma rectangular en su solapa decorada con remaches y pelo de vaca natural.<\/h2>\n<h3 class=\"Standard\" style=\"text-align: justify; text-justify: inter-ideograph;\"><span lang=\"ES\">Su cierre de clic de im\u00e1n y cremallera para brindarte seguridad en esta bandolera. <\/span><span lang=\"ES\">Esta realizado en un cuero artesanal con flecos.<\/span><\/h3>\n<h4 class=\"Standard\" style=\"text-align: justify; text-justify: inter-ideograph;\"><span lang=\"ES\">Esta bandolera tiene un bolsillo con cremallera debajo de la solapa para guardar las llaves u objetos peque\u00f1os, <\/span><span lang=\"ES\">el asa regulable\u00a0 para ponerla de la forma m\u00e1s c\u00f3moda.<\/span><\/h4>\n<h4>Medidas:\u00a0 30cm alto X\u00a0 2cm X\u00a0 23cm alto.<\/h4>\n<h5><strong>\u00bfAlguna duda? Ponte en contacto con nosotros a trav\u00e9s del bot\u00f3n del chat directo por whatsApp y te resolveremos las dudas al instante!<\/strong><\/h5>\n<p><!-- AddThis Advanced Settings generic via filter on get_the_excerpt --><!-- AddThis Share Buttons generic via filter on get_the_excerpt --><\/p>\n","protected":false},"featured_media":14682,"comment_status":"open","ping_status":"closed","template":"","meta":{"om_disable_all_campaigns":false,"_monsterinsights_skip_tracking":false,"_monsterinsights_sitenote_active":false,"_monsterinsights_sitenote_note":"","_monsterinsights_sitenote_category":0,"_uf_show_specific_survey":0,"_uf_disable_surveys":false},"product_brand":[1217],"product_cat":[240],"product_tag":[1026,301,877,737,266,327,303,305,316,313,314,727],"class_list":{"0":"post-4249","1":"product","2":"type-product","3":"status-publish","4":"has-post-thumbnail","6":"product_brand-ibags-belts","7":"product_cat-bolsos-bandoleras-de-cuero-artesanal","8":"product_tag-animal-print","9":"product_tag-bandolera","10":"product_tag-bandoleras","11":"product_tag-bohochic","12":"product_tag-bolso-bohemian-bolso-cuero-repujado-bolsos-cuero-retro-bolso-shopper-cuero-bolso-cuero-trenzado-bolso-cuero-troquelado","13":"product_tag-bolso-bandolera-cuero-bicolor","14":"product_tag-bolso-bohemian","15":"product_tag-bolso-cuero-artesanal","16":"product_tag-bolso-cuero-con-tachuelas","17":"product_tag-bolso-cuero-hecho-a-mano","18":"product_tag-bolso-cuero-pelo-vaca","19":"product_tag-bolsos-bandoleras-cuero","21":"first","22":"outofstock","23":"shipping-taxable","24":"purchasable","25":"product-type-simple","26":"add-to-wishlist-after_add_to_cart","27":"layout-style-1","28":"col-md-4 col-sm-4 col-xs-6","29":"col-lg-3","30":"product-has-gallery","31":"product-style-default"},"aioseo_notices":[],"_links":{"self":[{"href":"https:\/\/www.ibagsbelts.com\/tienda\/wp-json\/wp\/v2\/product\/4249","targetHints":{"allow":["GET"]}}],"collection":[{"href":"https:\/\/www.ibagsbelts.com\/tienda\/wp-json\/wp\/v2\/product"}],"about":[{"href":"https:\/\/www.ibagsbelts.com\/tienda\/wp-json\/wp\/v2\/types\/product"}],"replies":[{"embeddable":true,"href":"https:\/\/www.ibagsbelts.com\/tienda\/wp-json\/wp\/v2\/comments?post=4249"}],"wp:featuredmedia":[{"embeddable":true,"href":"https:\/\/www.ibagsbelts.com\/tienda\/wp-json\/wp\/v2\/media\/14682"}],"wp:attachment":[{"href":"https:\/\/www.ibagsbelts.com\/tienda\/wp-json\/wp\/v2\/media?parent=4249"}],"wp:term":[{"taxonomy":"product_brand","embeddable":true,"href":"https:\/\/www.ibagsbelts.com\/tienda\/wp-json\/wp\/v2\/product_brand?post=4249"},{"taxonomy":"product_cat","embeddable":true,"href":"https:\/\/www.ibagsbelts.com\/tienda\/wp-json\/wp\/v2\/product_cat?post=4249"},{"taxonomy":"product_tag","embeddable":true,"href":"https:\/\/www.ibagsbelts.com\/tienda\/wp-json\/wp\/v2\/product_tag?post=4249"}],"curies":[{"name":"wp","href":"https:\/\/api.w.org\/{rel}","templated":true}]}}