{"id":4253,"date":"2019-02-04T15:41:40","date_gmt":"2019-02-04T14:41:40","guid":{"rendered":"https:\/\/www.ibagsbelts.com\/tienda\/?post_type=product&#038;p=4253"},"modified":"2026-03-15T20:00:56","modified_gmt":"2026-03-15T19:00:56","slug":"bandolera-de-piel-con-solapa-negro","status":"publish","type":"product","link":"https:\/\/www.ibagsbelts.com\/tienda\/producto\/bandolera-de-piel-con-solapa-negro\/","title":{"rendered":"Bandolera de piel con solapa negro Maya"},"content":{"rendered":"<p class=\"Standard\" style=\"text-align: left;\">Este bolso bandolera peque\u00f1o que has descrito suena encantador. La forma rectangular y la decoraci\u00f3n con chapa artesanal y remaches gigantes le dan un toque distintivo. El cierre de clic y cremallera proporciona seguridad y facilidad de uso. El bolsillo con cremallera debajo de la solapa es una caracter\u00edstica pr\u00e1ctica para guardar peque\u00f1os objetos. Adem\u00e1s, el asa regulable con hebilla agrega versatilidad y comodidad al estilo de llevarlo. \u00bfHay algo m\u00e1s que te gustar\u00eda saber o detalles adicionales que desees agregar sobre este bolso?<\/p>\n<h5 style=\"text-align: left;\"><strong>Aviso importante<\/strong><\/h5>\n<p style=\"text-align: left;\">Todos nuestros productos de cuero est\u00e1n hechos a mano y su nuevo bolso de cuero puede estar sujeta a una variaci\u00f3n natural en tama\u00f1o y color.<\/p>\n<p style=\"text-align: left;\">Las pieles utilizadas han sido procesadas y curtidas en una de las curtidur\u00edas m\u00e1s antiguas utilizando t\u00e9cnicas centenarias para dar al cuero acabado un aspecto antiguo \/ vintage.<br \/>\nPara los tama\u00f1os, permita 1-2 cm diferencia debido a la medida manual.<br \/>\nLas im\u00e1genes son 100% reales.<br \/>\nDebido al monitor del ordenador y el brillo real de la toma y otras razones, habr\u00e1 una cierta diferencia de color.<\/p>\n<p>&nbsp;<\/p>\n<!-- AddThis Advanced Settings generic via filter on the_content --><!-- AddThis Share Buttons generic via filter on the_content -->","protected":false},"excerpt":{"rendered":"<h2 class=\"Standard\" style=\"text-align: center;\"><span lang=\"ES\">Bolso bandolera peque\u00f1a en forma rectangular en su solapa decoraci\u00f3n con chapa artesanal y remaches gigantes.<\/span><\/h2>\n<h3 class=\"Standard\" style=\"text-align: center;\"><span lang=\"ES\">Su cierre de clip y cremallera para brindarte seguridad en esta bandolera. <\/span><span lang=\"ES\">Est\u00e1 realizado en un cuero de calidad.\u00a0<\/span><span lang=\"ES\">Esta bandolera tiene un bolsillo con cremallera debajo de la solapa para guardar las llaves u objetos peque\u00f1os. E<\/span><span lang=\"ES\">l asa regulable con hebilla sirve\u00a0 para ponerla de la forma m\u00e1s c\u00f3moda.<\/span><\/h3>\n<div class=\"woocommerce-product-details__short-description\">\n<h4 style=\"text-align: center;\">Dimensiones 26cm x 20cm.<\/h4>\n<p><a href=\"https:\/\/bit.ly\/TE-AYUDO\"><b>\u00bfAlguna duda? Ponte en contacto con nosotros a trav\u00e9s del bot\u00f3n del chat directo por WhatsApp y te resolveremos las dudas al instante<\/b><\/a><b>!<\/b><\/p>\n<\/div>\n<p><!-- AddThis Advanced Settings generic via filter on get_the_excerpt --><!-- AddThis Share Buttons generic via filter on get_the_excerpt --><\/p>\n","protected":false},"featured_media":20830,"comment_status":"open","ping_status":"closed","template":"","meta":{"om_disable_all_campaigns":false,"_monsterinsights_skip_tracking":false,"_monsterinsights_sitenote_active":false,"_monsterinsights_sitenote_note":"","_monsterinsights_sitenote_category":0,"_uf_show_specific_survey":0,"_uf_disable_surveys":false},"product_brand":[1217],"product_cat":[240],"product_tag":[301,877,266,303,305,315,316,313,255,277,727,302],"class_list":{"0":"post-4253","1":"product","2":"type-product","3":"status-publish","4":"has-post-thumbnail","6":"product_brand-ibags-belts","7":"product_cat-bolsos-bandoleras-de-cuero-artesanal","8":"product_tag-bandolera","9":"product_tag-bandoleras","10":"product_tag-bolso-bohemian-bolso-cuero-repujado-bolsos-cuero-retro-bolso-shopper-cuero-bolso-cuero-trenzado-bolso-cuero-troquelado","11":"product_tag-bolso-bohemian","12":"product_tag-bolso-cuero-artesanal","13":"product_tag-bolso-cuero-artesano","14":"product_tag-bolso-cuero-con-tachuelas","15":"product_tag-bolso-cuero-hecho-a-mano","16":"product_tag-bolso-cuero-mujer","17":"product_tag-bolsos-cuero-retro-bolso-shopper-cuero-bolso-cuero-trenzado-bolso-cuero-troquelado-bolso-cuero-vaca-bolso-cuero-viaje-hombre","18":"product_tag-bolsos-bandoleras-cuero","19":"product_tag-bolsos-de-cuero","21":"first","22":"instock","23":"shipping-taxable","24":"purchasable","25":"product-type-simple","26":"add-to-wishlist-after_add_to_cart","27":"layout-style-1","28":"col-md-4 col-sm-4 col-xs-6","29":"col-lg-3","30":"product-has-gallery","31":"product-style-default"},"aioseo_notices":[],"_links":{"self":[{"href":"https:\/\/www.ibagsbelts.com\/tienda\/wp-json\/wp\/v2\/product\/4253","targetHints":{"allow":["GET"]}}],"collection":[{"href":"https:\/\/www.ibagsbelts.com\/tienda\/wp-json\/wp\/v2\/product"}],"about":[{"href":"https:\/\/www.ibagsbelts.com\/tienda\/wp-json\/wp\/v2\/types\/product"}],"replies":[{"embeddable":true,"href":"https:\/\/www.ibagsbelts.com\/tienda\/wp-json\/wp\/v2\/comments?post=4253"}],"wp:featuredmedia":[{"embeddable":true,"href":"https:\/\/www.ibagsbelts.com\/tienda\/wp-json\/wp\/v2\/media\/20830"}],"wp:attachment":[{"href":"https:\/\/www.ibagsbelts.com\/tienda\/wp-json\/wp\/v2\/media?parent=4253"}],"wp:term":[{"taxonomy":"product_brand","embeddable":true,"href":"https:\/\/www.ibagsbelts.com\/tienda\/wp-json\/wp\/v2\/product_brand?post=4253"},{"taxonomy":"product_cat","embeddable":true,"href":"https:\/\/www.ibagsbelts.com\/tienda\/wp-json\/wp\/v2\/product_cat?post=4253"},{"taxonomy":"product_tag","embeddable":true,"href":"https:\/\/www.ibagsbelts.com\/tienda\/wp-json\/wp\/v2\/product_tag?post=4253"}],"curies":[{"name":"wp","href":"https:\/\/api.w.org\/{rel}","templated":true}]}}