{"id":4854,"date":"2019-06-20T17:33:11","date_gmt":"2019-06-20T15:33:11","guid":{"rendered":"https:\/\/www.ibagsbelts.com\/tienda\/?post_type=product&#038;p=4854"},"modified":"2026-03-15T19:56:32","modified_gmt":"2026-03-15T18:56:32","slug":"collar-etnico-ibiza1","status":"publish","type":"product","link":"https:\/\/www.ibagsbelts.com\/tienda\/producto\/collar-etnico-ibiza1\/","title":{"rendered":"Collar de gargantilla de estilo bohemio \u00e9tnico"},"content":{"rendered":"<p>La gargantilla de monedas talladas con flores parece ser una pieza de joyer\u00eda encantadora con un estilo bohemio \u00e9tnico. Aqu\u00ed hay algunas caracter\u00edsticas clave que se destacan:<\/p>\n<p>1. **Material de aleaci\u00f3n de alta calidad:** Garantiza durabilidad y resistencia.<\/p>\n<p>2. **Dise\u00f1o tallado con flores:** A\u00f1ade un toque bohemio y \u00e9tnico, lo que la hace \u00fanica y estilizada.<\/p>\n<p>3. **F\u00e1cil de integrar en la ropa diaria:** Vers\u00e1til para usar con una variedad de atuendos.<\/p>\n<p>4. **Regalo perfecto:** Ideal para ocasiones especiales como cumplea\u00f1os, aniversarios, San Valent\u00edn, bodas, Navidad, graduaciones, etc.<\/p>\n<p>5. **Uso diario y eventos especiales:** Puede ser utilizado tanto para el uso diario como para ocasiones m\u00e1s festivas.<\/p>\n<p>6. **Particularmente adecuado para fan\u00e1ticos de la danza del vientre:** Dado su estilo retro y \u00e9tnico.<\/p>\n<p>\u00bfHay algo m\u00e1s espec\u00edfico que te gustar\u00eda saber sobre la gargantilla de monedas?<\/p>\n<p style=\"text-align: left;\"><strong>Aviso importante<\/strong><\/p>\n<p>Todos nuestros productos de cuero est\u00e1n hechos a mano y su nueva bolsa de cuero puede estar sujeta a una variaci\u00f3n natural en tama\u00f1o y color.<br \/>\nPara los tama\u00f1os, permita 1-2 cm difiere debido a la medida manual.<br \/>\nLas im\u00e1genes son 100% reales.<br \/>\nDebido al monitor del ordenador y el brillo real de la toma y otras razones, habr\u00e1 una cierta diferencia de color.<\/p>\n<!-- AddThis Advanced Settings generic via filter on the_content --><!-- AddThis Share Buttons generic via filter on the_content -->","protected":false},"excerpt":{"rendered":"<h2><span class=\"a-list-item\">Hecho del material de aleaci\u00f3n de alta calidad, inocuos para la salud, El tiempo y uso hace que se vea bien y no pierda calidad.<\/span><\/h2>\n<h3><span class=\"a-list-item\">Esta gargantilla de monedas\u00a0 talladas con flores con estilo bohemio \u00e9tnico para integrar su ropa diaria de ropa, f\u00e1cil de instalar caja de la joyer\u00eda para las ni\u00f1as y coleccionistas.\u00a0<\/span><span class=\"a-list-item\">Es un regalo perfecto para una novia, esposa, hermana o el cumplea\u00f1os, aniversario, d\u00eda de San Valent\u00edn, boda, navidad, graduaci\u00f3n, etc.<\/span><\/h3>\n<h4><span class=\"a-list-item\">Conveniente para el uso diario y una variedad de partes o collar de estilo festival. Retro espec\u00edficamente para los fan\u00e1ticos de la danza del vientre.<\/span><\/h4>\n<h4>Collar hecho a mano combinando piedras reconstruidas, mostacillas, polvo de mineral y resina.<\/h4>\n<div class=\"woocommerce-product-details__short-description\">\n<h5><strong>\u00bfAlguna duda? Ponte en contacto con nosotros a trav\u00e9s del bot\u00f3n del chat directo por whatsapp y te resolveremos las dudas al instante!<\/strong><\/h5>\n<\/div>\n<p>&nbsp;<!-- AddThis Advanced Settings generic via filter on get_the_excerpt --><!-- AddThis Share Buttons generic via filter on get_the_excerpt --><\/p>\n","protected":false},"featured_media":15095,"comment_status":"open","ping_status":"closed","template":"","meta":{"om_disable_all_campaigns":false,"_monsterinsights_skip_tracking":false,"_monsterinsights_sitenote_active":false,"_monsterinsights_sitenote_note":"","_monsterinsights_sitenote_category":0,"_uf_show_specific_survey":0,"_uf_disable_surveys":false},"product_brand":[1217],"product_cat":[962,953],"product_tag":[1135,791,774,752,743,744,745],"class_list":{"0":"post-4854","1":"product","2":"type-product","3":"status-publish","4":"has-post-thumbnail","6":"product_brand-ibags-belts","7":"product_cat-bisuteria","8":"product_cat-collares-boho-collar","9":"product_tag-accesorios-y-complementos","10":"product_tag-collares","11":"product_tag-collares-boho-collar","12":"product_tag-complementos","13":"product_tag-estilo-boho","14":"product_tag-estilo-bohochic","15":"product_tag-estilo-hippie","17":"first","18":"instock","19":"shipping-taxable","20":"purchasable","21":"product-type-simple","22":"add-to-wishlist-after_add_to_cart","23":"layout-style-1","24":"col-md-4 col-sm-4 col-xs-6","25":"col-lg-3","26":"product-has-gallery","27":"product-style-default"},"aioseo_notices":[],"_links":{"self":[{"href":"https:\/\/www.ibagsbelts.com\/tienda\/wp-json\/wp\/v2\/product\/4854","targetHints":{"allow":["GET"]}}],"collection":[{"href":"https:\/\/www.ibagsbelts.com\/tienda\/wp-json\/wp\/v2\/product"}],"about":[{"href":"https:\/\/www.ibagsbelts.com\/tienda\/wp-json\/wp\/v2\/types\/product"}],"replies":[{"embeddable":true,"href":"https:\/\/www.ibagsbelts.com\/tienda\/wp-json\/wp\/v2\/comments?post=4854"}],"wp:featuredmedia":[{"embeddable":true,"href":"https:\/\/www.ibagsbelts.com\/tienda\/wp-json\/wp\/v2\/media\/15095"}],"wp:attachment":[{"href":"https:\/\/www.ibagsbelts.com\/tienda\/wp-json\/wp\/v2\/media?parent=4854"}],"wp:term":[{"taxonomy":"product_brand","embeddable":true,"href":"https:\/\/www.ibagsbelts.com\/tienda\/wp-json\/wp\/v2\/product_brand?post=4854"},{"taxonomy":"product_cat","embeddable":true,"href":"https:\/\/www.ibagsbelts.com\/tienda\/wp-json\/wp\/v2\/product_cat?post=4854"},{"taxonomy":"product_tag","embeddable":true,"href":"https:\/\/www.ibagsbelts.com\/tienda\/wp-json\/wp\/v2\/product_tag?post=4854"}],"curies":[{"name":"wp","href":"https:\/\/api.w.org\/{rel}","templated":true}]}}