{"id":5288,"date":"2019-08-08T16:37:51","date_gmt":"2019-08-08T14:37:51","guid":{"rendered":"https:\/\/www.ibagsbelts.com\/tienda\/?post_type=product&#038;p=5288"},"modified":"2026-03-15T19:53:45","modified_gmt":"2026-03-15T18:53:45","slug":"bolso-de-viaje-mediano","status":"publish","type":"product","link":"https:\/\/www.ibagsbelts.com\/tienda\/producto\/bolso-de-viaje-mediano\/","title":{"rendered":"Bolso de viaje de cuero mediano Jorge"},"content":{"rendered":"<p>Una bolsa de viaje para salir un fin de semana que tambi\u00e9n se puede transformar en una bolsa de ocio. La bolsa de viaje est\u00e1 fabricado de cuero de vaca con un procesado de alta calidad, por su elegancia cl\u00e1sica y su versatilidad.<\/p>\n<p>Por lo que es adecuado tanto como un compa\u00f1ero para el pr\u00f3ximo fin de semana, tanto como para ir al gimnasio. El amplio compartimento interior se puede encontrar un mont\u00f3n de espacio para tus cosas, como la ropa de vacaciones, de deporte, o los zapatos. A pesar que es un asistente de vuelos, la bolsa puede ser utilizada para todas las ocasiones f\u00e1cilmente. Y no s\u00f3lo te impresionar\u00e1 por su generoso espacio, sino por su gran apariencia.<\/p>\n<p>El cuero brilla en una exitosa mezcla de elegancia cl\u00e1sica, junto con un toque vintage, que hace que la bolsa sea un accesorio individual el cu\u00e1l todo el mundo querr\u00e1 tener.<\/p>\n<p><strong>Aviso importante<\/strong><\/p>\n<p>Todos nuestros productos de cuero puede estar sujeta a una variaci\u00f3n natural en tama\u00f1o y color.<\/p>\n<p>Las pieles utilizadas han sido procesadas y curtidas utilizando t\u00e9cnicas centenarias para dar al cuero acabado un aspecto antiguo \/ vintage.<br \/>\nPara los tama\u00f1os, permita 1-2 cm diferencia debido a la medida manual.<br \/>\nLas im\u00e1genes son 100% reales.<br \/>\nDebido al monitor del ordenador y el brillo real de la toma y otras razones, habr\u00e1 una cierta diferencia de color.<\/p>\n<!-- AddThis Advanced Settings generic via filter on the_content --><!-- AddThis Share Buttons generic via filter on the_content -->","protected":false},"excerpt":{"rendered":"<h2>Bolso de viaje elaborado a mano en cuero artesanal.<\/h2>\n<h3>Su originalidad y gran resistencia que te brinda este bolso de viaje, es el compa\u00f1ero<\/h3>\n<h4>Con sus dos bolsillos laterales, su cierre con cremallera y otro con hebilla lo convierte en mas seguro,\u00a0las asas y su correa lo hacen mas c\u00f3modo a la hora de viajar.<\/h4>\n<h4>Medidas: 41 cm de largo X24 cm de ancho X 21 cm de alto.<\/h4>\n<div class=\"woocommerce-product-details__short-description\">\n<div class=\"woocommerce-product-details__short-description\">\n<h5><strong>\u00bfAlguna duda? Ponte en contacto con nosotros a trav\u00e9s del bot\u00f3n del chat directo por whatsApp y te resolveremos las dudas al instante!<\/strong><\/h5>\n<\/div>\n<\/div>\n<p><!-- AddThis Advanced Settings generic via filter on get_the_excerpt --><!-- AddThis Share Buttons generic via filter on get_the_excerpt --><\/p>\n","protected":false},"featured_media":2335,"comment_status":"open","ping_status":"closed","template":"","meta":{"om_disable_all_campaigns":false,"_monsterinsights_skip_tracking":false,"_monsterinsights_sitenote_active":false,"_monsterinsights_sitenote_note":"","_monsterinsights_sitenote_category":0,"_uf_show_specific_survey":0,"_uf_disable_surveys":false},"product_brand":[1217],"product_cat":[242],"product_tag":[877,266,315,779,294,353,738,279],"class_list":{"0":"post-5288","1":"product","2":"type-product","3":"status-publish","4":"has-post-thumbnail","6":"product_brand-ibags-belts","7":"product_cat-bolsos-de-viaje","8":"product_tag-bandoleras","9":"product_tag-bolso-bohemian-bolso-cuero-repujado-bolsos-cuero-retro-bolso-shopper-cuero-bolso-cuero-trenzado-bolso-cuero-troquelado","10":"product_tag-bolso-cuero-artesano","11":"product_tag-bolso-de-cuero-artesanal","12":"product_tag-bolso-de-viaje","13":"product_tag-bolso-de-viaje-marroqui","14":"product_tag-hippie","15":"product_tag-bolso-cuero-artesanal-hombre-bolso-cuero-boho-bolso-cuero-con-tachuelas-bolsos-cuero-caballero-bolso-cuero-de-hombre-bolso-cuero-de-viaje-bolso-cuero-de-vaca","17":"first","18":"instock","19":"shipping-taxable","20":"purchasable","21":"product-type-variable","22":"add-to-wishlist-after_add_to_cart","23":"layout-style-1","24":"col-md-4 col-sm-4 col-xs-6","25":"col-lg-3","26":"product-has-gallery","27":"product-style-default"},"aioseo_notices":[],"_links":{"self":[{"href":"https:\/\/www.ibagsbelts.com\/tienda\/wp-json\/wp\/v2\/product\/5288","targetHints":{"allow":["GET"]}}],"collection":[{"href":"https:\/\/www.ibagsbelts.com\/tienda\/wp-json\/wp\/v2\/product"}],"about":[{"href":"https:\/\/www.ibagsbelts.com\/tienda\/wp-json\/wp\/v2\/types\/product"}],"replies":[{"embeddable":true,"href":"https:\/\/www.ibagsbelts.com\/tienda\/wp-json\/wp\/v2\/comments?post=5288"}],"wp:featuredmedia":[{"embeddable":true,"href":"https:\/\/www.ibagsbelts.com\/tienda\/wp-json\/wp\/v2\/media\/2335"}],"wp:attachment":[{"href":"https:\/\/www.ibagsbelts.com\/tienda\/wp-json\/wp\/v2\/media?parent=5288"}],"wp:term":[{"taxonomy":"product_brand","embeddable":true,"href":"https:\/\/www.ibagsbelts.com\/tienda\/wp-json\/wp\/v2\/product_brand?post=5288"},{"taxonomy":"product_cat","embeddable":true,"href":"https:\/\/www.ibagsbelts.com\/tienda\/wp-json\/wp\/v2\/product_cat?post=5288"},{"taxonomy":"product_tag","embeddable":true,"href":"https:\/\/www.ibagsbelts.com\/tienda\/wp-json\/wp\/v2\/product_tag?post=5288"}],"curies":[{"name":"wp","href":"https:\/\/api.w.org\/{rel}","templated":true}]}}