{"id":5949,"date":"2019-11-04T13:07:49","date_gmt":"2019-11-04T12:07:49","guid":{"rendered":"https:\/\/www.ibagsbelts.com\/tienda\/?post_type=product&#038;p=5949"},"modified":"2026-03-15T19:52:38","modified_gmt":"2026-03-15T18:52:38","slug":"mochila-fez-1","status":"publish","type":"product","link":"https:\/\/www.ibagsbelts.com\/tienda\/producto\/mochila-fez-1\/","title":{"rendered":"Mochila  de cuero Fez Cala"},"content":{"rendered":"<p style=\"text-align: left;\">Esta mochila parece ser una elecci\u00f3n robusta y pr\u00e1ctica. Aqu\u00ed tienes algunas caracter\u00edsticas destacadas:<\/p>\n<ol style=\"text-align: left;\">\n<li><strong>Material de cuero:<\/strong> El cuero proporciona resistencia y durabilidad, adem\u00e1s de un atractivo aspecto cl\u00e1sico.<\/li>\n<li><strong>Tres bolsillos frontales:<\/strong> Los bolsillos son pr\u00e1cticos para organizar tus pertenencias, y el detalle de la hebilla agrega un toque estilizado.<\/li>\n<li><strong>Proceso artesanal:<\/strong> Elaborada de forma artesanal, lo que puede agregar un toque \u00fanico y aut\u00e9ntico.<\/li>\n<li><strong>Dise\u00f1o cl\u00e1sico:<\/strong> El dise\u00f1o cl\u00e1sico es atemporal y vers\u00e1til, ideal para uso diario.<\/li>\n<li><strong>Correas regulables:<\/strong> Las correas ajustables para llevar en la espalda permiten una experiencia c\u00f3moda y personalizada.<\/li>\n<li><strong>Medidas convenientes:<\/strong> Con dimensiones de 30 cm x 30 cm x 13 cm, ofrece un tama\u00f1o adecuado para llevar lo esencial sin ser abrumadora.<\/li>\n<li><strong>Forro y bolsillo interior:<\/strong> El forro y el bolsillo interior agregan funcionalidad y ayudan a mantener organizados tus art\u00edculos.<\/li>\n<\/ol>\n<p style=\"text-align: left;\">Si tienes m\u00e1s preguntas o necesitas informaci\u00f3n adicional, \u00a1estar\u00e9 encantado de ayudarte!<\/p>\n<p style=\"text-align: left;\"><strong>Aviso importante<\/strong><\/p>\n<p style=\"text-align: left;\">Todos nuestros productos de cuero est\u00e1n hechos a mano y su nueva bolsa de cuero puede estar sujeta a una variaci\u00f3n natural en tama\u00f1o y color.<br \/>\nPara los tama\u00f1os, permita 1-2 cm difiere debido a la medida manual.<br \/>\nLas im\u00e1genes son 100% reales.<br \/>\nDebido al monitor del ordenador y el brillo real de la toma y otras razones, habr\u00e1 una cierta diferencia de color.<\/p>\n<!-- AddThis Advanced Settings generic via filter on the_content --><!-- AddThis Share Buttons generic via filter on the_content -->","protected":false},"excerpt":{"rendered":"<h2>Mochila en cuero de tres bolsillos frontales dos con cremalleras y uno de ellos cierra con hebilla.<\/h2>\n<h3>De gran resistencia esta elaborada en forma artesanal en todo su proceso como el curtido de la piel como su elaboraci\u00f3n de dise\u00f1o cl\u00e1sico. Bolsillos con cremallera, asa de mano y correas para llevarlas en la espalda reguladas por hebillas para brindar la comodidad que buscas en una mochila de uso diario.<\/h3>\n<h4>MEDIDAS 30 cm X 30 cm X 13 cm. Forro y bolsillo interior<\/h4>\n<h5><strong>\u00bfAlguna duda? Ponte en contacto con nosotros a trav\u00e9s del bot\u00f3n del chat directo por whatsApp y te resolveremos las dudas al instante!<\/strong><\/h5>\n<p><!-- AddThis Advanced Settings generic via filter on get_the_excerpt --><!-- AddThis Share Buttons generic via filter on get_the_excerpt --><\/p>\n","protected":false},"featured_media":5953,"comment_status":"open","ping_status":"closed","template":"","meta":{"om_disable_all_campaigns":false,"_monsterinsights_skip_tracking":false,"_monsterinsights_sitenote_active":false,"_monsterinsights_sitenote_note":"","_monsterinsights_sitenote_category":0,"_uf_show_specific_survey":0,"_uf_disable_surveys":false},"product_brand":[1217],"product_cat":[400],"product_tag":[738,275,322,310,311,352,347,357,349,351,325],"class_list":{"0":"post-5949","1":"product","2":"type-product","3":"status-publish","4":"has-post-thumbnail","6":"product_brand-ibags-belts","7":"product_cat-mochilas-medianas","8":"product_tag-hippie","9":"product_tag-mochila-de-cuero-para-hombre-bolso-de-cuero-para-mujer-bolso-de-cuero-hecho-a-mano-bolso-cuero-grabado-bolso-cuero-hombre-artesanal-bolso-cuero-hecho-a-mano-bolsos-cuero-y-kilim","10":"product_tag-mochila-clasica-marroqui","11":"product_tag-mochila-cuero","12":"product_tag-mochila-cuero-marroqui","13":"product_tag-mochila-dos-cremalleras-marroqui","14":"product_tag-mochila-hecho-a-mano","15":"product_tag-mochila-lisa-marroqui","16":"product_tag-mochila-marruecos","17":"product_tag-mochila-tres-bolsillos-marroqui","18":"product_tag-mochilas","20":"first","21":"instock","22":"shipping-taxable","23":"purchasable","24":"product-type-simple","25":"add-to-wishlist-after_add_to_cart","26":"layout-style-1","27":"col-md-4 col-sm-4 col-xs-6","28":"col-lg-3","29":"product-has-gallery","30":"product-style-default"},"aioseo_notices":[],"_links":{"self":[{"href":"https:\/\/www.ibagsbelts.com\/tienda\/wp-json\/wp\/v2\/product\/5949","targetHints":{"allow":["GET"]}}],"collection":[{"href":"https:\/\/www.ibagsbelts.com\/tienda\/wp-json\/wp\/v2\/product"}],"about":[{"href":"https:\/\/www.ibagsbelts.com\/tienda\/wp-json\/wp\/v2\/types\/product"}],"replies":[{"embeddable":true,"href":"https:\/\/www.ibagsbelts.com\/tienda\/wp-json\/wp\/v2\/comments?post=5949"}],"wp:featuredmedia":[{"embeddable":true,"href":"https:\/\/www.ibagsbelts.com\/tienda\/wp-json\/wp\/v2\/media\/5953"}],"wp:attachment":[{"href":"https:\/\/www.ibagsbelts.com\/tienda\/wp-json\/wp\/v2\/media?parent=5949"}],"wp:term":[{"taxonomy":"product_brand","embeddable":true,"href":"https:\/\/www.ibagsbelts.com\/tienda\/wp-json\/wp\/v2\/product_brand?post=5949"},{"taxonomy":"product_cat","embeddable":true,"href":"https:\/\/www.ibagsbelts.com\/tienda\/wp-json\/wp\/v2\/product_cat?post=5949"},{"taxonomy":"product_tag","embeddable":true,"href":"https:\/\/www.ibagsbelts.com\/tienda\/wp-json\/wp\/v2\/product_tag?post=5949"}],"curies":[{"name":"wp","href":"https:\/\/api.w.org\/{rel}","templated":true}]}}