{"id":6088,"date":"2019-11-25T12:14:28","date_gmt":"2019-11-25T11:14:28","guid":{"rendered":"https:\/\/www.ibagsbelts.com\/tienda\/?post_type=product&#038;p=6088"},"modified":"2026-03-15T19:49:14","modified_gmt":"2026-03-15T18:49:14","slug":"cinturon-bohochic-beige","status":"publish","type":"product","link":"https:\/\/www.ibagsbelts.com\/tienda\/producto\/cinturon-bohochic-beige\/","title":{"rendered":"Cintur\u00f3n de cuero bohochic color beige"},"content":{"rendered":"<p>Este cintur\u00f3n de cuero que has descrito parece ser una elecci\u00f3n llamativa y vers\u00e1til para a\u00f1adir un toque distintivo a tu atuendo. Aqu\u00ed hay algunos puntos clave:<\/p>\n<ol>\n<li><strong>Correa ancha con tachas:<\/strong> La correa ancha y las tachas le dan un toque audaz y llamativo, lo que puede ser ideal para realzar un vestido o blus\u00f3n.<\/li>\n<li><strong>Hebilla en metal y detalle central:<\/strong> La hebilla en metal y el detalle central a\u00f1aden elementos de dise\u00f1o que pueden hacer que el cintur\u00f3n sea m\u00e1s elegante o distintivo.<\/li>\n<li><strong>Cierre ajustable:<\/strong> El hecho de que el cierre sea ajustable permite que sea vers\u00e1til y pueda adaptarse a diferentes tallas, ya sea que lo uses en la cintura o en las caderas.<\/li>\n<li><strong>Medidas espec\u00edficas:<\/strong> Proporcionar medidas espec\u00edficas (7 cm de ancho y un largo m\u00e1ximo de 100 cm) es \u00fatil para que las personas puedan determinar si se adapta a sus necesidades y preferencias.<\/li>\n<li><strong>Composici\u00f3n detallada:<\/strong> La especificaci\u00f3n de que la correa est\u00e1 hecha del 100% de cuero y la hebilla es de aleaci\u00f3n de metales brinda informaci\u00f3n valiosa sobre la calidad y los materiales utilizados.<\/li>\n<\/ol>\n<p>En general, parece ser una opci\u00f3n de moda que puede complementar una variedad de estilos y prendas. \u00bfHay algo m\u00e1s que te gustar\u00eda saber o discutir sobre este cintur\u00f3n?<\/p>\n<p style=\"text-align: left;\"><strong>Aviso importante<\/strong><\/p>\n<p>Todos nuestros productos de cuero est\u00e1n hechos a mano y su nuevo bolso de cuero puede estar sujeta a una variaci\u00f3n natural en tama\u00f1o y color.<\/p>\n<p>Las pieles utilizadas han sido procesadas y curtidas en una de las curtidur\u00edas m\u00e1s antiguas utilizando t\u00e9cnicas centenarias para dar al cuero acabado un aspecto antiguo \/ vintage.<br \/>\nPara los tama\u00f1os, permita 1-2 cm diferencia debido a la medida manual.<br \/>\nLas im\u00e1genes son 100% reales.<br \/>\nDebido al monitor del ordenador y el brillo real de la toma y otras razones, habr\u00e1 una cierta diferencia de color.<\/p>\n<!-- AddThis Advanced Settings generic via filter on the_content --><!-- AddThis Share Buttons generic via filter on the_content -->","protected":false},"excerpt":{"rendered":"<h2>Este cintur\u00f3n de cuero que has descrito parece ser una elecci\u00f3n llamativa y vers\u00e1til para a\u00f1adir un toque distintivo a tu atuendo.<\/h2>\n<h3>La correa ancha y las tachas le dan un toque audaz y llamativo, lo que puede ser ideal para realzar un vestido o blus\u00f3n.\u00a0La hebilla en metal y el detalle central a\u00f1aden elementos de dise\u00f1o que pueden hacer que el cintur\u00f3n sea m\u00e1s elegante o distintivo.<\/h3>\n<h4>El hecho de que el cierre sea ajustable permite que sea vers\u00e1til y pueda adaptarse a diferentes tallas, ya sea que lo uses en la cintura o en las caderas.<\/h4>\n<h4>Proporcionar medidas espec\u00edficas (7 cm de ancho y un largo m\u00e1ximo de 100 cm) es \u00fatil para que las personas puedan determinar si se adapta a sus necesidades y preferencias.<\/h4>\n<p><strong style=\"color: #23232c;\">\u00bfAlguna duda? Ponte en contacto con nosotros a trav\u00e9s del bot\u00f3n del chat directo por whatsApp y te resolveremos las dudas al instante!<\/strong><!-- AddThis Advanced Settings generic via filter on get_the_excerpt --><!-- AddThis Share Buttons generic via filter on get_the_excerpt --><\/p>\n","protected":false},"featured_media":6089,"comment_status":"open","ping_status":"closed","template":"","meta":{"om_disable_all_campaigns":false,"_monsterinsights_skip_tracking":false,"_monsterinsights_sitenote_active":false,"_monsterinsights_sitenote_note":"","_monsterinsights_sitenote_category":0,"_uf_show_specific_survey":0,"_uf_disable_surveys":false},"product_brand":[1217],"product_cat":[393,951],"product_tag":[1139,1087,290,889,258,332,340,341,264,335,337,333,1089,1034,744],"class_list":{"0":"post-6088","1":"product","2":"type-product","3":"status-publish","4":"has-post-thumbnail","6":"product_brand-ibags-belts","7":"product_cat-cinturon-con-tachas","8":"product_cat-fajin","9":"product_tag-cinta","10":"product_tag-cinto","11":"product_tag-cinturon","12":"product_tag-cinturon-asta","13":"product_tag-cinturon-cuero-cowboy-cinturon-cuero-de-vaca-cinturon-de-cuero-artesanal-bolso-de-cuero-cinturon-cuero-para-hombre-cinturon-para-mujer","14":"product_tag-cinturon-cuero","15":"product_tag-cinturon-cuero-ancho-bohemian","16":"product_tag-cinturon-cuero-boho-chic","17":"product_tag-cinturon-cuero-de-vaca-cuero-de-cuero-cinturon-de-cuero-chapa","18":"product_tag-cinturon-cuero-natural","19":"product_tag-cinturon-cuero-tachas","20":"product_tag-cinturon-cuero-vaca","21":"product_tag-cinturon-piel","22":"product_tag-cinturones","23":"product_tag-estilo-bohochic","25":"first","26":"instock","27":"shipping-taxable","28":"purchasable","29":"product-type-simple","30":"add-to-wishlist-after_add_to_cart","31":"layout-style-1","32":"col-md-4 col-sm-4 col-xs-6","33":"col-lg-3","34":"product-has-gallery","35":"product-style-default"},"aioseo_notices":[],"_links":{"self":[{"href":"https:\/\/www.ibagsbelts.com\/tienda\/wp-json\/wp\/v2\/product\/6088","targetHints":{"allow":["GET"]}}],"collection":[{"href":"https:\/\/www.ibagsbelts.com\/tienda\/wp-json\/wp\/v2\/product"}],"about":[{"href":"https:\/\/www.ibagsbelts.com\/tienda\/wp-json\/wp\/v2\/types\/product"}],"replies":[{"embeddable":true,"href":"https:\/\/www.ibagsbelts.com\/tienda\/wp-json\/wp\/v2\/comments?post=6088"}],"wp:featuredmedia":[{"embeddable":true,"href":"https:\/\/www.ibagsbelts.com\/tienda\/wp-json\/wp\/v2\/media\/6089"}],"wp:attachment":[{"href":"https:\/\/www.ibagsbelts.com\/tienda\/wp-json\/wp\/v2\/media?parent=6088"}],"wp:term":[{"taxonomy":"product_brand","embeddable":true,"href":"https:\/\/www.ibagsbelts.com\/tienda\/wp-json\/wp\/v2\/product_brand?post=6088"},{"taxonomy":"product_cat","embeddable":true,"href":"https:\/\/www.ibagsbelts.com\/tienda\/wp-json\/wp\/v2\/product_cat?post=6088"},{"taxonomy":"product_tag","embeddable":true,"href":"https:\/\/www.ibagsbelts.com\/tienda\/wp-json\/wp\/v2\/product_tag?post=6088"}],"curies":[{"name":"wp","href":"https:\/\/api.w.org\/{rel}","templated":true}]}}