{"id":6184,"date":"2019-12-12T12:28:53","date_gmt":"2019-12-12T11:28:53","guid":{"rendered":"https:\/\/www.ibagsbelts.com\/tienda\/?post_type=product&#038;p=6184"},"modified":"2026-03-15T19:44:53","modified_gmt":"2026-03-15T18:44:53","slug":"bolso-bandolera-liso","status":"publish","type":"product","link":"https:\/\/www.ibagsbelts.com\/tienda\/producto\/bolso-bandolera-liso\/","title":{"rendered":"Bolso bandolera taupe liso con cadena dorada"},"content":{"rendered":"<p class=\"p1\"><b>Elegancia Minimalista<\/b><\/p>\n<p class=\"p1\">Este bolso de mano destaca por su dise\u00f1o sofisticado y vers\u00e1til. Fabricado en piel texturizada de alta calidad en un elegante tono elegante, combina a la perfecci\u00f3n con cualquier look. Su cadena dorada desmontable aporta un toque de glamour y permite llevarlo c\u00f3modamente al hombro o como clutch.<\/p>\n<p class=\"p1\">Cuenta con cierre superior de cremallera para mayor seguridad y un interior espacioso para tus esenciales diarios. Ideal para ocasiones especiales o para dar un toque chic a tu outfit cotidiano.<\/p>\n<p class=\"p1\"><b>Medidas:<\/b> 26 cm de ancho x 5 cm de fondo x 16 cm de alto.<\/p>\n<p><strong>Aviso importante<\/strong><\/p>\n<p>Todos nuestros productos de cuero est\u00e1n hechos a mano y su nueva bolsa de cuero puede estar sujeta a una variaci\u00f3n natural en tama\u00f1o y color.<br \/>\nPara los tama\u00f1os, permita 1-2 cm difiere debido a la medida manual.<br \/>\nLas im\u00e1genes son 100% reales.<br \/>\nDebido al monitor del ordenador y el brillo real de la toma y otras razones, habr\u00e1 una cierta diferencia de color.<\/p>\n<h5><strong>\u00bfAlguna duda? Ponte en contacto con nosotros a trav\u00e9s del bot\u00f3n del chat directo por whats app y te resolveremos las dudas al instante!<\/strong><\/h5>\n<!-- AddThis Advanced Settings generic via filter on the_content --><!-- AddThis Share Buttons generic via filter on the_content -->","protected":false},"excerpt":{"rendered":"<p class=\"p1\"><b>Elegancia Minimalista<\/b><\/p>\n<p class=\"p1\">Este bolso de mano destaca por su dise\u00f1o sofisticado y vers\u00e1til. Fabricado en piel texturizada de alta calidad en un elegante tono, combina a la perfecci\u00f3n con cualquier look. Su cadena dorada desmontable aporta un toque de glamour y permite llevarlo c\u00f3modamente al hombro o como clutch.<\/p>\n<p class=\"p1\">Cuenta con cierre superior de cremallera para mayor seguridad y un interior espacioso para tus esenciales diarios. Ideal para ocasiones especiales o para dar un toque chic a tu outfit cotidiano.<\/p>\n<p class=\"p1\"><b>Medidas:<\/b> 26 cm de ancho x 5 cm de fondo x 16 cm de alto.<\/p>\n<h5><strong>Alguna duda? Ponte en contacto con nosotros a trav\u00e9s del bot\u00f3n del chat directo por WhatsApp y te resolveremos las dudas al instante!<\/strong><\/h5>\n<p><!-- AddThis Advanced Settings generic via filter on get_the_excerpt --><!-- AddThis Share Buttons generic via filter on get_the_excerpt --><\/p>\n","protected":false},"featured_media":36820,"comment_status":"open","ping_status":"closed","template":"","meta":{"om_disable_all_campaigns":false,"_monsterinsights_skip_tracking":false,"_monsterinsights_sitenote_active":false,"_monsterinsights_sitenote_note":"","_monsterinsights_sitenote_category":0,"_uf_show_specific_survey":0,"_uf_disable_surveys":false},"product_brand":[1217],"product_cat":[240,40],"product_tag":[1135,301,877,266,299,778,255,823,1036,727,302,281,1102],"class_list":{"0":"post-6184","1":"product","2":"type-product","3":"status-publish","4":"has-post-thumbnail","6":"product_brand-ibags-belts","7":"product_cat-bolsos-bandoleras-de-cuero-artesanal","8":"product_cat-bolsos-de-hombro","9":"product_tag-accesorios-y-complementos","10":"product_tag-bandolera","11":"product_tag-bandoleras","12":"product_tag-bolso-bohemian-bolso-cuero-repujado-bolsos-cuero-retro-bolso-shopper-cuero-bolso-cuero-trenzado-bolso-cuero-troquelado","13":"product_tag-bolso-cuero","14":"product_tag-bolso-cuero-de-vaca","15":"product_tag-bolso-cuero-mujer","16":"product_tag-bolso-piel","17":"product_tag-bolso-piel-italiano","18":"product_tag-bolsos-bandoleras-cuero","19":"product_tag-bolsos-de-cuero","20":"product_tag-bolso-bohemian-bolso-cuero-para-hombre-bolso-cuero-repujado-bolsos-cuero-retro-bolso-shopper-cuero-bolso-cuero-trenzado-bolso-cuero-troquelado-bolso-cuero-vaca-bolso-cuero-viaje-hombre","21":"product_tag-piel","23":"first","24":"instock","25":"shipping-taxable","26":"purchasable","27":"product-type-simple","28":"add-to-wishlist-after_add_to_cart","29":"layout-style-1","30":"col-md-4 col-sm-4 col-xs-6","31":"col-lg-3","32":"product-has-gallery","33":"product-style-default"},"aioseo_notices":[],"_links":{"self":[{"href":"https:\/\/www.ibagsbelts.com\/tienda\/wp-json\/wp\/v2\/product\/6184","targetHints":{"allow":["GET"]}}],"collection":[{"href":"https:\/\/www.ibagsbelts.com\/tienda\/wp-json\/wp\/v2\/product"}],"about":[{"href":"https:\/\/www.ibagsbelts.com\/tienda\/wp-json\/wp\/v2\/types\/product"}],"replies":[{"embeddable":true,"href":"https:\/\/www.ibagsbelts.com\/tienda\/wp-json\/wp\/v2\/comments?post=6184"}],"wp:featuredmedia":[{"embeddable":true,"href":"https:\/\/www.ibagsbelts.com\/tienda\/wp-json\/wp\/v2\/media\/36820"}],"wp:attachment":[{"href":"https:\/\/www.ibagsbelts.com\/tienda\/wp-json\/wp\/v2\/media?parent=6184"}],"wp:term":[{"taxonomy":"product_brand","embeddable":true,"href":"https:\/\/www.ibagsbelts.com\/tienda\/wp-json\/wp\/v2\/product_brand?post=6184"},{"taxonomy":"product_cat","embeddable":true,"href":"https:\/\/www.ibagsbelts.com\/tienda\/wp-json\/wp\/v2\/product_cat?post=6184"},{"taxonomy":"product_tag","embeddable":true,"href":"https:\/\/www.ibagsbelts.com\/tienda\/wp-json\/wp\/v2\/product_tag?post=6184"}],"curies":[{"name":"wp","href":"https:\/\/api.w.org\/{rel}","templated":true}]}}