{"id":6195,"date":"2019-12-12T13:14:11","date_gmt":"2019-12-12T12:14:11","guid":{"rendered":"https:\/\/www.ibagsbelts.com\/tienda\/?post_type=product&#038;p=6195"},"modified":"2026-03-15T19:43:48","modified_gmt":"2026-03-15T18:43:48","slug":"rinonera-moto-negra","status":"publish","type":"product","link":"https:\/\/www.ibagsbelts.com\/tienda\/producto\/rinonera-moto-negra\/","title":{"rendered":"Ri\u00f1onera de cuero para moto negra Dakota"},"content":{"rendered":"<p style=\"text-align: left;\">La ri\u00f1onera de cuero artesanal en color negro parece ser una opci\u00f3n atractiva y funcional, especialmente dise\u00f1ada para moteros y eventos como festivales. Aqu\u00ed hay algunas caracter\u00edsticas destacadas:<\/p>\n<ol style=\"text-align: left;\">\n<li>\n<p style=\"text-align: left;\"><strong>Unisex y ideal para moteros:<\/strong> El dise\u00f1o unisex y la menci\u00f3n espec\u00edfica de ser ideal para moteros sugieren que est\u00e1 pensada para un p\u00fablico amplio, con un enfoque en la funcionalidad mientras se conduce una motocicleta.<\/p>\n<\/li>\n<li style=\"text-align: left;\"><strong>Sujeci\u00f3n a la cintura y la pierna:<\/strong> La ri\u00f1onera se sujeta tanto a la cintura como a la pierna para garantizar un ajuste seguro. Esto es crucial para la comodidad y la seguridad durante paseos en moto.<\/li>\n<li style=\"text-align: left;\"><strong>Perfecta para festivales:<\/strong> La ri\u00f1onera se presenta como la compa\u00f1era perfecta para festivales al proporcionar libertad, seguridad y comodidad. La capacidad para llevar elementos b\u00e1sicos como billetera, smartphone y llaves resalta su utilidad en eventos festivos.<\/li>\n<li style=\"text-align: left;\"><strong>Espacio para lo esencial:<\/strong> La menci\u00f3n de que puedes llevar lo b\u00e1sico, como la billetera, smartphone y llaves, enfatiza la practicidad de la ri\u00f1onera.<\/li>\n<li style=\"text-align: left;\"><strong>Variedad en la secci\u00f3n:<\/strong> La sugerencia de mirar en una secci\u00f3n espec\u00edfica para encontrar la favorita sugiere que hay variedad en t\u00e9rminos de dise\u00f1o y estilo.<\/li>\n<\/ol>\n<p style=\"text-align: left;\">En resumen, esta ri\u00f1onera parece ser una opci\u00f3n vers\u00e1til y a la moda, especialmente dise\u00f1ada para aquellos que disfrutan de paseos en moto y eventos festivos. \u00bfHay algo m\u00e1s espec\u00edfico que te gustar\u00eda saber sobre esta ri\u00f1onera?<\/p>\n<p style=\"text-align: left;\"><strong>Aviso importante<\/strong><\/p>\n<p style=\"text-align: left;\">Todos nuestros productos de cuero est\u00e1n hechos a mano y su nueva bolsa de cuero puede estar sujeta a una variaci\u00f3n natural en tama\u00f1o y color.<br \/>\nPara los tama\u00f1os, permita 1-2 cm difiere debido a la medida manual.<br \/>\nLas im\u00e1genes son 100% reales.<br \/>\nDebido al monitor del ordenador y el brillo real de la toma y otras razones, habr\u00e1 una cierta diferencia de color.<\/p>\n<!-- AddThis Advanced Settings generic via filter on the_content --><!-- AddThis Share Buttons generic via filter on the_content -->","protected":false},"excerpt":{"rendered":"<h2>Ri\u00f1onera de cuero artesanal en color negro.\u00a0Unisex ideal para ir en moto en cualquier estaci\u00f3n del a\u00f1o.<\/h2>\n<h3>\u00a0Ri\u00f1onera para moteros que se sujeta a la cintura y a la pierna para que quede bien sujeta,\u00a0si te gusta ir de festivales la ri\u00f1onera es la mejor aliada ya que te brinda lo que estas buscando libertad, seguridad y comodidad.<br \/>\nEn ella puedes llevar lo b\u00e1sico como tu billetera , smartfone , tus llaves y a disfrutar de d\u00edas inolvidables.<\/h3>\n<h4>Dimensiones \u00a034 cm X 28 cm X 5 cm<\/h4>\n<div class=\"woocommerce-product-details__short-description\">\n<div class=\"woocommerce-product-details__short-description\">\n<h5><strong>\u00bfAlguna duda? Ponte en contacto con nosotros a trav\u00e9s del bot\u00f3n del chat directo por whatsApp y te resolveremos las dudas al instante!<\/strong><\/h5>\n<\/div>\n<\/div>\n<p><!-- AddThis Advanced Settings generic via filter on get_the_excerpt --><!-- AddThis Share Buttons generic via filter on get_the_excerpt --><\/p>\n","protected":false},"featured_media":6197,"comment_status":"open","ping_status":"closed","template":"","meta":{"om_disable_all_campaigns":false,"_monsterinsights_skip_tracking":false,"_monsterinsights_sitenote_active":false,"_monsterinsights_sitenote_note":"","_monsterinsights_sitenote_category":0,"_uf_show_specific_survey":0,"_uf_disable_surveys":false},"product_brand":[1217],"product_cat":[950],"product_tag":[1096,1042,1033,877,1049,354,1118,795,1149,793,890,1129],"class_list":{"0":"post-6195","1":"product","2":"type-product","3":"status-publish","4":"has-post-thumbnail","6":"product_brand-ibags-belts","7":"product_cat-rinoneras","8":"product_tag-artesania","9":"product_tag-banana","10":"product_tag-bananas","11":"product_tag-bandoleras","12":"product_tag-bolsos-remaches","13":"product_tag-mochila-moto-cuero","14":"product_tag-remaches","15":"product_tag-rinonera-cuero","16":"product_tag-rinonera-moto","17":"product_tag-rinoneras","18":"product_tag-rock","19":"product_tag-tachas","21":"first","22":"outofstock","23":"featured","24":"shipping-taxable","25":"purchasable","26":"product-type-simple","27":"add-to-wishlist-after_add_to_cart","28":"layout-style-1","29":"col-md-4 col-sm-4 col-xs-6","30":"col-lg-3","31":"product-has-gallery","32":"product-style-default"},"aioseo_notices":[],"_links":{"self":[{"href":"https:\/\/www.ibagsbelts.com\/tienda\/wp-json\/wp\/v2\/product\/6195","targetHints":{"allow":["GET"]}}],"collection":[{"href":"https:\/\/www.ibagsbelts.com\/tienda\/wp-json\/wp\/v2\/product"}],"about":[{"href":"https:\/\/www.ibagsbelts.com\/tienda\/wp-json\/wp\/v2\/types\/product"}],"replies":[{"embeddable":true,"href":"https:\/\/www.ibagsbelts.com\/tienda\/wp-json\/wp\/v2\/comments?post=6195"}],"wp:featuredmedia":[{"embeddable":true,"href":"https:\/\/www.ibagsbelts.com\/tienda\/wp-json\/wp\/v2\/media\/6197"}],"wp:attachment":[{"href":"https:\/\/www.ibagsbelts.com\/tienda\/wp-json\/wp\/v2\/media?parent=6195"}],"wp:term":[{"taxonomy":"product_brand","embeddable":true,"href":"https:\/\/www.ibagsbelts.com\/tienda\/wp-json\/wp\/v2\/product_brand?post=6195"},{"taxonomy":"product_cat","embeddable":true,"href":"https:\/\/www.ibagsbelts.com\/tienda\/wp-json\/wp\/v2\/product_cat?post=6195"},{"taxonomy":"product_tag","embeddable":true,"href":"https:\/\/www.ibagsbelts.com\/tienda\/wp-json\/wp\/v2\/product_tag?post=6195"}],"curies":[{"name":"wp","href":"https:\/\/api.w.org\/{rel}","templated":true}]}}