{"id":6201,"date":"2019-12-12T18:03:53","date_gmt":"2019-12-12T17:03:53","guid":{"rendered":"https:\/\/www.ibagsbelts.com\/tienda\/?post_type=product&#038;p=6201"},"modified":"2026-03-15T19:43:20","modified_gmt":"2026-03-15T18:43:20","slug":"maleta-de-viaje-pequeno","status":"publish","type":"product","link":"https:\/\/www.ibagsbelts.com\/tienda\/producto\/maleta-de-viaje-pequeno\/","title":{"rendered":"Maleta bolsa viaje o equipaje de cuero Piel  de viaje peque\u00f1o"},"content":{"rendered":"<p style=\"text-align: left;\">Este bolso de viaje parece ser una elecci\u00f3n vers\u00e1til y resistente. Aqu\u00ed hay algunas caracter\u00edsticas destacadas basadas en la descripci\u00f3n:<\/p>\n<ol style=\"text-align: left;\">\n<li><strong>Cuero de Vaca de Alta Calidad:<\/strong> El uso de cuero de vaca sugiere durabilidad y resistencia, haciendo que el bolso sea adecuado tanto para viajes como para usarlo en el gimnasio.<\/li>\n<li><strong>Proceso de Alta Calidad:<\/strong> La menci\u00f3n de un procesamiento de alta calidad implica que se ha prestado atenci\u00f3n a los detalles durante la fabricaci\u00f3n.<\/li>\n<li><strong>Amplio Compartimento Interior:<\/strong> Ideal para empacar ropa de fin de semana, art\u00edculos de gimnasio u otros elementos esenciales, lo que hace que sea un compa\u00f1ero pr\u00e1ctico.<\/li>\n<li><strong>Transformaci\u00f3n Vers\u00e1til:<\/strong> La capacidad de transformarse de una bolsa de viaje a una bolsa de ocio sugiere versatilidad en su uso.<\/li>\n<li><strong>Elegancia Cl\u00e1sica y Versatilidad:<\/strong> La descripci\u00f3n sugiere que este bolso es elegante y vers\u00e1til, adecuado para varias ocasiones.<\/li>\n<li><strong>Aspecto Vintage:<\/strong> La combinaci\u00f3n de elegancia cl\u00e1sica con un toque vintage agrega un atractivo estil\u00edstico.<\/li>\n<li><strong>Generoso Espacio:<\/strong> La referencia a un generoso espacio interior es beneficioso para aquellos que necesitan llevar muchos elementos esenciales.<\/li>\n<li><strong>Resistente para Viajes y Uso Diario:<\/strong> La resistencia del cuero y el dise\u00f1o sugieren que es adecuado tanto para viajes como para el uso diario.<\/li>\n<\/ol>\n<p style=\"text-align: left;\">\u00bfHay algo m\u00e1s espec\u00edfico que te gustar\u00eda saber sobre este bolso de viaje o necesitas ayuda con otra cosa?<\/p>\n<p style=\"text-align: left;\"><strong>Aviso importante<\/strong><\/p>\n<p style=\"text-align: left;\">Todos nuestros productos de cuero puede estar sujeta a una variaci\u00f3n natural en tama\u00f1o y color.<\/p>\n<p style=\"text-align: left;\">Las pieles utilizadas han sido procesadas y curtidas utilizando t\u00e9cnicas centenarias para dar al cuero acabado un aspecto antiguo \/ vintage.<br \/>\nPara los tama\u00f1os, permita 1-2 cm diferencia debido a la medida manual.<br \/>\nLas im\u00e1genes son 100% reales.<br \/>\nDebido al monitor del ordenador y el brillo real de la toma y otras razones, habr\u00e1 una cierta diferencia de color.<\/p>\n<!-- AddThis Advanced Settings generic via filter on the_content --><!-- AddThis Share Buttons generic via filter on the_content -->","protected":false},"excerpt":{"rendered":"<h2>Bolso de viaje o para el GYM su originalidad y gran resistencia que te brinda este bolso de viaje, es el compa\u00f1ero.<\/h2>\n<h3>Una bolsa de viaje para salir un fin de semana que tambi\u00e9n se puede transformar en una bolsa de ocio. La bolsa de viaje est\u00e1 fabricado de cuero de vaca con un procesado de alta calidad, por su elegancia cl\u00e1sica y su versatilidad.<\/h3>\n<div class=\"woocommerce-product-details__short-description\">\n<div class=\"woocommerce-product-details__short-description\">\n<h5><strong>\u00bfAlguna duda? Ponte en contacto con nosotros a trav\u00e9s del bot\u00f3n del chat directo por whatsApp y te resolveremos las dudas al instante!<\/strong><\/h5>\n<\/div>\n<\/div>\n<p><!-- AddThis Advanced Settings generic via filter on get_the_excerpt --><!-- AddThis Share Buttons generic via filter on get_the_excerpt --><\/p>\n","protected":false},"featured_media":6202,"comment_status":"open","ping_status":"closed","template":"","meta":{"om_disable_all_campaigns":false,"_monsterinsights_skip_tracking":false,"_monsterinsights_sitenote_active":false,"_monsterinsights_sitenote_note":"","_monsterinsights_sitenote_category":0,"_uf_show_specific_survey":0,"_uf_disable_surveys":false},"product_brand":[1217],"product_cat":[242,971],"product_tag":[877,305,294,353,319,738,279],"class_list":{"0":"post-6201","1":"product","2":"type-product","3":"status-publish","4":"has-post-thumbnail","6":"product_brand-ibags-belts","7":"product_cat-bolsos-de-viaje","8":"product_cat-hombre","9":"product_tag-bandoleras","10":"product_tag-bolso-cuero-artesanal","11":"product_tag-bolso-de-viaje","12":"product_tag-bolso-de-viaje-marroqui","13":"product_tag-bolso-viaje-cuero-marron","14":"product_tag-hippie","15":"product_tag-bolso-cuero-artesanal-hombre-bolso-cuero-boho-bolso-cuero-con-tachuelas-bolsos-cuero-caballero-bolso-cuero-de-hombre-bolso-cuero-de-viaje-bolso-cuero-de-vaca","17":"first","18":"instock","19":"shipping-taxable","20":"purchasable","21":"product-type-simple","22":"add-to-wishlist-after_add_to_cart","23":"layout-style-1","24":"col-md-4 col-sm-4 col-xs-6","25":"col-lg-3","26":"product-has-gallery","27":"product-style-default"},"aioseo_notices":[],"_links":{"self":[{"href":"https:\/\/www.ibagsbelts.com\/tienda\/wp-json\/wp\/v2\/product\/6201","targetHints":{"allow":["GET"]}}],"collection":[{"href":"https:\/\/www.ibagsbelts.com\/tienda\/wp-json\/wp\/v2\/product"}],"about":[{"href":"https:\/\/www.ibagsbelts.com\/tienda\/wp-json\/wp\/v2\/types\/product"}],"replies":[{"embeddable":true,"href":"https:\/\/www.ibagsbelts.com\/tienda\/wp-json\/wp\/v2\/comments?post=6201"}],"wp:featuredmedia":[{"embeddable":true,"href":"https:\/\/www.ibagsbelts.com\/tienda\/wp-json\/wp\/v2\/media\/6202"}],"wp:attachment":[{"href":"https:\/\/www.ibagsbelts.com\/tienda\/wp-json\/wp\/v2\/media?parent=6201"}],"wp:term":[{"taxonomy":"product_brand","embeddable":true,"href":"https:\/\/www.ibagsbelts.com\/tienda\/wp-json\/wp\/v2\/product_brand?post=6201"},{"taxonomy":"product_cat","embeddable":true,"href":"https:\/\/www.ibagsbelts.com\/tienda\/wp-json\/wp\/v2\/product_cat?post=6201"},{"taxonomy":"product_tag","embeddable":true,"href":"https:\/\/www.ibagsbelts.com\/tienda\/wp-json\/wp\/v2\/product_tag?post=6201"}],"curies":[{"name":"wp","href":"https:\/\/api.w.org\/{rel}","templated":true}]}}